{"id":7350,"date":"2025-02-10T08:28:41","date_gmt":"2025-02-10T07:28:41","guid":{"rendered":"https:\/\/www.selenium-medical.com\/?page_id=7350"},"modified":"2025-12-24T16:21:03","modified_gmt":"2025-12-24T15:21:03","slug":"calidad","status":"publish","type":"page","link":"https:\/\/www.selenium-medical.com\/es\/nuestra-empresa\/calidad\/","title":{"rendered":"Calidad"},"content":{"rendered":"<div class=\"wpb-content-wrapper\"><p>[vc_row][vc_column][vc_empty_space][\/vc_column][\/vc_row][vc_row gap=\u00bb35&#8243; content_placement=\u00bbtop\u00bb][vc_column width=\u00bb1\/2&#8243;][vc_single_image image=\u00bb1064&#8243; img_size=\u00bblarge\u00bb style=\u00bbvc_box_rounded\u00bb css=\u00bb\u00bb][\/vc_column][vc_column width=\u00bb1\/2&#8243;][vc_column_text css=\u00bb\u00bb el_class=\u00bbtitre-trait\u00bb]<\/p>\n<h2>Una prioridad en nuestras actividades diarias<\/h2>\n<p>En Selenium Medical, la calidad es una de nuestras principales prioridades. En un entorno exigente, mantener unos criterios de calidad rigurosos es indispensable para garantizar la seguridad de los pacientes y responder a las expectativas del sector.<\/p>\n<h3>Calidad avalada por nuestra experiencia<\/h3>\n<p>Con m\u00e1s de 15 a\u00f1os de experiencia, hemos adquirido un amplio conocimiento de las normas y reglamentaciones vigentes sobre los dispositivos m\u00e9dicos. Esta experiencia, respaldada por nuestra presencia internacional, nos permite responder a las m\u00e1s diversas exigencias y garantizar el estricto cumplimiento de las normas en los distintos mercados internacionales. Contamos con las certificaciones ISO 9001 e ISO 13485 y estamos registrados en la FDA y la ANVISA.[\/vc_column_text][\/vc_column][\/vc_row][vc_row gap=\u00bb35&#8243; content_placement=\u00bbtop\u00bb][vc_column width=\u00bb1\/2&#8243;][vc_column_text css=\u00bb\u00bb el_class=\u00bbtitre-trait\u00bb]<\/p>\n<h3>Un sistema de gesti\u00f3n de la calidad de gran eficacia<\/h3>\n<p>Nos avala un sistema de gesti\u00f3n de la calidad estructurado y eficaz, fruto del esfuerzo colectivo. Nuestro equipo de calidad se esfuerza por mejorar cada d\u00eda.<\/p>\n<p>Por eso vela por que todas las etapas, desde el dise\u00f1o hasta la producci\u00f3n, pasando por la industrializaci\u00f3n y el control final, se lleven a cabo en estricta conformidad con los procedimientos internos, las normas reglamentarias y las expectativas concretas de nuestros clientes.[\/vc_column_text][\/vc_column][vc_column width=\u00bb1\/2&#8243;][vc_single_image image=\u00bb1059&#8243; img_size=\u00bblarge\u00bb style=\u00bbvc_box_rounded\u00bb css=\u00bb\u00bb][\/vc_column][\/vc_row][vc_row full_width=\u00bbstretch_row\u00bb el_class=\u00bbfond-bleu\u00bb][vc_column][vc_empty_space height=\u00bb30px\u00bb][vc_column_text css=\u00bb\u00bb]<\/p>\n<h2 style=\"text-align: center;\">La seguridad de los pacientes es nuestra prioridad.<\/h2>\n<p>&nbsp;<\/p>\n<h2 style=\"text-align: center;\">En Selenium Medical, la calidad rige todas nuestras acciones. Este rigor hace que nuestro sistema de gesti\u00f3n de la calidad sea extremadamente eficaz y nos permita ofrecer a nuestros clientes una solidez en la que pueden confiar con total tranquilidad.<\/h2>\n<p>[\/vc_column_text][vc_empty_space height=\u00bb10px\u00bb][\/vc_column][\/vc_row][vc_row full_width=\u00bbstretch_row\u00bb disable_element=\u00bbyes\u00bb el_class=\u00bbfond-bleu\u00bb][vc_column width=\u00bb1\/12&#8243;][\/vc_column][vc_column width=\u00bb10\/12&#8243;][vc_empty_space height=\u00bb30px\u00bb][vc_column_text css=\u00bb\u00bb]<\/p>\n<h2 style=\"text-align: center;\">La s\u00e9curit\u00e9 des patients est notre priorit\u00e9.<\/h2>\n<h2 style=\"text-align: center;\">Chez Selenium Medical, la qualit\u00e9 guide naturellement chacune de nos actions. Notre rigueur rend notre Syst\u00e8me de Management de la Qualit\u00e9 particuli\u00e8rement performant, ce qui nous permet d\u2019offrir \u00e0 nos clients une base solide sur laquelle ils peuvent s\u2019appuyer en toute confiance.<\/h2>\n<p>[\/vc_column_text][vc_empty_space height=\u00bb10px\u00bb][\/vc_column][vc_column width=\u00bb1\/12&#8243;][\/vc_column][\/vc_row][vc_row full_width=\u00bbstretch_row\u00bb css=\u00bb.vc_custom_1739463651711{background-color: #ECF2FF !important;}\u00bb][vc_column][vc_empty_space height=\u00bb40px\u00bb][vc_column_text css=\u00bb\u00bb]<\/p>\n<h2 style=\"text-align: center;\">Nuestras certificaciones<\/h2>\n<p>[\/vc_column_text][\/vc_column][\/vc_row][vc_row full_width=\u00bbstretch_row\u00bb el_class=\u00bbrond-blanc\u00bb css=\u00bb.vc_custom_1739463643107{background-color: #ECF2FF !important;}\u00bb][vc_column width=\u00bb1\/3&#8243;][vc_single_image image=\u00bb5033&#8243; img_size=\u00bb180&#215;180&#8243; alignment=\u00bbcenter\u00bb css=\u00bb\u00bb][vc_btn title=\u00bbDescargar\u00bb style=\u00bbflat\u00bb align=\u00bbcenter\u00bb css=\u00bb\u00bb link=\u00bburl:https%3A%2F%2Fwww.selenium-medical.com%2Fes%2Frecursos%2F|title:Ressources\u00bb][\/vc_column][vc_column width=\u00bb1\/3&#8243;][vc_single_image image=\u00bb5048&#8243; img_size=\u00bb180&#215;180&#8243; alignment=\u00bbcenter\u00bb css=\u00bb\u00bb][vc_btn title=\u00bbDescargar\u00bb style=\u00bbflat\u00bb align=\u00bbcenter\u00bb css=\u00bb\u00bb link=\u00bburl:https%3A%2F%2Fwww.selenium-medical.com%2Fes%2Frecursos%2F|title:Ressources\u00bb][\/vc_column][vc_column width=\u00bb1\/3&#8243;][vc_single_image image=\u00bb129&#8243; img_size=\u00bb180&#215;180&#8243; alignment=\u00bbcenter\u00bb css=\u00bb\u00bb][vc_btn title=\u00bbDescargar\u00bb style=\u00bbflat\u00bb align=\u00bbcenter\u00bb css=\u00bb\u00bb link=\u00bburl:https%3A%2F%2Fwww.selenium-medical.com%2Fes%2Frecursos%2F|title:Ressources\u00bb][\/vc_column][\/vc_row][vc_row full_width=\u00bbstretch_row\u00bb css=\u00bb.vc_custom_1739463651711{background-color: #ECF2FF !important;}\u00bb][vc_column][vc_empty_space height=\u00bb40px\u00bb][\/vc_column][\/vc_row][vc_row][vc_column][vc_empty_space height=\u00bb40px\u00bb][\/vc_column][\/vc_row][vc_row css=\u00bb.vc_custom_1738751367647{background-image: url(https:\/\/www.selenium-medical.com\/wp-content\/uploads\/2025\/02\/background-decouvrez.png?id=633) !important;}\u00bb el_class=\u00bbdiscover-more\u00bb][vc_column][vc_column_text css=\u00bb\u00bb]<\/p>\n<h2 style=\"text-align: center;\">Descubra nuestras especialidades<\/h2>\n<p style=\"text-align: center;\">Amplia experiencia al servicio de su proyecto.<\/p>\n<p>[\/vc_column_text][vc_btn title=\u00bbVer nuestros servicios\u00bb align=\u00bbcenter\u00bb css=\u00bb\u00bb link=\u00bburl:https%3A%2F%2Fwww.selenium-medical.com%2Fes%2Fespecialidades%2F|title:Les%20m%C3%A9tiers\u00bb][\/vc_column][\/vc_row][vc_row][vc_column][vc_empty_space height=\u00bb40px\u00bb][\/vc_column][\/vc_row][vc_row full_width=\u00bbstretch_row\u00bb content_placement=\u00bbmiddle\u00bb css=\u00bb.vc_custom_1738676652411{background-color: #1952C2 !important;}\u00bb el_class=\u00bbfond-bleu\u00bb][vc_column width=\u00bb1\/2&#8243;][vc_column_text css=\u00bb\u00bb]<\/p>\n<h3>Juntos, estudiamos su proyecto<\/h3>\n<p>D\u00edganos lo que necesita, estamos a su disposici\u00f3n para ayudarle.[\/vc_column_text][\/vc_column][vc_column width=\u00bb1\/2&#8243;][vc_btn title=\u00bbCont\u00e1ctenos\u00bb align=\u00bbright\u00bb css=\u00bb\u00bb link=\u00bburl:https%3A%2F%2Fwww.selenium-medical.com%2Fes%2Fcontacto%2F|title:Contacto\u00bb][\/vc_column][\/vc_row]<\/p>\n<\/div>","protected":false},"excerpt":{"rendered":"<p>[vc_row][vc_column][vc_empty_space][\/vc_column][\/vc_row][vc_row gap=\u00bb35&#8243; content_placement=\u00bbtop\u00bb][vc_column width=\u00bb1\/2&#8243;][vc_single_image image=\u00bb1064&#8243; img_size=\u00bblarge\u00bb style=\u00bbvc_box_rounded\u00bb css=\u00bb\u00bb][\/vc_column][vc_column width=\u00bb1\/2&#8243;][vc_column_text css=\u00bb\u00bb el_class=\u00bbtitre-trait\u00bb] Una prioridad en nuestras actividades diarias En Selenium Medical, la calidad es una de nuestras principales prioridades. En un entorno exigente, mantener unos criterios de calidad rigurosos es indispensable para garantizar la seguridad de los pacientes y responder a las expectativas del sector. Calidad [&hellip;]<\/p>\n","protected":false},"author":2,"featured_media":5655,"parent":7331,"menu_order":0,"comment_status":"closed","ping_status":"closed","template":"","meta":{"_acf_changed":false,"inline_featured_image":false,"footnotes":""},"class_list":["post-7350","page","type-page","status-publish","has-post-thumbnail","hentry"],"acf":[],"yoast_head":"<!-- This site is optimized with the Yoast SEO plugin v27.4 - https:\/\/yoast.com\/product\/yoast-seo-wordpress\/ -->\n<title>Calidad - Selenium Medical<\/title>\n<meta name=\"robots\" content=\"index, follow, max-snippet:-1, max-image-preview:large, max-video-preview:-1\" \/>\n<link rel=\"canonical\" href=\"https:\/\/www.selenium-medical.com\/es\/nuestra-empresa\/calidad\/\" \/>\n<meta property=\"og:locale\" content=\"es_ES\" \/>\n<meta property=\"og:type\" content=\"article\" \/>\n<meta property=\"og:title\" content=\"Calidad - Selenium Medical\" \/>\n<meta property=\"og:description\" content=\"[vc_row][vc_column][vc_empty_space][\/vc_column][\/vc_row][vc_row gap=\u00bb35&#8243; content_placement=\u00bbtop\u00bb][vc_column width=\u00bb1\/2&#8243;][vc_single_image image=\u00bb1064&#8243; img_size=\u00bblarge\u00bb style=\u00bbvc_box_rounded\u00bb css=\u00bb\u00bb][\/vc_column][vc_column width=\u00bb1\/2&#8243;][vc_column_text css=\u00bb\u00bb el_class=\u00bbtitre-trait\u00bb] Una prioridad en nuestras actividades diarias En Selenium Medical, la calidad es una de nuestras principales prioridades. En un entorno exigente, mantener unos criterios de calidad rigurosos es indispensable para garantizar la seguridad de los pacientes y responder a las expectativas del sector. Calidad [&hellip;]\" \/>\n<meta property=\"og:url\" content=\"https:\/\/www.selenium-medical.com\/es\/nuestra-empresa\/calidad\/\" \/>\n<meta property=\"og:site_name\" content=\"Selenium Medical\" \/>\n<meta property=\"article:modified_time\" content=\"2025-12-24T15:21:03+00:00\" \/>\n<meta property=\"og:image\" content=\"https:\/\/www.selenium-medical.com\/wp-content\/uploads\/2025\/02\/AdobeStock_551606081-scaled.jpeg\" \/>\n\t<meta property=\"og:image:width\" content=\"2048\" \/>\n\t<meta property=\"og:image:height\" content=\"970\" \/>\n\t<meta property=\"og:image:type\" content=\"image\/jpeg\" \/>\n<meta name=\"twitter:card\" content=\"summary_large_image\" \/>\n<meta name=\"twitter:label1\" content=\"Tiempo de lectura\" \/>\n\t<meta name=\"twitter:data1\" content=\"4 minutos\" \/>\n<script type=\"application\/ld+json\" class=\"yoast-schema-graph\">{\"@context\":\"https:\\\/\\\/schema.org\",\"@graph\":[{\"@type\":\"WebPage\",\"@id\":\"https:\\\/\\\/www.selenium-medical.com\\\/es\\\/nuestra-empresa\\\/calidad\\\/\",\"url\":\"https:\\\/\\\/www.selenium-medical.com\\\/es\\\/nuestra-empresa\\\/calidad\\\/\",\"name\":\"Calidad - Selenium Medical\",\"isPartOf\":{\"@id\":\"https:\\\/\\\/www.selenium-medical.com\\\/es\\\/#website\"},\"primaryImageOfPage\":{\"@id\":\"https:\\\/\\\/www.selenium-medical.com\\\/es\\\/nuestra-empresa\\\/calidad\\\/#primaryimage\"},\"image\":{\"@id\":\"https:\\\/\\\/www.selenium-medical.com\\\/es\\\/nuestra-empresa\\\/calidad\\\/#primaryimage\"},\"thumbnailUrl\":\"https:\\\/\\\/www.selenium-medical.com\\\/wp-content\\\/uploads\\\/2025\\\/02\\\/AdobeStock_551606081-scaled.jpeg\",\"datePublished\":\"2025-02-10T07:28:41+00:00\",\"dateModified\":\"2025-12-24T15:21:03+00:00\",\"breadcrumb\":{\"@id\":\"https:\\\/\\\/www.selenium-medical.com\\\/es\\\/nuestra-empresa\\\/calidad\\\/#breadcrumb\"},\"inLanguage\":\"es\",\"potentialAction\":[{\"@type\":\"ReadAction\",\"target\":[\"https:\\\/\\\/www.selenium-medical.com\\\/es\\\/nuestra-empresa\\\/calidad\\\/\"]}]},{\"@type\":\"ImageObject\",\"inLanguage\":\"es\",\"@id\":\"https:\\\/\\\/www.selenium-medical.com\\\/es\\\/nuestra-empresa\\\/calidad\\\/#primaryimage\",\"url\":\"https:\\\/\\\/www.selenium-medical.com\\\/wp-content\\\/uploads\\\/2025\\\/02\\\/AdobeStock_551606081-scaled.jpeg\",\"contentUrl\":\"https:\\\/\\\/www.selenium-medical.com\\\/wp-content\\\/uploads\\\/2025\\\/02\\\/AdobeStock_551606081-scaled.jpeg\",\"width\":2048,\"height\":970,\"caption\":\"Certification and standardization process, iso certified business, conformity to international standards and quality assurance concept. Person touching certificate icon.\"},{\"@type\":\"BreadcrumbList\",\"@id\":\"https:\\\/\\\/www.selenium-medical.com\\\/es\\\/nuestra-empresa\\\/calidad\\\/#breadcrumb\",\"itemListElement\":[{\"@type\":\"ListItem\",\"position\":1,\"name\":\"Inicio\",\"item\":\"https:\\\/\\\/www.selenium-medical.com\\\/es\\\/\"},{\"@type\":\"ListItem\",\"position\":2,\"name\":\"Empresa\",\"item\":\"https:\\\/\\\/www.selenium-medical.com\\\/es\\\/nuestra-empresa\\\/\"},{\"@type\":\"ListItem\",\"position\":3,\"name\":\"Calidad\"}]},{\"@type\":\"WebSite\",\"@id\":\"https:\\\/\\\/www.selenium-medical.com\\\/es\\\/#website\",\"url\":\"https:\\\/\\\/www.selenium-medical.com\\\/es\\\/\",\"name\":\"Selenium Medical\",\"description\":\"\",\"potentialAction\":[{\"@type\":\"SearchAction\",\"target\":{\"@type\":\"EntryPoint\",\"urlTemplate\":\"https:\\\/\\\/www.selenium-medical.com\\\/es\\\/?s={search_term_string}\"},\"query-input\":{\"@type\":\"PropertyValueSpecification\",\"valueRequired\":true,\"valueName\":\"search_term_string\"}}],\"inLanguage\":\"es\"}]}<\/script>\n<!-- \/ Yoast SEO plugin. -->","yoast_head_json":{"title":"Calidad - Selenium Medical","robots":{"index":"index","follow":"follow","max-snippet":"max-snippet:-1","max-image-preview":"max-image-preview:large","max-video-preview":"max-video-preview:-1"},"canonical":"https:\/\/www.selenium-medical.com\/es\/nuestra-empresa\/calidad\/","og_locale":"es_ES","og_type":"article","og_title":"Calidad - Selenium Medical","og_description":"[vc_row][vc_column][vc_empty_space][\/vc_column][\/vc_row][vc_row gap=\u00bb35&#8243; content_placement=\u00bbtop\u00bb][vc_column width=\u00bb1\/2&#8243;][vc_single_image image=\u00bb1064&#8243; img_size=\u00bblarge\u00bb style=\u00bbvc_box_rounded\u00bb css=\u00bb\u00bb][\/vc_column][vc_column width=\u00bb1\/2&#8243;][vc_column_text css=\u00bb\u00bb el_class=\u00bbtitre-trait\u00bb] Una prioridad en nuestras actividades diarias En Selenium Medical, la calidad es una de nuestras principales prioridades. En un entorno exigente, mantener unos criterios de calidad rigurosos es indispensable para garantizar la seguridad de los pacientes y responder a las expectativas del sector. Calidad [&hellip;]","og_url":"https:\/\/www.selenium-medical.com\/es\/nuestra-empresa\/calidad\/","og_site_name":"Selenium Medical","article_modified_time":"2025-12-24T15:21:03+00:00","og_image":[{"width":2048,"height":970,"url":"https:\/\/www.selenium-medical.com\/wp-content\/uploads\/2025\/02\/AdobeStock_551606081-scaled.jpeg","type":"image\/jpeg"}],"twitter_card":"summary_large_image","twitter_misc":{"Tiempo de lectura":"4 minutos"},"schema":{"@context":"https:\/\/schema.org","@graph":[{"@type":"WebPage","@id":"https:\/\/www.selenium-medical.com\/es\/nuestra-empresa\/calidad\/","url":"https:\/\/www.selenium-medical.com\/es\/nuestra-empresa\/calidad\/","name":"Calidad - Selenium Medical","isPartOf":{"@id":"https:\/\/www.selenium-medical.com\/es\/#website"},"primaryImageOfPage":{"@id":"https:\/\/www.selenium-medical.com\/es\/nuestra-empresa\/calidad\/#primaryimage"},"image":{"@id":"https:\/\/www.selenium-medical.com\/es\/nuestra-empresa\/calidad\/#primaryimage"},"thumbnailUrl":"https:\/\/www.selenium-medical.com\/wp-content\/uploads\/2025\/02\/AdobeStock_551606081-scaled.jpeg","datePublished":"2025-02-10T07:28:41+00:00","dateModified":"2025-12-24T15:21:03+00:00","breadcrumb":{"@id":"https:\/\/www.selenium-medical.com\/es\/nuestra-empresa\/calidad\/#breadcrumb"},"inLanguage":"es","potentialAction":[{"@type":"ReadAction","target":["https:\/\/www.selenium-medical.com\/es\/nuestra-empresa\/calidad\/"]}]},{"@type":"ImageObject","inLanguage":"es","@id":"https:\/\/www.selenium-medical.com\/es\/nuestra-empresa\/calidad\/#primaryimage","url":"https:\/\/www.selenium-medical.com\/wp-content\/uploads\/2025\/02\/AdobeStock_551606081-scaled.jpeg","contentUrl":"https:\/\/www.selenium-medical.com\/wp-content\/uploads\/2025\/02\/AdobeStock_551606081-scaled.jpeg","width":2048,"height":970,"caption":"Certification and standardization process, iso certified business, conformity to international standards and quality assurance concept. Person touching certificate icon."},{"@type":"BreadcrumbList","@id":"https:\/\/www.selenium-medical.com\/es\/nuestra-empresa\/calidad\/#breadcrumb","itemListElement":[{"@type":"ListItem","position":1,"name":"Inicio","item":"https:\/\/www.selenium-medical.com\/es\/"},{"@type":"ListItem","position":2,"name":"Empresa","item":"https:\/\/www.selenium-medical.com\/es\/nuestra-empresa\/"},{"@type":"ListItem","position":3,"name":"Calidad"}]},{"@type":"WebSite","@id":"https:\/\/www.selenium-medical.com\/es\/#website","url":"https:\/\/www.selenium-medical.com\/es\/","name":"Selenium Medical","description":"","potentialAction":[{"@type":"SearchAction","target":{"@type":"EntryPoint","urlTemplate":"https:\/\/www.selenium-medical.com\/es\/?s={search_term_string}"},"query-input":{"@type":"PropertyValueSpecification","valueRequired":true,"valueName":"search_term_string"}}],"inLanguage":"es"}]}},"_links":{"self":[{"href":"https:\/\/www.selenium-medical.com\/es\/wp-json\/wp\/v2\/pages\/7350","targetHints":{"allow":["GET"]}}],"collection":[{"href":"https:\/\/www.selenium-medical.com\/es\/wp-json\/wp\/v2\/pages"}],"about":[{"href":"https:\/\/www.selenium-medical.com\/es\/wp-json\/wp\/v2\/types\/page"}],"author":[{"embeddable":true,"href":"https:\/\/www.selenium-medical.com\/es\/wp-json\/wp\/v2\/users\/2"}],"replies":[{"embeddable":true,"href":"https:\/\/www.selenium-medical.com\/es\/wp-json\/wp\/v2\/comments?post=7350"}],"version-history":[{"count":5,"href":"https:\/\/www.selenium-medical.com\/es\/wp-json\/wp\/v2\/pages\/7350\/revisions"}],"predecessor-version":[{"id":7523,"href":"https:\/\/www.selenium-medical.com\/es\/wp-json\/wp\/v2\/pages\/7350\/revisions\/7523"}],"up":[{"embeddable":true,"href":"https:\/\/www.selenium-medical.com\/es\/wp-json\/wp\/v2\/pages\/7331"}],"wp:featuredmedia":[{"embeddable":true,"href":"https:\/\/www.selenium-medical.com\/es\/wp-json\/wp\/v2\/media\/5655"}],"wp:attachment":[{"href":"https:\/\/www.selenium-medical.com\/es\/wp-json\/wp\/v2\/media?parent=7350"}],"curies":[{"name":"wp","href":"https:\/\/api.w.org\/{rel}","templated":true}]}}