{"id":7360,"date":"2025-02-04T08:36:12","date_gmt":"2025-02-04T07:36:12","guid":{"rendered":"https:\/\/www.selenium-medical.com\/?page_id=7360"},"modified":"2025-12-24T15:55:35","modified_gmt":"2025-12-24T14:55:35","slug":"envasado-esteril","status":"publish","type":"page","link":"https:\/\/www.selenium-medical.com\/es\/especialidades\/envasado-esteril\/","title":{"rendered":"Envasado est\u00e9ril"},"content":{"rendered":"<div class=\"wpb-content-wrapper\"><p>[vc_row gap=\u00bb35&#8243; content_placement=\u00bbmiddle\u00bb][vc_column width=\u00bb1\/2&#8243;][vc_single_image image=\u00bb4807&#8243; img_size=\u00bblarge\u00bb style=\u00bbvc_box_rounded\u00bb css=\u00bb\u00bb][\/vc_column][vc_column width=\u00bb1\/2&#8243;][vc_column_text css=\u00bb\u00bb el_class=\u00bbtitre-trait\u00bb]<\/p>\n<h2>Nuestro compromiso con el envasado de sus dispositivos m\u00e9dicos<\/h2>\n<p>Nos comprometemos a ofrecer dispositivos m\u00e9dicos fiables y seguros para garantizar el bienestar de los pacientes. Nuestra exigencia diaria y nuestra pol\u00edtica de buenas pr\u00e1cticas de fabricaci\u00f3n en el \u00e1mbito m\u00e9dico nos permiten encargarnos de los dispositivos m\u00e9dicos con el mismo cuidado por la calidad que nuestros clientes.<\/p>\n<h3>Garantizar la seguridad de sus dispositivos m\u00e9dicos<\/h3>\n<p>Gracias a nuestro perfecto dominio de todas las etapas fundamentales del envasado de sus dispositivos m\u00e9dicos, podemos garantizar su seguridad e integridad.<\/p>\n<p>Al intervenir en diversos sectores del mercado, somos conscientes de que las expectativas y preocupaciones de nuestros clientes var\u00edan en funci\u00f3n de las pr\u00e1cticas espec\u00edficas de cada \u00e1mbito y de los requisitos propios de cada dispositivo m\u00e9dico. Para satisfacer estas necesidades, actuamos con una gran agilidad para adaptarnos a la complejidad de los implantes y el instrumental quir\u00fargico, teniendo en cuenta la diversidad de materiales, las configuraciones y funcionalidades.[\/vc_column_text][\/vc_column][\/vc_row][vc_row equal_height=\u00bbyes\u00bb content_placement=\u00bbtop\u00bb el_class=\u00bbimgs-ligne\u00bb][vc_column][vc_single_image image=\u00bb4792&#8243; img_size=\u00bblarge\u00bb style=\u00bbvc_box_rounded\u00bb css=\u00bb\u00bb][vc_single_image image=\u00bb4812&#8243; img_size=\u00bblarge\u00bb style=\u00bbvc_box_rounded\u00bb css=\u00bb\u00bb][vc_single_image image=\u00bb4797&#8243; img_size=\u00bblarge\u00bb style=\u00bbvc_box_rounded\u00bb css=\u00bb\u00bb][\/vc_column][\/vc_row][vc_row][vc_column][vc_empty_space height=\u00bb50px\u00bb][\/vc_column][\/vc_row][vc_row full_width=\u00bbstretch_row\u00bb el_class=\u00bbfond-pale\u00bb css=\u00bb.vc_custom_1739963987689{background-color: #FFF8ED !important;}\u00bb][vc_column][vc_empty_space height=\u00bb50px\u00bb][vc_column_text css=\u00bb\u00bb]<\/p>\n<h2 style=\"text-align: center;\">Envasado de sus dispositivos m\u00e9dicos:<br \/>\ndesde la limpieza hasta la trazabilidad<\/h2>\n<p>[\/vc_column_text][vc_empty_space height=\u00bb30px\u00bb][vc_row_inner el_class=\u00bbtexte-blanc\u00bb][vc_column_inner width=\u00bb1\/2&#8243;][vc_column_text css=\u00bb\u00bb]<\/p>\n<h3>Limpieza y desinfecci\u00f3n<\/h3>\n<p>Limpiamos y desinfectamos sus dispositivos m\u00e9dicos para garantizar que cumplan con la normativa vigente.<\/p>\n<ul>\n<li>Programas de limpieza homologados seg\u00fan las normas ISO 19227 y ASTM.<\/li>\n<\/ul>\n<ul>\n<li>Tecnolog\u00eda de CO\u2082 supercr\u00edtico<\/li>\n<\/ul>\n<div><\/div>\n<p>[\/vc_column_text][vc_column_text css=\u00bb\u00bb]<\/p>\n<h3>Envasado<\/h3>\n<p>Nuestros equipos, certificados seg\u00fan la norma ISO 11607 y sujetos a un estricto control, nos permiten envasar sus dispositivos m\u00e9dicos en nuestras salas limpias ISO\u00a07 para garantizar su protecci\u00f3n con un envasado resistente y duradero.<\/p>\n<ul>\n<li>Bolsas y bl\u00edsteres estandarizados<\/li>\n<\/ul>\n<ul>\n<li>Bl\u00edsteres a medida y nuestra soluci\u00f3n de envasado <u>SoBliss<\/u>\u00ae.<\/li>\n<\/ul>\n<ul>\n<li>Accesorios hechos a medida.<\/li>\n<\/ul>\n<ul>\n<li>Nuestros estuches o soportes SoTab\u00ae, SoEasy\u00ae o SoKlean\u00ae hechos a medida.<\/li>\n<\/ul>\n<div><\/div>\n<div><\/div>\n<p>[\/vc_column_text][\/vc_column_inner][vc_column_inner width=\u00bb1\/2&#8243;][vc_column_text css=\u00bb\u00bb]<\/p>\n<h3>Ensamblaje y preparaci\u00f3n de kits<\/h3>\n<p>Gracias a las buenas pr\u00e1cticas de fabricaci\u00f3n establecidas, podemos realizar las operaciones de ensamblaje y la preparaci\u00f3n de kits para sus dispositivos m\u00e9dicos en nuestras salas limpias ISO 7.<\/p>\n<ul>\n<li>Ensamblaje por ultrasonido o adhesi\u00f3n<\/li>\n<\/ul>\n<ul>\n<li>Operaci\u00f3n de atornillado, engastado y mucho m\u00e1s.<\/li>\n<\/ul>\n<p>[\/vc_column_text][vc_column_text css=\u00bb\u00bb]<\/p>\n<h3>Trazabilidad<\/h3>\n<p>Garantizamos la trazabilidad completa de sus dispositivos m\u00e9dicos a lo largo de toda la cadena de producci\u00f3n, desde nuestras salas limpias hasta la fase de esterilizaci\u00f3n.<\/p>\n<ul>\n<li>Impresi\u00f3n de etiquetas estandarizadas o espec\u00edficas.<\/li>\n<\/ul>\n<ul>\n<li>C\u00f3digos QR y matriz de datos.<\/li>\n<\/ul>\n<ul>\n<li>Etiquetado de cajas personalizadas<span style=\"font-family: inherit;\">.\u00a0<\/span><\/li>\n<\/ul>\n<ul>\n<li>Suministro del certificado de trazabilidad.<\/li>\n<\/ul>\n<div>\n<ul>\n<li>Gesti\u00f3n de la esterilizaci\u00f3n GAMMA o ETO.<\/li>\n<\/ul>\n<\/div>\n<p>[\/vc_column_text][\/vc_column_inner][\/vc_row_inner][vc_empty_space height=\u00bb50px\u00bb][\/vc_column][\/vc_row][vc_row full_width=\u00bbstretch_row\u00bb el_class=\u00bbfond-bleu\u00bb css=\u00bb.vc_custom_1739266135336{padding-top: 45px !important;}\u00bb][vc_column][vc_column_text css=\u00bb\u00bb]<\/p>\n<h3 style=\"text-align: center;\">Como responsables de validaciones de limpieza, envasado y esterilizaci\u00f3n, proporcionamos fundamentos con una puntuaci\u00f3n adaptada para reducir el presupuesto de los ensayos y acelerar el tiempo transcurrido hasta la comercializaci\u00f3n. Tambi\u00e9n respondemos a sus necesidades espec\u00edficas: sistemas de ensamblaje, procesos especiales, log\u00edstica y suministro personalizado.<\/h3>\n<p>[\/vc_column_text][\/vc_column][\/vc_row][vc_row][vc_column][vc_empty_space][vc_empty_space][vc_column_text css=\u00bb\u00bb]<\/p>\n<h2 style=\"text-align: center;\">Descubra nuestras soluciones de envasado<\/h2>\n<p>[\/vc_column_text][\/vc_column][\/vc_row][vc_row gap=\u00bb25&#8243; equal_height=\u00bbyes\u00bb el_class=\u00bbcard-blanche produits-packaging\u00bb][vc_column width=\u00bb1\/3&#8243;][vc_single_image image=\u00bb5100&#8243; img_size=\u00bbmedium\u00bb css=\u00bb\u00bb el_class=\u00bblogo-innovation\u00bb][vc_empty_space height=\u00bb20&#8243;][vc_column_text css=\u00bb\u00bb]<\/p>\n<h3><span style=\"color: #0a2b6d;\">BL\u00cdSTER 2.0<\/span><br \/>\n<span style=\"color: #ffa013;\">DOBLE BARRERA<\/span><\/h3>\n<p>[\/vc_column_text][vc_btn title=\u00bbDescubrir nuestro producto\u00bb style=\u00bbflat\u00bb css=\u00bb\u00bb link=\u00bburl:https%3A%2F%2Fwww.selenium-medical.com%2Fes%2Finnovaciones%2Fsobliss%2F|title:SoBliss%20%C2%AE\u00bb][vc_raw_html css=\u00bb\u00bb]JTNDdmlkZW8lMjB3aWR0aCUzRCUyMjEwMCUyNSUyMiUyMGF1dG9wbGF5JTIwbG9vcCUyMG11dGVkJTIwcGxheXNpbmxpbmUlM0UlMEElMjAlMjAlM0Nzb3VyY2UlMjBzcmMlM0QlMjJodHRwcyUzQSUyRiUyRnd3dy5zZWxlbml1bS5zdHVkaW92aXRhbWluZS5saW5rJTJGd3AtY29udGVudCUyRnVwbG9hZHMlMkYyMDI1JTJGMDIlMkZTb0JsaXNzLm1wNCUyMiUyMHR5cGUlM0QlMjJ2aWRlbyUyRm1wNCUyMiUzRSUwQSUyMCUyMFRvbiUyMG5hdmlnYXRldXIlMjBuZSUyMHN1cHBvcnRlJTIwcGFzJTIwbGElMjB2aWQlQzMlQTlvLiUwQSUzQyUyRnZpZGVvJTNFJTBB[\/vc_raw_html][\/vc_column][vc_column width=\u00bb1\/3&#8243;][vc_single_image image=\u00bb5105&#8243; img_size=\u00bbmedium\u00bb css=\u00bb\u00bb el_class=\u00bblogo-innovation\u00bb][vc_empty_space height=\u00bb20&#8243;][vc_column_text css=\u00bb\u00bb]<\/p>\n<h3><span style=\"color: #0a2b6d;\">PINZA<\/span><br \/>\n<span style=\"color: #ffa013;\">DENTAL<\/span><\/h3>\n<p>[\/vc_column_text][vc_btn title=\u00bbDescubrir nuestro producto\u00bb style=\u00bbflat\u00bb css=\u00bb\u00bb link=\u00bburl:https%3A%2F%2Fwww.selenium-medical.com%2Fes%2Finnovaciones%2Fsoeasy%2F|title:SoKlean%20%C2%AE\u00bb][vc_raw_html css=\u00bb\u00bb]JTNDdmlkZW8lMjB3aWR0aCUzRCUyMjEwMCUyNSUyMiUyMGF1dG9wbGF5JTIwbG9vcCUyMG11dGVkJTIwcGxheXNpbmxpbmUlM0UlMEElMjAlMjAlM0Nzb3VyY2UlMjBzcmMlM0QlMjJodHRwcyUzQSUyRiUyRnd3dy5zZWxlbml1bS5zdHVkaW92aXRhbWluZS5saW5rJTJGd3AtY29udGVudCUyRnVwbG9hZHMlMkYyMDI1JTJGMDIlMkZTb0tsZWFuLm1wNCUyMiUyMHR5cGUlM0QlMjJ2aWRlbyUyRm1wNCUyMiUzRSUwQSUyMCUyMFRvbiUyMG5hdmlnYXRldXIlMjBuZSUyMHN1cHBvcnRlJTIwcGFzJTIwbGElMjB2aWQlQzMlQTlvLiUwQSUzQyUyRnZpZGVvJTNFJTBB[\/vc_raw_html][\/vc_column][vc_column width=\u00bb1\/3&#8243;][vc_single_image image=\u00bb5095&#8243; img_size=\u00bbmedium\u00bb css=\u00bb\u00bb el_class=\u00bblogo-innovation\u00bb][vc_empty_space height=\u00bb20&#8243;][vc_column_text css=\u00bb\u00bb]<\/p>\n<h3><span style=\"color: #0a2b6d;\">PINZA<\/span><br \/>\n<span style=\"color: #ffa013;\">NO TOUCH<\/span><\/h3>\n<p>[\/vc_column_text][vc_btn title=\u00bbDescubrir nuestro producto\u00bb style=\u00bbflat\u00bb css=\u00bb\u00bb link=\u00bburl:https%3A%2F%2Fwww.selenium-medical.com%2Fes%2Finnovaciones%2Fsoklean%2F|title:Accueil\u00bb][vc_raw_html css=\u00bb\u00bb]JTNDdmlkZW8lMjB3aWR0aCUzRCUyMjEwMCUyNSUyMiUyMGF1dG9wbGF5JTIwbG9vcCUyMG11dGVkJTIwcGxheXNpbmxpbmUlM0UlMEElMjAlMjAlM0Nzb3VyY2UlMjBzcmMlM0QlMjJodHRwcyUzQSUyRiUyRnd3dy5zZWxlbml1bS5zdHVkaW92aXRhbWluZS5saW5rJTJGd3AtY29udGVudCUyRnVwbG9hZHMlMkYyMDI1JTJGMDIlMkZTb0Vhc3kubXA0JTIyJTIwdHlwZSUzRCUyMnZpZGVvJTJGbXA0JTIyJTNFJTBBJTIwJTIwVG9uJTIwbmF2aWdhdGV1ciUyMG5lJTIwc3VwcG9ydGUlMjBwYXMlMjBsYSUyMHZpZCVDMyVBOW8uJTBBJTNDJTJGdmlkZW8lM0UlMEE=[\/vc_raw_html][\/vc_column][\/vc_row][vc_row][vc_column][vc_empty_space height=\u00bb50px\u00bb][\/vc_column][\/vc_row][vc_row full_width=\u00bbstretch_row\u00bb el_class=\u00bbfond-bleu-clair\u00bb css=\u00bb.vc_custom_1739203891340{background-color: #ECF2FF !important;}\u00bb][vc_column][vc_empty_space height=\u00bb40px\u00bb][vc_column_text css=\u00bb\u00bb]<\/p>\n<h2 style=\"text-align: center;\">Somos especialistas en el envasado est\u00e9ril<br \/>\nal servicio de diversos mercados<\/h2>\n<p>[\/vc_column_text][vc_empty_space height=\u00bb20px\u00bb][vc_row_inner el_class=\u00bbrond-blanc\u00bb][vc_column_inner width=\u00bb1\/5&#8243;][vc_single_image image=\u00bb621&#8243; img_size=\u00bb160&#215;160&#8243; alignment=\u00bbcenter\u00bb css=\u00bb\u00bb][vc_column_text css=\u00bb\u00bb]<\/p>\n<h4 style=\"text-align: center;\">Dental<\/h4>\n<p>[\/vc_column_text][\/vc_column_inner][vc_column_inner width=\u00bb1\/5&#8243;][vc_single_image image=\u00bb626&#8243; img_size=\u00bb160&#215;160&#8243; alignment=\u00bbcenter\u00bb css=\u00bb\u00bb][vc_column_text css=\u00bb\u00bb]<\/p>\n<h4 style=\"text-align: center;\">Ortopedia<\/h4>\n<p>[\/vc_column_text][\/vc_column_inner][vc_column_inner width=\u00bb1\/5&#8243;][vc_single_image image=\u00bb616&#8243; img_size=\u00bb160&#215;160&#8243; alignment=\u00bbcenter\u00bb css=\u00bb\u00bb][vc_column_text css=\u00bb\u00bb]<\/p>\n<h4 style=\"text-align: center;\">Tejidos blandos<\/h4>\n<p>[\/vc_column_text][\/vc_column_inner][vc_column_inner width=\u00bb1\/5&#8243;][vc_single_image image=\u00bb606&#8243; img_size=\u00bb160&#215;160&#8243; alignment=\u00bbcenter\u00bb css=\u00bb\u00bb][vc_column_text css=\u00bb\u00bb]<\/p>\n<h4 style=\"text-align: center;\">Diagn\u00f3stico<\/h4>\n<p>[\/vc_column_text][\/vc_column_inner][vc_column_inner width=\u00bb1\/5&#8243;][vc_single_image image=\u00bb611&#8243; img_size=\u00bb160&#215;160&#8243; alignment=\u00bbcenter\u00bb css=\u00bb\u00bb][vc_column_text css=\u00bb\u00bb]<\/p>\n<h4 style=\"text-align: center;\">Rob\u00f3tica<\/h4>\n<p>[\/vc_column_text][\/vc_column_inner][\/vc_row_inner][vc_empty_space height=\u00bb50px\u00bb][\/vc_column][\/vc_row][vc_row][vc_column][vc_empty_space height=\u00bb50px\u00bb][\/vc_column][\/vc_row][vc_row content_placement=\u00bbmiddle\u00bb disable_element=\u00bbyes\u00bb el_class=\u00bbactu-lesaviezvous\u00bb][vc_column width=\u00bb3\/6&#8243;][vc_column_text css=\u00bb\u00bb el_class=\u00bbtitre-trait\u00bb]<\/p>\n<h2>Nos actualit\u00e9s<\/h2>\n<p>[\/vc_column_text][vc_column_text css=\u00bb\u00bb][\/vc_column_text][\/vc_column][vc_column width=\u00bb1\/6&#8243; el_class=\u00bbquote\u00bb][\/vc_column][vc_column width=\u00bb2\/6&#8243; el_class=\u00bbquote\u00bb][vc_column_text css=\u00bb\u00bb]<\/p>\n<h2>Ils parlent de nous<\/h2>\n<p>[\/vc_column_text][\/vc_column][\/vc_row][vc_row][vc_column][vc_empty_space height=\u00bb50px\u00bb][\/vc_column][\/vc_row][vc_row css=\u00bb.vc_custom_1738751367647{background-image: url(https:\/\/www.selenium-medical.com\/wp-content\/uploads\/2025\/02\/background-decouvrez.png?id=633) !important;}\u00bb el_class=\u00bbdiscover-more\u00bb][vc_column][vc_column_text css=\u00bb\u00bb]<\/p>\n<h2 style=\"text-align: center;\">Descubra nuestras especialidades<\/h2>\n<p style=\"text-align: center;\">Amplia experiencia al servicio de su proyecto.<\/p>\n<p>[\/vc_column_text][vc_btn title=\u00bbVer nuestros servicios\u00bb align=\u00bbcenter\u00bb css=\u00bb\u00bb link=\u00bburl:https%3A%2F%2Fwww.selenium-medical.com%2Fes%2Fespecialidades%2F|title:Les%20m%C3%A9tiers\u00bb][\/vc_column][\/vc_row][vc_row][vc_column][vc_empty_space height=\u00bb50px\u00bb][\/vc_column][\/vc_row][vc_row full_width=\u00bbstretch_row\u00bb content_placement=\u00bbmiddle\u00bb css=\u00bb.vc_custom_1738676652411{background-color: #1952C2 !important;}\u00bb el_class=\u00bbfond-bleu\u00bb][vc_column width=\u00bb1\/2&#8243;][vc_column_text css=\u00bb\u00bb]<\/p>\n<h3>Juntos, estudiamos su proyecto<\/h3>\n<p>D\u00edganos lo que necesita, estamos a su disposici\u00f3n para ayudarle.[\/vc_column_text][\/vc_column][vc_column width=\u00bb1\/2&#8243;][vc_btn title=\u00bbCont\u00e1ctenos\u00bb align=\u00bbright\u00bb css=\u00bb\u00bb link=\u00bburl:https%3A%2F%2Fwww.selenium-medical.com%2Fes%2Fcontacto%2F|title:Contacto\u00bb][\/vc_column][\/vc_row]<\/p>\n<\/div>","protected":false},"excerpt":{"rendered":"<p>[vc_row gap=\u00bb35&#8243; content_placement=\u00bbmiddle\u00bb][vc_column width=\u00bb1\/2&#8243;][vc_single_image image=\u00bb4807&#8243; img_size=\u00bblarge\u00bb style=\u00bbvc_box_rounded\u00bb css=\u00bb\u00bb][\/vc_column][vc_column width=\u00bb1\/2&#8243;][vc_column_text css=\u00bb\u00bb el_class=\u00bbtitre-trait\u00bb] Nuestro compromiso con el envasado de sus dispositivos m\u00e9dicos Nos comprometemos a ofrecer dispositivos m\u00e9dicos fiables y seguros para garantizar el bienestar de los pacientes. Nuestra exigencia diaria y nuestra pol\u00edtica de buenas pr\u00e1cticas de fabricaci\u00f3n en el \u00e1mbito m\u00e9dico nos permiten encargarnos de [&hellip;]<\/p>\n","protected":false},"author":2,"featured_media":93,"parent":7397,"menu_order":0,"comment_status":"closed","ping_status":"closed","template":"","meta":{"_acf_changed":false,"inline_featured_image":false,"footnotes":""},"class_list":["post-7360","page","type-page","status-publish","has-post-thumbnail","hentry"],"acf":[],"yoast_head":"<!-- This site is optimized with the Yoast SEO plugin v27.4 - https:\/\/yoast.com\/product\/yoast-seo-wordpress\/ -->\n<title>Envasado est\u00e9ril - Selenium Medical<\/title>\n<meta name=\"robots\" content=\"index, follow, max-snippet:-1, max-image-preview:large, max-video-preview:-1\" \/>\n<link rel=\"canonical\" href=\"https:\/\/www.selenium-medical.com\/es\/especialidades\/envasado-esteril\/\" \/>\n<meta property=\"og:locale\" content=\"es_ES\" \/>\n<meta property=\"og:type\" content=\"article\" \/>\n<meta property=\"og:title\" content=\"Envasado est\u00e9ril - Selenium Medical\" \/>\n<meta property=\"og:description\" content=\"[vc_row gap=\u00bb35&#8243; content_placement=\u00bbmiddle\u00bb][vc_column width=\u00bb1\/2&#8243;][vc_single_image image=\u00bb4807&#8243; img_size=\u00bblarge\u00bb style=\u00bbvc_box_rounded\u00bb css=\u00bb\u00bb][\/vc_column][vc_column width=\u00bb1\/2&#8243;][vc_column_text css=\u00bb\u00bb el_class=\u00bbtitre-trait\u00bb] Nuestro compromiso con el envasado de sus dispositivos m\u00e9dicos Nos comprometemos a ofrecer dispositivos m\u00e9dicos fiables y seguros para garantizar el bienestar de los pacientes. Nuestra exigencia diaria y nuestra pol\u00edtica de buenas pr\u00e1cticas de fabricaci\u00f3n en el \u00e1mbito m\u00e9dico nos permiten encargarnos de [&hellip;]\" \/>\n<meta property=\"og:url\" content=\"https:\/\/www.selenium-medical.com\/es\/especialidades\/envasado-esteril\/\" \/>\n<meta property=\"og:site_name\" content=\"Selenium Medical\" \/>\n<meta property=\"article:modified_time\" content=\"2025-12-24T14:55:35+00:00\" \/>\n<meta property=\"og:image\" content=\"https:\/\/www.selenium-medical.com\/wp-content\/uploads\/2025\/01\/packaging.png\" \/>\n\t<meta property=\"og:image:width\" content=\"1028\" \/>\n\t<meta property=\"og:image:height\" content=\"530\" \/>\n\t<meta property=\"og:image:type\" content=\"image\/png\" \/>\n<meta name=\"twitter:card\" content=\"summary_large_image\" \/>\n<meta name=\"twitter:label1\" content=\"Tiempo de lectura\" \/>\n\t<meta name=\"twitter:data1\" content=\"7 minutos\" \/>\n<script type=\"application\/ld+json\" class=\"yoast-schema-graph\">{\"@context\":\"https:\\\/\\\/schema.org\",\"@graph\":[{\"@type\":\"WebPage\",\"@id\":\"https:\\\/\\\/www.selenium-medical.com\\\/es\\\/especialidades\\\/envasado-esteril\\\/\",\"url\":\"https:\\\/\\\/www.selenium-medical.com\\\/es\\\/especialidades\\\/envasado-esteril\\\/\",\"name\":\"Envasado est\u00e9ril - Selenium Medical\",\"isPartOf\":{\"@id\":\"https:\\\/\\\/www.selenium-medical.com\\\/es\\\/#website\"},\"primaryImageOfPage\":{\"@id\":\"https:\\\/\\\/www.selenium-medical.com\\\/es\\\/especialidades\\\/envasado-esteril\\\/#primaryimage\"},\"image\":{\"@id\":\"https:\\\/\\\/www.selenium-medical.com\\\/es\\\/especialidades\\\/envasado-esteril\\\/#primaryimage\"},\"thumbnailUrl\":\"https:\\\/\\\/www.selenium-medical.com\\\/wp-content\\\/uploads\\\/2025\\\/01\\\/packaging.png\",\"datePublished\":\"2025-02-04T07:36:12+00:00\",\"dateModified\":\"2025-12-24T14:55:35+00:00\",\"breadcrumb\":{\"@id\":\"https:\\\/\\\/www.selenium-medical.com\\\/es\\\/especialidades\\\/envasado-esteril\\\/#breadcrumb\"},\"inLanguage\":\"es\",\"potentialAction\":[{\"@type\":\"ReadAction\",\"target\":[\"https:\\\/\\\/www.selenium-medical.com\\\/es\\\/especialidades\\\/envasado-esteril\\\/\"]}]},{\"@type\":\"ImageObject\",\"inLanguage\":\"es\",\"@id\":\"https:\\\/\\\/www.selenium-medical.com\\\/es\\\/especialidades\\\/envasado-esteril\\\/#primaryimage\",\"url\":\"https:\\\/\\\/www.selenium-medical.com\\\/wp-content\\\/uploads\\\/2025\\\/01\\\/packaging.png\",\"contentUrl\":\"https:\\\/\\\/www.selenium-medical.com\\\/wp-content\\\/uploads\\\/2025\\\/01\\\/packaging.png\",\"width\":1028,\"height\":530,\"caption\":\"Selenium Medical - Emballage\"},{\"@type\":\"BreadcrumbList\",\"@id\":\"https:\\\/\\\/www.selenium-medical.com\\\/es\\\/especialidades\\\/envasado-esteril\\\/#breadcrumb\",\"itemListElement\":[{\"@type\":\"ListItem\",\"position\":1,\"name\":\"Inicio\",\"item\":\"https:\\\/\\\/www.selenium-medical.com\\\/es\\\/\"},{\"@type\":\"ListItem\",\"position\":2,\"name\":\"Especialidades\",\"item\":\"https:\\\/\\\/www.selenium-medical.com\\\/es\\\/especialidades\\\/\"},{\"@type\":\"ListItem\",\"position\":3,\"name\":\"Envasado est\u00e9ril\"}]},{\"@type\":\"WebSite\",\"@id\":\"https:\\\/\\\/www.selenium-medical.com\\\/es\\\/#website\",\"url\":\"https:\\\/\\\/www.selenium-medical.com\\\/es\\\/\",\"name\":\"Selenium Medical\",\"description\":\"\",\"potentialAction\":[{\"@type\":\"SearchAction\",\"target\":{\"@type\":\"EntryPoint\",\"urlTemplate\":\"https:\\\/\\\/www.selenium-medical.com\\\/es\\\/?s={search_term_string}\"},\"query-input\":{\"@type\":\"PropertyValueSpecification\",\"valueRequired\":true,\"valueName\":\"search_term_string\"}}],\"inLanguage\":\"es\"}]}<\/script>\n<!-- \/ Yoast SEO plugin. -->","yoast_head_json":{"title":"Envasado est\u00e9ril - Selenium Medical","robots":{"index":"index","follow":"follow","max-snippet":"max-snippet:-1","max-image-preview":"max-image-preview:large","max-video-preview":"max-video-preview:-1"},"canonical":"https:\/\/www.selenium-medical.com\/es\/especialidades\/envasado-esteril\/","og_locale":"es_ES","og_type":"article","og_title":"Envasado est\u00e9ril - Selenium Medical","og_description":"[vc_row gap=\u00bb35&#8243; content_placement=\u00bbmiddle\u00bb][vc_column width=\u00bb1\/2&#8243;][vc_single_image image=\u00bb4807&#8243; img_size=\u00bblarge\u00bb style=\u00bbvc_box_rounded\u00bb css=\u00bb\u00bb][\/vc_column][vc_column width=\u00bb1\/2&#8243;][vc_column_text css=\u00bb\u00bb el_class=\u00bbtitre-trait\u00bb] Nuestro compromiso con el envasado de sus dispositivos m\u00e9dicos Nos comprometemos a ofrecer dispositivos m\u00e9dicos fiables y seguros para garantizar el bienestar de los pacientes. Nuestra exigencia diaria y nuestra pol\u00edtica de buenas pr\u00e1cticas de fabricaci\u00f3n en el \u00e1mbito m\u00e9dico nos permiten encargarnos de [&hellip;]","og_url":"https:\/\/www.selenium-medical.com\/es\/especialidades\/envasado-esteril\/","og_site_name":"Selenium Medical","article_modified_time":"2025-12-24T14:55:35+00:00","og_image":[{"width":1028,"height":530,"url":"https:\/\/www.selenium-medical.com\/wp-content\/uploads\/2025\/01\/packaging.png","type":"image\/png"}],"twitter_card":"summary_large_image","twitter_misc":{"Tiempo de lectura":"7 minutos"},"schema":{"@context":"https:\/\/schema.org","@graph":[{"@type":"WebPage","@id":"https:\/\/www.selenium-medical.com\/es\/especialidades\/envasado-esteril\/","url":"https:\/\/www.selenium-medical.com\/es\/especialidades\/envasado-esteril\/","name":"Envasado est\u00e9ril - Selenium Medical","isPartOf":{"@id":"https:\/\/www.selenium-medical.com\/es\/#website"},"primaryImageOfPage":{"@id":"https:\/\/www.selenium-medical.com\/es\/especialidades\/envasado-esteril\/#primaryimage"},"image":{"@id":"https:\/\/www.selenium-medical.com\/es\/especialidades\/envasado-esteril\/#primaryimage"},"thumbnailUrl":"https:\/\/www.selenium-medical.com\/wp-content\/uploads\/2025\/01\/packaging.png","datePublished":"2025-02-04T07:36:12+00:00","dateModified":"2025-12-24T14:55:35+00:00","breadcrumb":{"@id":"https:\/\/www.selenium-medical.com\/es\/especialidades\/envasado-esteril\/#breadcrumb"},"inLanguage":"es","potentialAction":[{"@type":"ReadAction","target":["https:\/\/www.selenium-medical.com\/es\/especialidades\/envasado-esteril\/"]}]},{"@type":"ImageObject","inLanguage":"es","@id":"https:\/\/www.selenium-medical.com\/es\/especialidades\/envasado-esteril\/#primaryimage","url":"https:\/\/www.selenium-medical.com\/wp-content\/uploads\/2025\/01\/packaging.png","contentUrl":"https:\/\/www.selenium-medical.com\/wp-content\/uploads\/2025\/01\/packaging.png","width":1028,"height":530,"caption":"Selenium Medical - Emballage"},{"@type":"BreadcrumbList","@id":"https:\/\/www.selenium-medical.com\/es\/especialidades\/envasado-esteril\/#breadcrumb","itemListElement":[{"@type":"ListItem","position":1,"name":"Inicio","item":"https:\/\/www.selenium-medical.com\/es\/"},{"@type":"ListItem","position":2,"name":"Especialidades","item":"https:\/\/www.selenium-medical.com\/es\/especialidades\/"},{"@type":"ListItem","position":3,"name":"Envasado est\u00e9ril"}]},{"@type":"WebSite","@id":"https:\/\/www.selenium-medical.com\/es\/#website","url":"https:\/\/www.selenium-medical.com\/es\/","name":"Selenium Medical","description":"","potentialAction":[{"@type":"SearchAction","target":{"@type":"EntryPoint","urlTemplate":"https:\/\/www.selenium-medical.com\/es\/?s={search_term_string}"},"query-input":{"@type":"PropertyValueSpecification","valueRequired":true,"valueName":"search_term_string"}}],"inLanguage":"es"}]}},"_links":{"self":[{"href":"https:\/\/www.selenium-medical.com\/es\/wp-json\/wp\/v2\/pages\/7360","targetHints":{"allow":["GET"]}}],"collection":[{"href":"https:\/\/www.selenium-medical.com\/es\/wp-json\/wp\/v2\/pages"}],"about":[{"href":"https:\/\/www.selenium-medical.com\/es\/wp-json\/wp\/v2\/types\/page"}],"author":[{"embeddable":true,"href":"https:\/\/www.selenium-medical.com\/es\/wp-json\/wp\/v2\/users\/2"}],"replies":[{"embeddable":true,"href":"https:\/\/www.selenium-medical.com\/es\/wp-json\/wp\/v2\/comments?post=7360"}],"version-history":[{"count":13,"href":"https:\/\/www.selenium-medical.com\/es\/wp-json\/wp\/v2\/pages\/7360\/revisions"}],"predecessor-version":[{"id":7507,"href":"https:\/\/www.selenium-medical.com\/es\/wp-json\/wp\/v2\/pages\/7360\/revisions\/7507"}],"up":[{"embeddable":true,"href":"https:\/\/www.selenium-medical.com\/es\/wp-json\/wp\/v2\/pages\/7397"}],"wp:featuredmedia":[{"embeddable":true,"href":"https:\/\/www.selenium-medical.com\/es\/wp-json\/wp\/v2\/media\/93"}],"wp:attachment":[{"href":"https:\/\/www.selenium-medical.com\/es\/wp-json\/wp\/v2\/media?parent=7360"}],"curies":[{"name":"wp","href":"https:\/\/api.w.org\/{rel}","templated":true}]}}