{"id":7397,"date":"2025-02-04T08:34:38","date_gmt":"2025-02-04T07:34:38","guid":{"rendered":"https:\/\/www.selenium-medical.com\/?page_id=7397"},"modified":"2025-12-24T16:24:26","modified_gmt":"2025-12-24T15:24:26","slug":"especialidades","status":"publish","type":"page","link":"https:\/\/www.selenium-medical.com\/es\/especialidades\/","title":{"rendered":"Especialidades"},"content":{"rendered":"<div class=\"wpb-content-wrapper\"><p>[vc_row][vc_column][vc_empty_space height=\u00bb50px\u00bb][\/vc_column][\/vc_row][vc_row gap=\u00bb15&#8243; el_class=\u00bbcard-blanche metiers\u00bb][vc_column width=\u00bb1\/2&#8243; el_class=\u00bbsurfacetreatment\u00bb][vc_single_image image=\u00bb98&#8243; img_size=\u00bblarge\u00bb style=\u00bbvc_box_rounded\u00bb onclick=\u00bbcustom_link\u00bb css=\u00bb\u00bb link=\u00bbhttps:\/\/www.selenium-medical.com\/fr\/metiers\/traitement-de-surface\/\u00bb][vc_column_text css=\u00bb\u00bb]<\/p>\n<h3>Tratamiento de superficies<\/h3>\n<p>Tratamiento de superficies y marcado l\u00e1ser de dispositivos m\u00e9dicos.[\/vc_column_text][vc_btn title=\u00bbDescubrir\u00bb css=\u00bb\u00bb link=\u00bburl:https%3A%2F%2Fwww.selenium-medical.com%2Fes%2Fespecialidades%2Ftratamiento-de-superficies%2F|title:Surface%20Traitement\u00bb][\/vc_column][vc_column width=\u00bb1\/2&#8243; el_class=\u00bbpackaging\u00bb][vc_single_image image=\u00bb93&#8243; img_size=\u00bblarge\u00bb style=\u00bbvc_box_rounded\u00bb onclick=\u00bbcustom_link\u00bb css=\u00bb\u00bb link=\u00bbhttps:\/\/www.selenium-medical.com\/fr\/metiers\/conditionnement-sterile\/\u00bb][vc_column_text css=\u00bb\u00bb]<\/p>\n<h3>Envasado est\u00e9ril<\/h3>\n<p>Limpieza, ensamblaje y envasado de dispositivos m\u00e9dicos en un entorno ISO 7.[\/vc_column_text][vc_btn title=\u00bbDescubrir\u00bb css=\u00bb\u00bb link=\u00bburl:https%3A%2F%2Fwww.selenium-medical.com%2Fes%2Fespecialidades%2Fenvasado-esteril%2F|title:Conditionnement%20st%C3%A9rile\u00bb][\/vc_column][\/vc_row][vc_row gap=\u00bb15&#8243; el_class=\u00bbcard-blanche metiers\u00bb][vc_column width=\u00bb1\/2&#8243; el_class=\u00bbinjection\u00bb][vc_single_image image=\u00bb88&#8243; img_size=\u00bblarge\u00bb style=\u00bbvc_box_rounded\u00bb onclick=\u00bbcustom_link\u00bb css=\u00bb\u00bb link=\u00bbhttps:\/\/www.selenium-medical.com\/fr\/metiers\/injection-plastique\/\u00bb][vc_column_text css=\u00bb\u00bb]<\/p>\n<h3><strong>Inyecci\u00f3n de pl\u00e1stico en un entorno limpio<\/strong><\/h3>\n<p>Fabricaci\u00f3n, ensamblaje y envasado de dispositivos m\u00e9dicos en un entorno ISO 7.[\/vc_column_text][vc_btn title=\u00bbDescubrir\u00bb css=\u00bb\u00bb link=\u00bburl:https%3A%2F%2Fwww.selenium-medical.com%2Fes%2Fespecialidades%2Finyeccion-de-plastico%2F|title:Injection%20plastique\u00bb][\/vc_column][vc_column width=\u00bb1\/2&#8243;][vc_single_image image=\u00bb83&#8243; img_size=\u00bblarge\u00bb style=\u00bbvc_box_rounded\u00bb onclick=\u00bbcustom_link\u00bb css=\u00bb\u00bb link=\u00bbhttps:\/\/www.selenium-medical.com\/fr\/metiers\/conseils-tests-en-laboratoire\/\u00bb][vc_column_text css=\u00bb\u00bb]<\/p>\n<h3>Asesoramiento y pruebas de laboratorio<\/h3>\n<p>Acompa\u00f1amiento desde el desarrollo hasta la certificaci\u00f3n de los dispositivos m\u00e9dicos.[\/vc_column_text][vc_btn title=\u00bbDescubrir\u00bb css=\u00bb\u00bb link=\u00bburl:https%3A%2F%2Fwww.selenium-medical.com%2Fes%2Fespecialidades%2Fasesoramiento-y-pruebas-de-laboratorio%2F|title:Conseils%20%26%20tests%20en%20laboratoire\u00bb][\/vc_column][\/vc_row][vc_row][vc_column][vc_empty_space height=\u00bb50px\u00bb][\/vc_column][\/vc_row][vc_row full_width=\u00bbstretch_row\u00bb css=\u00bb.vc_custom_1766589835542{background-color: #1952C2 !important;}\u00bb row_url=\u00bb\/es\/contacto\u00bb][vc_column][vc_column_text css=\u00bb\u00bb]<\/p>\n<h3>\u00a0Cont\u00e1ctenos<\/h3>\n<p>[\/vc_column_text][\/vc_column][\/vc_row]<\/p>\n<\/div>","protected":false},"excerpt":{"rendered":"<p>[vc_row][vc_column][vc_empty_space height=\u00bb50px\u00bb][\/vc_column][\/vc_row][vc_row gap=\u00bb15&#8243; el_class=\u00bbcard-blanche metiers\u00bb][vc_column width=\u00bb1\/2&#8243; el_class=\u00bbsurfacetreatment\u00bb][vc_single_image image=\u00bb98&#8243; img_size=\u00bblarge\u00bb style=\u00bbvc_box_rounded\u00bb onclick=\u00bbcustom_link\u00bb css=\u00bb\u00bb link=\u00bbhttps:\/\/www.selenium-medical.com\/fr\/metiers\/traitement-de-surface\/\u00bb][vc_column_text css=\u00bb\u00bb] Tratamiento de superficies Tratamiento de superficies y marcado l\u00e1ser de dispositivos m\u00e9dicos.[\/vc_column_text][vc_btn title=\u00bbDescubrir\u00bb css=\u00bb\u00bb link=\u00bburl:https%3A%2F%2Fwww.selenium-medical.com%2Fes%2Fespecialidades%2Ftratamiento-de-superficies%2F|title:Surface%20Traitement\u00bb][\/vc_column][vc_column width=\u00bb1\/2&#8243; el_class=\u00bbpackaging\u00bb][vc_single_image image=\u00bb93&#8243; img_size=\u00bblarge\u00bb style=\u00bbvc_box_rounded\u00bb onclick=\u00bbcustom_link\u00bb css=\u00bb\u00bb link=\u00bbhttps:\/\/www.selenium-medical.com\/fr\/metiers\/conditionnement-sterile\/\u00bb][vc_column_text css=\u00bb\u00bb] Envasado est\u00e9ril Limpieza, ensamblaje y envasado de dispositivos m\u00e9dicos en un entorno ISO 7.[\/vc_column_text][vc_btn title=\u00bbDescubrir\u00bb css=\u00bb\u00bb link=\u00bburl:https%3A%2F%2Fwww.selenium-medical.com%2Fes%2Fespecialidades%2Fenvasado-esteril%2F|title:Conditionnement%20st%C3%A9rile\u00bb][\/vc_column][\/vc_row][vc_row [&hellip;]<\/p>\n","protected":false},"author":2,"featured_media":400,"parent":0,"menu_order":0,"comment_status":"closed","ping_status":"closed","template":"","meta":{"_acf_changed":false,"inline_featured_image":false,"footnotes":""},"class_list":["post-7397","page","type-page","status-publish","has-post-thumbnail","hentry"],"acf":[],"yoast_head":"<!-- This site is optimized with the Yoast SEO plugin v27.6 - https:\/\/yoast.com\/product\/yoast-seo-wordpress\/ -->\n<title>Especialidades - Selenium Medical<\/title>\n<meta name=\"robots\" content=\"index, follow, max-snippet:-1, max-image-preview:large, max-video-preview:-1\" \/>\n<link rel=\"canonical\" href=\"https:\/\/www.selenium-medical.com\/es\/especialidades\/\" \/>\n<meta property=\"og:locale\" content=\"es_ES\" \/>\n<meta property=\"og:type\" content=\"article\" \/>\n<meta property=\"og:title\" content=\"Especialidades - Selenium Medical\" \/>\n<meta property=\"og:description\" content=\"[vc_row][vc_column][vc_empty_space height=\u00bb50px\u00bb][\/vc_column][\/vc_row][vc_row gap=\u00bb15&#8243; el_class=\u00bbcard-blanche metiers\u00bb][vc_column width=\u00bb1\/2&#8243; el_class=\u00bbsurfacetreatment\u00bb][vc_single_image image=\u00bb98&#8243; img_size=\u00bblarge\u00bb style=\u00bbvc_box_rounded\u00bb onclick=\u00bbcustom_link\u00bb css=\u00bb\u00bb link=\u00bbhttps:\/\/www.selenium-medical.com\/fr\/metiers\/traitement-de-surface\/\u00bb][vc_column_text css=\u00bb\u00bb] Tratamiento de superficies Tratamiento de superficies y marcado l\u00e1ser de dispositivos m\u00e9dicos.[\/vc_column_text][vc_btn title=\u00bbDescubrir\u00bb css=\u00bb\u00bb link=\u00bburl:https%3A%2F%2Fwww.selenium-medical.com%2Fes%2Fespecialidades%2Ftratamiento-de-superficies%2F|title:Surface%20Traitement\u00bb][\/vc_column][vc_column width=\u00bb1\/2&#8243; el_class=\u00bbpackaging\u00bb][vc_single_image image=\u00bb93&#8243; img_size=\u00bblarge\u00bb style=\u00bbvc_box_rounded\u00bb onclick=\u00bbcustom_link\u00bb css=\u00bb\u00bb link=\u00bbhttps:\/\/www.selenium-medical.com\/fr\/metiers\/conditionnement-sterile\/\u00bb][vc_column_text css=\u00bb\u00bb] Envasado est\u00e9ril Limpieza, ensamblaje y envasado de dispositivos m\u00e9dicos en un entorno ISO 7.[\/vc_column_text][vc_btn title=\u00bbDescubrir\u00bb css=\u00bb\u00bb link=\u00bburl:https%3A%2F%2Fwww.selenium-medical.com%2Fes%2Fespecialidades%2Fenvasado-esteril%2F|title:Conditionnement%20st%C3%A9rile\u00bb][\/vc_column][\/vc_row][vc_row [&hellip;]\" \/>\n<meta property=\"og:url\" content=\"https:\/\/www.selenium-medical.com\/es\/especialidades\/\" \/>\n<meta property=\"og:site_name\" content=\"Selenium Medical\" \/>\n<meta property=\"article:modified_time\" content=\"2025-12-24T15:24:26+00:00\" \/>\n<meta property=\"og:image\" content=\"https:\/\/www.selenium-medical.com\/wp-content\/uploads\/2025\/02\/marches-ambiance.png\" \/>\n\t<meta property=\"og:image:width\" content=\"2160\" \/>\n\t<meta property=\"og:image:height\" content=\"456\" \/>\n\t<meta property=\"og:image:type\" content=\"image\/png\" \/>\n<meta name=\"twitter:card\" content=\"summary_large_image\" \/>\n<meta name=\"twitter:label1\" content=\"Tiempo de lectura\" \/>\n\t<meta name=\"twitter:data1\" content=\"2 minutos\" \/>\n<script type=\"application\/ld+json\" class=\"yoast-schema-graph\">{\"@context\":\"https:\\\/\\\/schema.org\",\"@graph\":[{\"@type\":\"WebPage\",\"@id\":\"https:\\\/\\\/www.selenium-medical.com\\\/es\\\/especialidades\\\/\",\"url\":\"https:\\\/\\\/www.selenium-medical.com\\\/es\\\/especialidades\\\/\",\"name\":\"Especialidades - Selenium Medical\",\"isPartOf\":{\"@id\":\"https:\\\/\\\/www.selenium-medical.com\\\/es\\\/#website\"},\"primaryImageOfPage\":{\"@id\":\"https:\\\/\\\/www.selenium-medical.com\\\/es\\\/especialidades\\\/#primaryimage\"},\"image\":{\"@id\":\"https:\\\/\\\/www.selenium-medical.com\\\/es\\\/especialidades\\\/#primaryimage\"},\"thumbnailUrl\":\"https:\\\/\\\/www.selenium-medical.com\\\/wp-content\\\/uploads\\\/2025\\\/02\\\/marches-ambiance.png\",\"datePublished\":\"2025-02-04T07:34:38+00:00\",\"dateModified\":\"2025-12-24T15:24:26+00:00\",\"breadcrumb\":{\"@id\":\"https:\\\/\\\/www.selenium-medical.com\\\/es\\\/especialidades\\\/#breadcrumb\"},\"inLanguage\":\"es\",\"potentialAction\":[{\"@type\":\"ReadAction\",\"target\":[\"https:\\\/\\\/www.selenium-medical.com\\\/es\\\/especialidades\\\/\"]}]},{\"@type\":\"ImageObject\",\"inLanguage\":\"es\",\"@id\":\"https:\\\/\\\/www.selenium-medical.com\\\/es\\\/especialidades\\\/#primaryimage\",\"url\":\"https:\\\/\\\/www.selenium-medical.com\\\/wp-content\\\/uploads\\\/2025\\\/02\\\/marches-ambiance.png\",\"contentUrl\":\"https:\\\/\\\/www.selenium-medical.com\\\/wp-content\\\/uploads\\\/2025\\\/02\\\/marches-ambiance.png\",\"width\":2160,\"height\":456},{\"@type\":\"BreadcrumbList\",\"@id\":\"https:\\\/\\\/www.selenium-medical.com\\\/es\\\/especialidades\\\/#breadcrumb\",\"itemListElement\":[{\"@type\":\"ListItem\",\"position\":1,\"name\":\"Inicio\",\"item\":\"https:\\\/\\\/www.selenium-medical.com\\\/es\\\/\"},{\"@type\":\"ListItem\",\"position\":2,\"name\":\"Especialidades\"}]},{\"@type\":\"WebSite\",\"@id\":\"https:\\\/\\\/www.selenium-medical.com\\\/es\\\/#website\",\"url\":\"https:\\\/\\\/www.selenium-medical.com\\\/es\\\/\",\"name\":\"Selenium Medical\",\"description\":\"\",\"potentialAction\":[{\"@type\":\"SearchAction\",\"target\":{\"@type\":\"EntryPoint\",\"urlTemplate\":\"https:\\\/\\\/www.selenium-medical.com\\\/es\\\/?s={search_term_string}\"},\"query-input\":{\"@type\":\"PropertyValueSpecification\",\"valueRequired\":true,\"valueName\":\"search_term_string\"}}],\"inLanguage\":\"es\"}]}<\/script>\n<!-- \/ Yoast SEO plugin. -->","yoast_head_json":{"title":"Especialidades - Selenium Medical","robots":{"index":"index","follow":"follow","max-snippet":"max-snippet:-1","max-image-preview":"max-image-preview:large","max-video-preview":"max-video-preview:-1"},"canonical":"https:\/\/www.selenium-medical.com\/es\/especialidades\/","og_locale":"es_ES","og_type":"article","og_title":"Especialidades - Selenium Medical","og_description":"[vc_row][vc_column][vc_empty_space height=\u00bb50px\u00bb][\/vc_column][\/vc_row][vc_row gap=\u00bb15&#8243; el_class=\u00bbcard-blanche metiers\u00bb][vc_column width=\u00bb1\/2&#8243; el_class=\u00bbsurfacetreatment\u00bb][vc_single_image image=\u00bb98&#8243; img_size=\u00bblarge\u00bb style=\u00bbvc_box_rounded\u00bb onclick=\u00bbcustom_link\u00bb css=\u00bb\u00bb link=\u00bbhttps:\/\/www.selenium-medical.com\/fr\/metiers\/traitement-de-surface\/\u00bb][vc_column_text css=\u00bb\u00bb] Tratamiento de superficies Tratamiento de superficies y marcado l\u00e1ser de dispositivos m\u00e9dicos.[\/vc_column_text][vc_btn title=\u00bbDescubrir\u00bb css=\u00bb\u00bb link=\u00bburl:https%3A%2F%2Fwww.selenium-medical.com%2Fes%2Fespecialidades%2Ftratamiento-de-superficies%2F|title:Surface%20Traitement\u00bb][\/vc_column][vc_column width=\u00bb1\/2&#8243; el_class=\u00bbpackaging\u00bb][vc_single_image image=\u00bb93&#8243; img_size=\u00bblarge\u00bb style=\u00bbvc_box_rounded\u00bb onclick=\u00bbcustom_link\u00bb css=\u00bb\u00bb link=\u00bbhttps:\/\/www.selenium-medical.com\/fr\/metiers\/conditionnement-sterile\/\u00bb][vc_column_text css=\u00bb\u00bb] Envasado est\u00e9ril Limpieza, ensamblaje y envasado de dispositivos m\u00e9dicos en un entorno ISO 7.[\/vc_column_text][vc_btn title=\u00bbDescubrir\u00bb css=\u00bb\u00bb link=\u00bburl:https%3A%2F%2Fwww.selenium-medical.com%2Fes%2Fespecialidades%2Fenvasado-esteril%2F|title:Conditionnement%20st%C3%A9rile\u00bb][\/vc_column][\/vc_row][vc_row [&hellip;]","og_url":"https:\/\/www.selenium-medical.com\/es\/especialidades\/","og_site_name":"Selenium Medical","article_modified_time":"2025-12-24T15:24:26+00:00","og_image":[{"width":2160,"height":456,"url":"https:\/\/www.selenium-medical.com\/wp-content\/uploads\/2025\/02\/marches-ambiance.png","type":"image\/png"}],"twitter_card":"summary_large_image","twitter_misc":{"Tiempo de lectura":"2 minutos"},"schema":{"@context":"https:\/\/schema.org","@graph":[{"@type":"WebPage","@id":"https:\/\/www.selenium-medical.com\/es\/especialidades\/","url":"https:\/\/www.selenium-medical.com\/es\/especialidades\/","name":"Especialidades - Selenium Medical","isPartOf":{"@id":"https:\/\/www.selenium-medical.com\/es\/#website"},"primaryImageOfPage":{"@id":"https:\/\/www.selenium-medical.com\/es\/especialidades\/#primaryimage"},"image":{"@id":"https:\/\/www.selenium-medical.com\/es\/especialidades\/#primaryimage"},"thumbnailUrl":"https:\/\/www.selenium-medical.com\/wp-content\/uploads\/2025\/02\/marches-ambiance.png","datePublished":"2025-02-04T07:34:38+00:00","dateModified":"2025-12-24T15:24:26+00:00","breadcrumb":{"@id":"https:\/\/www.selenium-medical.com\/es\/especialidades\/#breadcrumb"},"inLanguage":"es","potentialAction":[{"@type":"ReadAction","target":["https:\/\/www.selenium-medical.com\/es\/especialidades\/"]}]},{"@type":"ImageObject","inLanguage":"es","@id":"https:\/\/www.selenium-medical.com\/es\/especialidades\/#primaryimage","url":"https:\/\/www.selenium-medical.com\/wp-content\/uploads\/2025\/02\/marches-ambiance.png","contentUrl":"https:\/\/www.selenium-medical.com\/wp-content\/uploads\/2025\/02\/marches-ambiance.png","width":2160,"height":456},{"@type":"BreadcrumbList","@id":"https:\/\/www.selenium-medical.com\/es\/especialidades\/#breadcrumb","itemListElement":[{"@type":"ListItem","position":1,"name":"Inicio","item":"https:\/\/www.selenium-medical.com\/es\/"},{"@type":"ListItem","position":2,"name":"Especialidades"}]},{"@type":"WebSite","@id":"https:\/\/www.selenium-medical.com\/es\/#website","url":"https:\/\/www.selenium-medical.com\/es\/","name":"Selenium Medical","description":"","potentialAction":[{"@type":"SearchAction","target":{"@type":"EntryPoint","urlTemplate":"https:\/\/www.selenium-medical.com\/es\/?s={search_term_string}"},"query-input":{"@type":"PropertyValueSpecification","valueRequired":true,"valueName":"search_term_string"}}],"inLanguage":"es"}]}},"_links":{"self":[{"href":"https:\/\/www.selenium-medical.com\/es\/wp-json\/wp\/v2\/pages\/7397","targetHints":{"allow":["GET"]}}],"collection":[{"href":"https:\/\/www.selenium-medical.com\/es\/wp-json\/wp\/v2\/pages"}],"about":[{"href":"https:\/\/www.selenium-medical.com\/es\/wp-json\/wp\/v2\/types\/page"}],"author":[{"embeddable":true,"href":"https:\/\/www.selenium-medical.com\/es\/wp-json\/wp\/v2\/users\/2"}],"replies":[{"embeddable":true,"href":"https:\/\/www.selenium-medical.com\/es\/wp-json\/wp\/v2\/comments?post=7397"}],"version-history":[{"count":5,"href":"https:\/\/www.selenium-medical.com\/es\/wp-json\/wp\/v2\/pages\/7397\/revisions"}],"predecessor-version":[{"id":7542,"href":"https:\/\/www.selenium-medical.com\/es\/wp-json\/wp\/v2\/pages\/7397\/revisions\/7542"}],"wp:featuredmedia":[{"embeddable":true,"href":"https:\/\/www.selenium-medical.com\/es\/wp-json\/wp\/v2\/media\/400"}],"wp:attachment":[{"href":"https:\/\/www.selenium-medical.com\/es\/wp-json\/wp\/v2\/media?parent=7397"}],"curies":[{"name":"wp","href":"https:\/\/api.w.org\/{rel}","templated":true}]}}