{"id":7420,"date":"2025-02-05T08:13:00","date_gmt":"2025-02-05T07:13:00","guid":{"rendered":"https:\/\/www.selenium-medical.com\/?page_id=7420"},"modified":"2025-12-24T16:03:55","modified_gmt":"2025-12-24T15:03:55","slug":"sobliss","status":"publish","type":"page","link":"https:\/\/www.selenium-medical.com\/es\/innovaciones\/sobliss\/","title":{"rendered":"SoBliss\u00ae"},"content":{"rendered":"<div class=\"wpb-content-wrapper\"><p>[vc_row][vc_column][vc_empty_space][\/vc_column][\/vc_row][vc_row content_placement=\u00bbmiddle\u00bb][vc_column width=\u00bb6\/12&#8243; el_class=\u00bbiframe-anim card-blanche\u00bb][vc_raw_html css=\u00bb.vc_custom_1740405226342{margin-bottom: 0px !important;}\u00bb]JTNDaWZyYW1lJTIwdGl0bGUlM0QlMjJTb0JsaXNzJTIyJTIwYWxsb3clM0QlMjJhdXRvcGxheSUyMiUyMGZyYW1lYm9yZGVyJTNEJTIyMCUyMiUyMHdpZHRoJTNEJTIyNjQwJTIyJTIwaGVpZ2h0JTNEJTIyNDgwJTIyJTIwc3JjJTNEJTIyaHR0cHMlM0ElMkYlMkZza2V0Y2hmYWIuY29tJTJGbW9kZWxzJTJGYWI4YjNjMDFjZGMyNGFhYzg0MmM1ZDc0MTc3NjYwMjglMkZlbWJlZCUzRmF1dG9zdGFydCUzRDElMjIlMjAlM0UlMjAlM0MlMkZpZnJhbWUlM0U=[\/vc_raw_html][\/vc_column][vc_column width=\u00bb1\/12&#8243;][\/vc_column][vc_column width=\u00bb5\/12&#8243;][vc_column_text css=\u00bb\u00bb el_class=\u00bbtitre-trait\u00bb]<\/p>\n<h2>Una nueva visi\u00f3n del envase para dispositivos m\u00e9dicos<\/h2>\n<p>El envase para dispositivos m\u00e9dicos desempe\u00f1a un papel fundamental para la seguridad de los pacientes y la eficacia de las intervenciones quir\u00fargicas. SoBliss\u00ae se ha desarrollado para hacer frente a estos desaf\u00edos, redefiniendo el concepto tradicional de envase y cumpliendo con las normas m\u00e1s estrictas del sector m\u00e9dico.[\/vc_column_text][\/vc_column][\/vc_row][vc_row][vc_column][vc_empty_space height=\u00bb50px\u00bb][\/vc_column][\/vc_row][vc_row full_width=\u00bbstretch_row\u00bb css=\u00bb.vc_custom_1739368032753{background-color: #FFFFFF !important;}\u00bb el_class=\u00bbrangee-icones\u00bb][vc_column][vc_empty_space height=\u00bb50px\u00bb][vc_column_text css=\u00bb\u00bb]<\/p>\n<h2 style=\"text-align: center;\">SoBliss\u00ae reinventa el envase de los dispositivos m\u00e9dicos<\/h2>\n<p>[\/vc_column_text][vc_empty_space][vc_row_inner el_class=\u00bbrangee-icones\u00bb][vc_column_inner width=\u00bb1\/12&#8243; css=\u00bb.vc_custom_1738745320897{padding-right: 0px !important;}\u00bb][vc_single_image image=\u00bb1119&#8243; img_size=\u00bb24&#215;24&#8243; alignment=\u00bbright\u00bb css=\u00bb\u00bb][\/vc_column_inner][vc_column_inner width=\u00bb5\/12&#8243;][vc_column_text css=\u00bb\u00bb]<strong>Intuitivo<\/strong><br \/>\nEnvase Tyvek con apertura f\u00e1cil.[\/vc_column_text][\/vc_column_inner][vc_column_inner width=\u00bb1\/12&#8243; css=\u00bb.vc_custom_1738745327550{padding-right: 0px !important;}\u00bb][vc_single_image image=\u00bb481&#8243; img_size=\u00bb24&#215;24&#8243; alignment=\u00bbright\u00bb css=\u00bb\u00bb][\/vc_column_inner][vc_column_inner width=\u00bb5\/12&#8243;][vc_column_text css=\u00bb\u00bb]<strong>Adaptable<br \/>\n<\/strong>Disponible en diferentes tama\u00f1os para adaptarse a todo tipo de implantes.[\/vc_column_text][\/vc_column_inner][\/vc_row_inner][vc_row_inner][vc_column_inner width=\u00bb1\/12&#8243; css=\u00bb.vc_custom_1738745320897{padding-right: 0px !important;}\u00bb][vc_single_image image=\u00bb501&#8243; img_size=\u00bb24&#215;24&#8243; alignment=\u00bbright\u00bb css=\u00bb\u00bb][\/vc_column_inner][vc_column_inner width=\u00bb5\/12&#8243;][vc_column_text css=\u00bb\u00bb]<strong>No Touch<\/strong><br \/>\nEl dise\u00f1o sin contacto directo con el implante reduce los fallos as\u00e9pticos durante los procedimientos de transferencia.[\/vc_column_text][\/vc_column_inner][vc_column_inner width=\u00bb1\/12&#8243; css=\u00bb.vc_custom_1738745327550{padding-right: 0px !important;}\u00bb][vc_single_image image=\u00bb506&#8243; img_size=\u00bb24&#215;24&#8243; alignment=\u00bbright\u00bb css=\u00bb\u00bb][\/vc_column_inner][vc_column_inner width=\u00bb5\/12&#8243;][vc_column_text css=\u00bb\u00bb]<strong>Inteligente<\/strong><br \/>\nEstabilizaci\u00f3n del implante con una soluci\u00f3n de sujeci\u00f3n a medida o con nuestros soportes SoEasy\u00ae o SoKlean\u00ae.[\/vc_column_text][\/vc_column_inner][\/vc_row_inner][vc_row_inner][vc_column_inner width=\u00bb1\/12&#8243; css=\u00bb.vc_custom_1738745320897{padding-right: 0px !important;}\u00bb][vc_single_image image=\u00bb496&#8243; img_size=\u00bb24&#215;24&#8243; alignment=\u00bbright\u00bb css=\u00bb\u00bb][\/vc_column_inner][vc_column_inner width=\u00bb5\/12&#8243;][vc_column_text css=\u00bb\u00bb]<strong>Transparente<\/strong><br \/>\nVisibilidad de 360\u00b0 para una identificaci\u00f3n optimizada.[\/vc_column_text][\/vc_column_inner][vc_column_inner width=\u00bb1\/12&#8243; css=\u00bb.vc_custom_1738745327550{padding-right: 0px !important;}\u00bb][vc_single_image image=\u00bb481&#8243; img_size=\u00bb24&#215;24&#8243; alignment=\u00bbright\u00bb css=\u00bb\u00bb][\/vc_column_inner][vc_column_inner width=\u00bb5\/12&#8243;][vc_column_text css=\u00bb\u00bb]<strong>Compatible<\/strong><br \/>\nEsterilizaci\u00f3n gamma y ETO.[\/vc_column_text][\/vc_column_inner][\/vc_row_inner][vc_row_inner][vc_column_inner width=\u00bb1\/12&#8243; css=\u00bb.vc_custom_1738745320897{padding-right: 0px !important;}\u00bb][vc_single_image image=\u00bb491&#8243; img_size=\u00bb24&#215;24&#8243; alignment=\u00bbright\u00bb css=\u00bb\u00bb][\/vc_column_inner][vc_column_inner width=\u00bb5\/12&#8243;][vc_column_text css=\u00bb\u00bb]<strong>S\u00f3lido<\/strong><br \/>\nBl\u00edster r\u00edgido y compacto, simple o doble, que garantiza una protecci\u00f3n \u00f3ptima de los implantes quir\u00fargicos.[\/vc_column_text][\/vc_column_inner][vc_column_inner width=\u00bb1\/12&#8243; css=\u00bb.vc_custom_1738745327550{padding-right: 0px !important;}\u00bb][vc_single_image image=\u00bb511&#8243; img_size=\u00bb24&#215;24&#8243; alignment=\u00bbright\u00bb css=\u00bb\u00bb][\/vc_column_inner][vc_column_inner width=\u00bb5\/12&#8243;][vc_column_text css=\u00bb\u00bb]<strong>Personalizable<\/strong><br \/>\nOpciones de personalizaci\u00f3n para satisfacer necesidades espec\u00edficas.<\/p>\n<p>[\/vc_column_text][\/vc_column_inner][\/vc_row_inner][vc_empty_space height=\u00bb45px\u00bb][\/vc_column][\/vc_row][vc_row][vc_column][vc_empty_space height=\u00bb50px\u00bb][\/vc_column][\/vc_row][vc_row gap=\u00bb30&#8243; content_placement=\u00bbmiddle\u00bb][vc_column width=\u00bb7\/12&#8243;][vc_column_text css=\u00bb\u00bb el_class=\u00bbtitre-trait\u00bb]<\/p>\n<h2>SoBliss\u00ae: doble bl\u00edster est\u00e9ril<\/h2>\n<p>SoBliss\u00ae redefine los est\u00e1ndares tradicionales de envase de los dispositivos m\u00e9dicos y ofrece una soluci\u00f3n innovadora que cumple con las normas ISO 11607 e ISO 868-5.<\/p>\n<p>Con un dise\u00f1o ergon\u00f3mico, este doble bl\u00edster est\u00e9ril proporciona una protecci\u00f3n reforzada de los implantes y mejora su visibilidad. Adem\u00e1s, ofrece un mejor agarre y una manipulaci\u00f3n m\u00e1s segura, lo que garantiza una transferencia as\u00e9ptica \u00f3ptima. Este envase de primera calidad permite llevar a cabo procedimientos quir\u00fargicos con mayor seguridad.<\/p>\n<p>SoBliss se prob\u00f3 en la conferencia de la AORN celebrada en marzo de 2018. SoBliss\u00ae obtuvo una puntuaci\u00f3n de 8,8\/10 en cuanto a la facilidad de uso entre el personal de enfermer\u00eda quir\u00fargica.[\/vc_column_text][vc_raw_html css=\u00bb\u00bb]JTNDdmlkZW8lMjB3aWR0aCUzRCUyMjEwMCUyNSUyMiUyMGF1dG9wbGF5JTIwbG9vcCUyMG11dGVkJTIwcGxheXNpbmxpbmUlMjBjbGFzcyUzRCUyMnZpZGVvLWJsYW5jaGUlMjIlM0UlMEElMjAlMjAlM0Nzb3VyY2UlMjBzcmMlM0QlMjJodHRwcyUzQSUyRiUyRnd3dy5zZWxlbml1bS5zdHVkaW92aXRhbWluZS5saW5rJTJGd3AtY29udGVudCUyRnVwbG9hZHMlMkYyMDI1JTJGMDIlMkZTb0JsaXNzLm1wNCUyMiUyMHR5cGUlM0QlMjJ2aWRlbyUyRm1wNCUyMiUzRSUwQSUyMCUyMFRvbiUyMG5hdmlnYXRldXIlMjBuZSUyMHN1cHBvcnRlJTIwcGFzJTIwbGElMjB2aWQlQzMlQTlvLiUwQSUzQyUyRnZpZGVvJTNFJTBB[\/vc_raw_html][\/vc_column][vc_column width=\u00bb5\/12&#8243;][vc_single_image image=\u00bb4757&#8243; img_size=\u00bblarge\u00bb css=\u00bb\u00bb el_class=\u00bbimg-blanche\u00bb][vc_single_image image=\u00bb4767&#8243; img_size=\u00bblarge\u00bb css=\u00bb\u00bb el_class=\u00bbimg-blanche\u00bb][\/vc_column][\/vc_row][vc_row][vc_column][vc_empty_space height=\u00bb50px\u00bb][\/vc_column][\/vc_row][vc_row full_width=\u00bbstretch_row\u00bb css=\u00bb.vc_custom_1738748118117{background-color: #FFA013 !important;}\u00bb][vc_column][vc_empty_space height=\u00bb45px\u00bb][vc_column_text css=\u00bb\u00bb]<\/p>\n<h2 style=\"text-align: center;\"><span style=\"color: #ffffff;\">Reconocimientos internacionales<\/span><\/h2>\n<p style=\"text-align: center;\"><span style=\"color: #ffffff;\">SoBliss\u00ae ha ganado varios premios internacionales en los \u00faltimos a\u00f1os.<\/span><\/p>\n<p>[\/vc_column_text][vc_row_inner gap=\u00bb35&#8243;][vc_column_inner width=\u00bb1\/3&#8243;][vc_single_image image=\u00bb561&#8243; img_size=\u00bbmedium\u00bb alignment=\u00bbcenter\u00bb css=\u00bb\u00bb el_class=\u00bbimg-blanche\u00bb][\/vc_column_inner][vc_column_inner width=\u00bb1\/3&#8243;][vc_single_image image=\u00bb566&#8243; img_size=\u00bbmedium\u00bb alignment=\u00bbcenter\u00bb css=\u00bb\u00bb el_class=\u00bbimg-blanche\u00bb][\/vc_column_inner][vc_column_inner width=\u00bb1\/3&#8243;][vc_single_image image=\u00bb556&#8243; img_size=\u00bbmedium\u00bb alignment=\u00bbcenter\u00bb css=\u00bb\u00bb el_class=\u00bbimg-blanche\u00bb][\/vc_column_inner][\/vc_row_inner][vc_empty_space height=\u00bb30&#8243;][\/vc_column][\/vc_row][vc_row full_width=\u00bbstretch_row\u00bb content_placement=\u00bbmiddle\u00bb css=\u00bb.vc_custom_1738749017783{background-color: #FFFFFF !important;}\u00bb][vc_column][vc_empty_space height=\u00bb30&#8243;][vc_row_inner content_placement=\u00bbmiddle\u00bb][vc_column_inner width=\u00bb1\/2&#8243;][vc_column_text css=\u00bb\u00bb el_class=\u00bbtitre-trait\u00bb]<\/p>\n<h2><strong>Nuestra especialidad asociada<\/strong><\/h2>\n<h3><span style=\"color: #ffa013;\">Envase est\u00e9ril<\/span><\/h3>\n<p>Aproveche nuestros conocimientos t\u00e9cnicos para garantizar un envase \u00f3ptimo de sus dispositivos m\u00e9dicos: limpieza, ensamblaje, preparaci\u00f3n de kits, envasado y esterilizaci\u00f3n.[\/vc_column_text][vc_btn title=\u00bbDescubrir nuestra experiencia\u00bb css=\u00bb\u00bb link=\u00bburl:https%3A%2F%2Fwww.selenium-medical.com%2Fes%2Fespecialidades%2Fenvasado-esteril%2F|title:Conditionnement%20st%C3%A9rile\u00bb el_class=\u00bbpackaging\u00bb][\/vc_column_inner][vc_column_inner width=\u00bb1\/2&#8243;][vc_single_image image=\u00bb93&#8243; img_size=\u00bblarge\u00bb style=\u00bbvc_box_rounded\u00bb css=\u00bb\u00bb][\/vc_column_inner][\/vc_row_inner][vc_empty_space height=\u00bb45px\u00bb][\/vc_column][\/vc_row][vc_row full_width=\u00bbstretch_row\u00bb css=\u00bb.vc_custom_1738751887011{background-color: #ECF2FF !important;}\u00bb][vc_column][vc_empty_space height=\u00bb40px\u00bb][vc_column_text css=\u00bb\u00bb]<\/p>\n<h2 style=\"text-align: center;\">Nuestra soluci\u00f3n\u00a0SoBliss\u00ae\u00a0al servicio de diversos mercados<\/h2>\n<p>[\/vc_column_text][vc_row_inner el_class=\u00bbrond-blanc\u00bb][vc_column_inner width=\u00bb1\/4&#8243;][vc_single_image image=\u00bb626&#8243; img_size=\u00bbmedium\u00bb alignment=\u00bbcenter\u00bb css=\u00bb.vc_custom_1738749990930{margin-bottom: 15px !important;}\u00bb][vc_column_text css=\u00bb\u00bb]<\/p>\n<h4 style=\"text-align: center;\">Ortopedia<\/h4>\n<p>[\/vc_column_text][\/vc_column_inner][vc_column_inner width=\u00bb1\/4&#8243;][vc_single_image image=\u00bb621&#8243; img_size=\u00bbmedium\u00bb alignment=\u00bbcenter\u00bb css=\u00bb.vc_custom_1738750001315{margin-bottom: 15px !important;}\u00bb][vc_column_text css=\u00bb\u00bb]<\/p>\n<h4 style=\"text-align: center;\">Dental<\/h4>\n<p>[\/vc_column_text][\/vc_column_inner][vc_column_inner width=\u00bb1\/4&#8243;][vc_single_image image=\u00bb616&#8243; img_size=\u00bbmedium\u00bb alignment=\u00bbcenter\u00bb css=\u00bb.vc_custom_1738750006103{margin-bottom: 15px !important;}\u00bb][vc_column_text css=\u00bb\u00bb]<\/p>\n<h4 style=\"text-align: center;\">Tejidos blandos<\/h4>\n<p>[\/vc_column_text][\/vc_column_inner][vc_column_inner width=\u00bb1\/4&#8243;][vc_single_image image=\u00bb611&#8243; img_size=\u00bbmedium\u00bb alignment=\u00bbcenter\u00bb css=\u00bb.vc_custom_1738750011892{margin-bottom: 15px !important;}\u00bb][vc_column_text css=\u00bb\u00bb]<\/p>\n<h4 style=\"text-align: center;\">Rob\u00f3tica<\/h4>\n<p>[\/vc_column_text][\/vc_column_inner][\/vc_row_inner][vc_empty_space height=\u00bb20&#8243;][\/vc_column][\/vc_row][vc_row disable_element=\u00bbyes\u00bb][vc_column][vc_empty_space height=\u00bb50px\u00bb][\/vc_column][\/vc_row][vc_row content_placement=\u00bbmiddle\u00bb disable_element=\u00bbyes\u00bb][vc_column width=\u00bb3\/6&#8243;][vc_column_text css=\u00bb\u00bb el_class=\u00bbtitre-trait\u00bb]<\/p>\n<h2>Nos actualit\u00e9s<\/h2>\n<p>[\/vc_column_text][vc_column_text css=\u00bb\u00bb][\/vc_column_text][\/vc_column][vc_column width=\u00bb1\/6&#8243; el_class=\u00bbquote\u00bb][\/vc_column][vc_column width=\u00bb2\/6&#8243; el_class=\u00bbquote\u00bb][vc_column_text css=\u00bb\u00bb]<\/p>\n<h2>Le saviez-vous ?<\/h2>\n<p>Selon l&#8217;Organisation mondiale de la sant\u00e9, environ\u00a03,5 milliards de personnes\u00a0dans le monde souffrent de troubles bucco-dentaires, les caries dentaires et les maladies parodontales \u00e9tant les plus courantes.[\/vc_column_text][\/vc_column][\/vc_row][vc_row][vc_column][vc_empty_space height=\u00bb50px\u00bb][\/vc_column][\/vc_row][vc_row css=\u00bb.vc_custom_1738751367647{background-image: url(https:\/\/www.selenium-medical.com\/wp-content\/uploads\/2025\/02\/background-decouvrez.png?id=633) !important;}\u00bb el_class=\u00bbdiscover-more\u00bb][vc_column][vc_column_text css=\u00bb\u00bb]<\/p>\n<h2 style=\"text-align: center;\">Descubra nuestras innovaciones<\/h2>\n<p style=\"text-align: center;\">\u00a0Motivados por la innovaci\u00f3n como aspecto central de nuestro ADN, hemos desarrollado soluciones \u00fanicas<br \/>\npara optimizar la manipulaci\u00f3n y la protecci\u00f3n de los dispositivos m\u00e9dicos.<\/p>\n<p>[\/vc_column_text][vc_btn title=\u00bbVer nuestras innovaciones\u00bb align=\u00bbcenter\u00bb css=\u00bb\u00bb link=\u00bburl:https%3A%2F%2Fwww.selenium-medical.com%2Fes%2Finnovaciones%2F|title:Les%20innovations\u00bb][\/vc_column][\/vc_row][vc_row][vc_column][vc_empty_space height=\u00bb50px\u00bb][\/vc_column][\/vc_row][vc_row full_width=\u00bbstretch_row\u00bb content_placement=\u00bbmiddle\u00bb css=\u00bb.vc_custom_1738676652411{background-color: #1952C2 !important;}\u00bb el_class=\u00bbfond-bleu\u00bb][vc_column width=\u00bb1\/2&#8243;][vc_column_text css=\u00bb\u00bb]<\/p>\n<h2>Juntos, estudiamos su proyecto<\/h2>\n<p>D\u00edganos lo que necesita, estamos a su disposici\u00f3n para ayudarle.[\/vc_column_text][\/vc_column][vc_column width=\u00bb1\/2&#8243;][vc_btn title=\u00bbCont\u00e1ctenos\u00bb align=\u00bbright\u00bb css=\u00bb\u00bb link=\u00bburl:https%3A%2F%2Fwww.selenium-medical.com%2Fes%2Fcontacto%2F|title:Contacto\u00bb][\/vc_column][\/vc_row]<\/p>\n<\/div>","protected":false},"excerpt":{"rendered":"<p>[vc_row][vc_column][vc_empty_space][\/vc_column][\/vc_row][vc_row content_placement=\u00bbmiddle\u00bb][vc_column width=\u00bb6\/12&#8243; el_class=\u00bbiframe-anim card-blanche\u00bb][vc_raw_html css=\u00bb.vc_custom_1740405226342{margin-bottom: 0px !important;}\u00bb]JTNDaWZyYW1lJTIwdGl0bGUlM0QlMjJTb0JsaXNzJTIyJTIwYWxsb3clM0QlMjJhdXRvcGxheSUyMiUyMGZyYW1lYm9yZGVyJTNEJTIyMCUyMiUyMHdpZHRoJTNEJTIyNjQwJTIyJTIwaGVpZ2h0JTNEJTIyNDgwJTIyJTIwc3JjJTNEJTIyaHR0cHMlM0ElMkYlMkZza2V0Y2hmYWIuY29tJTJGbW9kZWxzJTJGYWI4YjNjMDFjZGMyNGFhYzg0MmM1ZDc0MTc3NjYwMjglMkZlbWJlZCUzRmF1dG9zdGFydCUzRDElMjIlMjAlM0UlMjAlM0MlMkZpZnJhbWUlM0U=[\/vc_raw_html][\/vc_column][vc_column width=\u00bb1\/12&#8243;][\/vc_column][vc_column width=\u00bb5\/12&#8243;][vc_column_text css=\u00bb\u00bb el_class=\u00bbtitre-trait\u00bb] Una nueva visi\u00f3n del envase para dispositivos m\u00e9dicos El envase para dispositivos m\u00e9dicos desempe\u00f1a un papel fundamental para la seguridad de los pacientes y la eficacia de las intervenciones quir\u00fargicas. SoBliss\u00ae se ha desarrollado para hacer frente a estos desaf\u00edos, redefiniendo el concepto [&hellip;]<\/p>\n","protected":false},"author":2,"featured_media":464,"parent":7402,"menu_order":0,"comment_status":"closed","ping_status":"closed","template":"","meta":{"_acf_changed":false,"inline_featured_image":false,"footnotes":""},"class_list":["post-7420","page","type-page","status-publish","has-post-thumbnail","hentry"],"acf":[],"yoast_head":"<!-- This site is optimized with the Yoast SEO plugin v27.4 - https:\/\/yoast.com\/product\/yoast-seo-wordpress\/ -->\n<title>SoBliss\u00ae - Selenium Medical<\/title>\n<meta name=\"robots\" content=\"index, follow, max-snippet:-1, max-image-preview:large, max-video-preview:-1\" \/>\n<link rel=\"canonical\" href=\"https:\/\/www.selenium-medical.com\/es\/innovaciones\/sobliss\/\" \/>\n<meta property=\"og:locale\" content=\"es_ES\" \/>\n<meta property=\"og:type\" content=\"article\" \/>\n<meta property=\"og:title\" content=\"SoBliss\u00ae - Selenium Medical\" \/>\n<meta property=\"og:description\" content=\"[vc_row][vc_column][vc_empty_space][\/vc_column][\/vc_row][vc_row content_placement=\u00bbmiddle\u00bb][vc_column width=\u00bb6\/12&#8243; el_class=\u00bbiframe-anim card-blanche\u00bb][vc_raw_html css=\u00bb.vc_custom_1740405226342{margin-bottom: 0px !important;}\u00bb]JTNDaWZyYW1lJTIwdGl0bGUlM0QlMjJTb0JsaXNzJTIyJTIwYWxsb3clM0QlMjJhdXRvcGxheSUyMiUyMGZyYW1lYm9yZGVyJTNEJTIyMCUyMiUyMHdpZHRoJTNEJTIyNjQwJTIyJTIwaGVpZ2h0JTNEJTIyNDgwJTIyJTIwc3JjJTNEJTIyaHR0cHMlM0ElMkYlMkZza2V0Y2hmYWIuY29tJTJGbW9kZWxzJTJGYWI4YjNjMDFjZGMyNGFhYzg0MmM1ZDc0MTc3NjYwMjglMkZlbWJlZCUzRmF1dG9zdGFydCUzRDElMjIlMjAlM0UlMjAlM0MlMkZpZnJhbWUlM0U=[\/vc_raw_html][\/vc_column][vc_column width=\u00bb1\/12&#8243;][\/vc_column][vc_column width=\u00bb5\/12&#8243;][vc_column_text css=\u00bb\u00bb el_class=\u00bbtitre-trait\u00bb] Una nueva visi\u00f3n del envase para dispositivos m\u00e9dicos El envase para dispositivos m\u00e9dicos desempe\u00f1a un papel fundamental para la seguridad de los pacientes y la eficacia de las intervenciones quir\u00fargicas. SoBliss\u00ae se ha desarrollado para hacer frente a estos desaf\u00edos, redefiniendo el concepto [&hellip;]\" \/>\n<meta property=\"og:url\" content=\"https:\/\/www.selenium-medical.com\/es\/innovaciones\/sobliss\/\" \/>\n<meta property=\"og:site_name\" content=\"Selenium Medical\" \/>\n<meta property=\"article:modified_time\" content=\"2025-12-24T15:03:55+00:00\" \/>\n<meta property=\"og:image\" content=\"https:\/\/www.selenium-medical.com\/wp-content\/uploads\/2025\/02\/sobliss-hero.png\" \/>\n\t<meta property=\"og:image:width\" content=\"2166\" \/>\n\t<meta property=\"og:image:height\" content=\"593\" \/>\n\t<meta property=\"og:image:type\" content=\"image\/png\" \/>\n<meta name=\"twitter:card\" content=\"summary_large_image\" \/>\n<meta name=\"twitter:label1\" content=\"Tiempo de lectura\" \/>\n\t<meta name=\"twitter:data1\" content=\"8 minutos\" \/>\n<script type=\"application\/ld+json\" class=\"yoast-schema-graph\">{\"@context\":\"https:\\\/\\\/schema.org\",\"@graph\":[{\"@type\":\"WebPage\",\"@id\":\"https:\\\/\\\/www.selenium-medical.com\\\/es\\\/innovaciones\\\/sobliss\\\/\",\"url\":\"https:\\\/\\\/www.selenium-medical.com\\\/es\\\/innovaciones\\\/sobliss\\\/\",\"name\":\"SoBliss\u00ae - Selenium Medical\",\"isPartOf\":{\"@id\":\"https:\\\/\\\/www.selenium-medical.com\\\/es\\\/#website\"},\"primaryImageOfPage\":{\"@id\":\"https:\\\/\\\/www.selenium-medical.com\\\/es\\\/innovaciones\\\/sobliss\\\/#primaryimage\"},\"image\":{\"@id\":\"https:\\\/\\\/www.selenium-medical.com\\\/es\\\/innovaciones\\\/sobliss\\\/#primaryimage\"},\"thumbnailUrl\":\"https:\\\/\\\/www.selenium-medical.com\\\/wp-content\\\/uploads\\\/2025\\\/02\\\/sobliss-hero.png\",\"datePublished\":\"2025-02-05T07:13:00+00:00\",\"dateModified\":\"2025-12-24T15:03:55+00:00\",\"breadcrumb\":{\"@id\":\"https:\\\/\\\/www.selenium-medical.com\\\/es\\\/innovaciones\\\/sobliss\\\/#breadcrumb\"},\"inLanguage\":\"es\",\"potentialAction\":[{\"@type\":\"ReadAction\",\"target\":[\"https:\\\/\\\/www.selenium-medical.com\\\/es\\\/innovaciones\\\/sobliss\\\/\"]}]},{\"@type\":\"ImageObject\",\"inLanguage\":\"es\",\"@id\":\"https:\\\/\\\/www.selenium-medical.com\\\/es\\\/innovaciones\\\/sobliss\\\/#primaryimage\",\"url\":\"https:\\\/\\\/www.selenium-medical.com\\\/wp-content\\\/uploads\\\/2025\\\/02\\\/sobliss-hero.png\",\"contentUrl\":\"https:\\\/\\\/www.selenium-medical.com\\\/wp-content\\\/uploads\\\/2025\\\/02\\\/sobliss-hero.png\",\"width\":2166,\"height\":593},{\"@type\":\"BreadcrumbList\",\"@id\":\"https:\\\/\\\/www.selenium-medical.com\\\/es\\\/innovaciones\\\/sobliss\\\/#breadcrumb\",\"itemListElement\":[{\"@type\":\"ListItem\",\"position\":1,\"name\":\"Inicio\",\"item\":\"https:\\\/\\\/www.selenium-medical.com\\\/es\\\/\"},{\"@type\":\"ListItem\",\"position\":2,\"name\":\"Innovaciones\",\"item\":\"https:\\\/\\\/www.selenium-medical.com\\\/es\\\/innovaciones\\\/\"},{\"@type\":\"ListItem\",\"position\":3,\"name\":\"SoBliss\u00ae\"}]},{\"@type\":\"WebSite\",\"@id\":\"https:\\\/\\\/www.selenium-medical.com\\\/es\\\/#website\",\"url\":\"https:\\\/\\\/www.selenium-medical.com\\\/es\\\/\",\"name\":\"Selenium Medical\",\"description\":\"\",\"potentialAction\":[{\"@type\":\"SearchAction\",\"target\":{\"@type\":\"EntryPoint\",\"urlTemplate\":\"https:\\\/\\\/www.selenium-medical.com\\\/es\\\/?s={search_term_string}\"},\"query-input\":{\"@type\":\"PropertyValueSpecification\",\"valueRequired\":true,\"valueName\":\"search_term_string\"}}],\"inLanguage\":\"es\"}]}<\/script>\n<!-- \/ Yoast SEO plugin. -->","yoast_head_json":{"title":"SoBliss\u00ae - Selenium Medical","robots":{"index":"index","follow":"follow","max-snippet":"max-snippet:-1","max-image-preview":"max-image-preview:large","max-video-preview":"max-video-preview:-1"},"canonical":"https:\/\/www.selenium-medical.com\/es\/innovaciones\/sobliss\/","og_locale":"es_ES","og_type":"article","og_title":"SoBliss\u00ae - Selenium Medical","og_description":"[vc_row][vc_column][vc_empty_space][\/vc_column][\/vc_row][vc_row content_placement=\u00bbmiddle\u00bb][vc_column width=\u00bb6\/12&#8243; el_class=\u00bbiframe-anim card-blanche\u00bb][vc_raw_html css=\u00bb.vc_custom_1740405226342{margin-bottom: 0px !important;}\u00bb]JTNDaWZyYW1lJTIwdGl0bGUlM0QlMjJTb0JsaXNzJTIyJTIwYWxsb3clM0QlMjJhdXRvcGxheSUyMiUyMGZyYW1lYm9yZGVyJTNEJTIyMCUyMiUyMHdpZHRoJTNEJTIyNjQwJTIyJTIwaGVpZ2h0JTNEJTIyNDgwJTIyJTIwc3JjJTNEJTIyaHR0cHMlM0ElMkYlMkZza2V0Y2hmYWIuY29tJTJGbW9kZWxzJTJGYWI4YjNjMDFjZGMyNGFhYzg0MmM1ZDc0MTc3NjYwMjglMkZlbWJlZCUzRmF1dG9zdGFydCUzRDElMjIlMjAlM0UlMjAlM0MlMkZpZnJhbWUlM0U=[\/vc_raw_html][\/vc_column][vc_column width=\u00bb1\/12&#8243;][\/vc_column][vc_column width=\u00bb5\/12&#8243;][vc_column_text css=\u00bb\u00bb el_class=\u00bbtitre-trait\u00bb] Una nueva visi\u00f3n del envase para dispositivos m\u00e9dicos El envase para dispositivos m\u00e9dicos desempe\u00f1a un papel fundamental para la seguridad de los pacientes y la eficacia de las intervenciones quir\u00fargicas. SoBliss\u00ae se ha desarrollado para hacer frente a estos desaf\u00edos, redefiniendo el concepto [&hellip;]","og_url":"https:\/\/www.selenium-medical.com\/es\/innovaciones\/sobliss\/","og_site_name":"Selenium Medical","article_modified_time":"2025-12-24T15:03:55+00:00","og_image":[{"width":2166,"height":593,"url":"https:\/\/www.selenium-medical.com\/wp-content\/uploads\/2025\/02\/sobliss-hero.png","type":"image\/png"}],"twitter_card":"summary_large_image","twitter_misc":{"Tiempo de lectura":"8 minutos"},"schema":{"@context":"https:\/\/schema.org","@graph":[{"@type":"WebPage","@id":"https:\/\/www.selenium-medical.com\/es\/innovaciones\/sobliss\/","url":"https:\/\/www.selenium-medical.com\/es\/innovaciones\/sobliss\/","name":"SoBliss\u00ae - Selenium Medical","isPartOf":{"@id":"https:\/\/www.selenium-medical.com\/es\/#website"},"primaryImageOfPage":{"@id":"https:\/\/www.selenium-medical.com\/es\/innovaciones\/sobliss\/#primaryimage"},"image":{"@id":"https:\/\/www.selenium-medical.com\/es\/innovaciones\/sobliss\/#primaryimage"},"thumbnailUrl":"https:\/\/www.selenium-medical.com\/wp-content\/uploads\/2025\/02\/sobliss-hero.png","datePublished":"2025-02-05T07:13:00+00:00","dateModified":"2025-12-24T15:03:55+00:00","breadcrumb":{"@id":"https:\/\/www.selenium-medical.com\/es\/innovaciones\/sobliss\/#breadcrumb"},"inLanguage":"es","potentialAction":[{"@type":"ReadAction","target":["https:\/\/www.selenium-medical.com\/es\/innovaciones\/sobliss\/"]}]},{"@type":"ImageObject","inLanguage":"es","@id":"https:\/\/www.selenium-medical.com\/es\/innovaciones\/sobliss\/#primaryimage","url":"https:\/\/www.selenium-medical.com\/wp-content\/uploads\/2025\/02\/sobliss-hero.png","contentUrl":"https:\/\/www.selenium-medical.com\/wp-content\/uploads\/2025\/02\/sobliss-hero.png","width":2166,"height":593},{"@type":"BreadcrumbList","@id":"https:\/\/www.selenium-medical.com\/es\/innovaciones\/sobliss\/#breadcrumb","itemListElement":[{"@type":"ListItem","position":1,"name":"Inicio","item":"https:\/\/www.selenium-medical.com\/es\/"},{"@type":"ListItem","position":2,"name":"Innovaciones","item":"https:\/\/www.selenium-medical.com\/es\/innovaciones\/"},{"@type":"ListItem","position":3,"name":"SoBliss\u00ae"}]},{"@type":"WebSite","@id":"https:\/\/www.selenium-medical.com\/es\/#website","url":"https:\/\/www.selenium-medical.com\/es\/","name":"Selenium Medical","description":"","potentialAction":[{"@type":"SearchAction","target":{"@type":"EntryPoint","urlTemplate":"https:\/\/www.selenium-medical.com\/es\/?s={search_term_string}"},"query-input":{"@type":"PropertyValueSpecification","valueRequired":true,"valueName":"search_term_string"}}],"inLanguage":"es"}]}},"_links":{"self":[{"href":"https:\/\/www.selenium-medical.com\/es\/wp-json\/wp\/v2\/pages\/7420","targetHints":{"allow":["GET"]}}],"collection":[{"href":"https:\/\/www.selenium-medical.com\/es\/wp-json\/wp\/v2\/pages"}],"about":[{"href":"https:\/\/www.selenium-medical.com\/es\/wp-json\/wp\/v2\/types\/page"}],"author":[{"embeddable":true,"href":"https:\/\/www.selenium-medical.com\/es\/wp-json\/wp\/v2\/users\/2"}],"replies":[{"embeddable":true,"href":"https:\/\/www.selenium-medical.com\/es\/wp-json\/wp\/v2\/comments?post=7420"}],"version-history":[{"count":8,"href":"https:\/\/www.selenium-medical.com\/es\/wp-json\/wp\/v2\/pages\/7420\/revisions"}],"predecessor-version":[{"id":7618,"href":"https:\/\/www.selenium-medical.com\/es\/wp-json\/wp\/v2\/pages\/7420\/revisions\/7618"}],"up":[{"embeddable":true,"href":"https:\/\/www.selenium-medical.com\/es\/wp-json\/wp\/v2\/pages\/7402"}],"wp:featuredmedia":[{"embeddable":true,"href":"https:\/\/www.selenium-medical.com\/es\/wp-json\/wp\/v2\/media\/464"}],"wp:attachment":[{"href":"https:\/\/www.selenium-medical.com\/es\/wp-json\/wp\/v2\/media?parent=7420"}],"curies":[{"name":"wp","href":"https:\/\/api.w.org\/{rel}","templated":true}]}}