{"id":7501,"date":"2025-02-11T10:03:12","date_gmt":"2025-02-11T09:03:12","guid":{"rendered":"https:\/\/www.selenium-medical.com\/?page_id=7501"},"modified":"2025-12-24T15:49:27","modified_gmt":"2025-12-24T14:49:27","slug":"contacto","status":"publish","type":"page","link":"https:\/\/www.selenium-medical.com\/es\/contacto\/","title":{"rendered":"Contacto"},"content":{"rendered":"<div class=\"wpb-content-wrapper\"><p>[vc_row][vc_column width=\u00bb2\/12&#8243; offset=\u00bbvc_hidden-sm vc_hidden-xs\u00bb][\/vc_column][vc_column width=\u00bb8\/12&#8243;][vc_empty_space]<style id=\"wpforms-css-vars-1092\">\n\t\t\t\t#wpforms-1092 {\n\t\t\t\t\n\t\t\t}\n\t\t\t<\/style><div class=\"wpforms-container wpforms-container-full wpforms-render-modern\" id=\"wpforms-1092\"><form id=\"wpforms-form-1092\" class=\"wpforms-validate wpforms-form wpforms-ajax-form\" data-formid=\"1092\" method=\"post\" enctype=\"multipart\/form-data\" action=\"\/es\/wp-json\/wp\/v2\/pages\/7501?wpforms_form_id=1092\" data-token=\"0581d2d9832bb837bc7fdf246573b238\" data-token-time=\"1777435472\"><noscript class=\"wpforms-error-noscript\">Por favor, activa JavaScript en tu navegador para completar este formulario.<\/noscript><div id=\"wpforms-error-noscript\" style=\"display: none;\">Por favor, activa JavaScript en tu navegador para completar este formulario.<\/div><div class=\"wpforms-field-container\"><div id=\"wpforms-1092-field_22-container\" class=\"wpforms-field wpforms-field-html\" data-field-id=\"22\"><div id=\"wpforms-1092-field_22\" aria-errormessage=\"wpforms-1092-field_22-error\"><h2 style=\"text-align: center; font-size: 28px; margin-bottom: 10px;\">\u00a1Escr\u00edbenos!<\/h2>\r\n<p style=\"text-align: center\">Estamos aqu\u00ed para escucharte. Env\u00edanos tu solicitud mediante el formulario a continuaci\u00f3n.<\/p><p><\/p><\/div><\/div><div id=\"wpforms-1092-field_1-container\" class=\"wpforms-field wpforms-field-name\" data-field-id=\"1\"><fieldset><legend class=\"wpforms-field-label\">Tu identidad <span class=\"wpforms-required-label\" aria-hidden=\"true\">*<\/span><\/legend><div class=\"wpforms-field-row wpforms-field-large\"><div class=\"wpforms-field-row-block wpforms-first wpforms-one-half\"><input type=\"text\" id=\"wpforms-1092-field_1\" class=\"wpforms-field-name-first wpforms-field-required\" name=\"wpforms[fields][1][first]\" placeholder=\"Nombre de pila\" aria-errormessage=\"wpforms-1092-field_1-error\" required><label for=\"wpforms-1092-field_1\" class=\"wpforms-field-sublabel after wpforms-sublabel-hide\">Nombre de pila<\/label><\/div><div class=\"wpforms-field-row-block wpforms-one-half\"><input type=\"text\" id=\"wpforms-1092-field_1-last\" class=\"wpforms-field-name-last wpforms-field-required\" name=\"wpforms[fields][1][last]\" placeholder=\"Nombre\" aria-errormessage=\"wpforms-1092-field_1-last-error\" required><label for=\"wpforms-1092-field_1-last\" class=\"wpforms-field-sublabel after wpforms-sublabel-hide\">Nombre<\/label><\/div><\/div><\/fieldset><\/div>\t\t<div id=\"wpforms-1092-field_5-container\"\n\t\t\tclass=\"wpforms-field wpforms-field-text\"\n\t\t\tdata-field-type=\"text\"\n\t\t\tdata-field-id=\"5\"\n\t\t\t>\n\t\t\t<label class=\"wpforms-field-label\" for=\"wpforms-1092-field_5\" >Recibir RGPD E-mail<\/label>\n\t\t\t<input type=\"text\" id=\"wpforms-1092-field_5\" class=\"wpforms-field-medium\" name=\"wpforms[fields][5]\" >\n\t\t<\/div>\n\t\t<div id=\"wpforms-1092-field_9-container\" class=\"wpforms-field wpforms-field-phone\" data-field-id=\"9\"><label class=\"wpforms-field-label\" for=\"wpforms-1092-field_9\">Tel\u00e9fono<\/label><input type=\"tel\" id=\"wpforms-1092-field_9\" class=\"wpforms-field-large wpforms-smart-phone-field\" data-rule-smart-phone-field=\"true\" name=\"wpforms[fields][9]\" aria-label=\"Tel\u00e9fono\" aria-errormessage=\"wpforms-1092-field_9-error\" ><\/div><div id=\"wpforms-1092-field_2-container\" class=\"wpforms-field wpforms-field-email\" data-field-id=\"2\"><label class=\"wpforms-field-label\" for=\"wpforms-1092-field_2\">E-mail <span class=\"wpforms-required-label\" aria-hidden=\"true\">*<\/span><\/label><input type=\"email\" id=\"wpforms-1092-field_2\" class=\"wpforms-field-large wpforms-field-required\" name=\"wpforms[fields][2]\" spellcheck=\"false\" aria-errormessage=\"wpforms-1092-field_2-error\" required><\/div><div id=\"wpforms-1092-field_4-container\" class=\"wpforms-field wpforms-field-select wpforms-field-select-style-classic\" data-field-id=\"4\"><label class=\"wpforms-field-label\" for=\"wpforms-1092-field_4\">Quieres:<\/label><select id=\"wpforms-1092-field_4\" class=\"wpforms-field-large\" name=\"wpforms[fields][4]\"><option value=\"Comun\u00edquese con el departamento de Calidad, Validaci\u00f3n y Asuntos Regulatorios.\"  class=\"choice-1 depth-1\"  >Comun\u00edquese con el departamento de Calidad, Validaci\u00f3n y Asuntos Regulatorios.<\/option><option value=\"tener informacion tecnica\"  class=\"choice-2 depth-1\"  >tener informacion tecnica<\/option><option value=\"Obtener una cotizaci\u00f3n\"  class=\"choice-3 depth-1\"  >Obtener una cotizaci\u00f3n<\/option><option value=\"Contactar con recursos humanos (solicitudes, ofertas de empleo, etc.)\"  class=\"choice-4 depth-1\"  >Contactar con recursos humanos (solicitudes, ofertas de empleo, etc.)<\/option><option value=\"Recibir muestras\"  class=\"choice-7 depth-1\"  >Recibir muestras<\/option><option value=\"Otra solicitud\"  class=\"choice-5 depth-1\"  >Otra solicitud<\/option><\/select><\/div><div id=\"wpforms-1092-field_3-container\" class=\"wpforms-field wpforms-field-textarea\" data-field-id=\"3\"><label class=\"wpforms-field-label\" for=\"wpforms-1092-field_3\">Describe tu solicitud<\/label><textarea id=\"wpforms-1092-field_3\" class=\"wpforms-field-medium\" name=\"wpforms[fields][3]\" aria-errormessage=\"wpforms-1092-field_3-error\" ><\/textarea><\/div><div id=\"wpforms-1092-field_8-container\" class=\"wpforms-field wpforms-field-file-upload\" data-field-id=\"8\"><label class=\"wpforms-field-label\" for=\"wpforms-1092-field_8\">Agregar archivos<\/label><div\n\t\tclass=\"wpforms-uploader \"\n\t\tdata-field-id=\"8\"\n\t\tdata-form-id=\"1092\"\n\t\tdata-input-name=\"wpforms_1092_8\"\n\t\tdata-extensions=\"jpg,jpeg,jpe,gif,png,bmp,tiff,tif,webp,avif,ico,heic,heif,heics,heifs,asf,asx,wmv,wmx,wm,avi,divx,mov,qt,mpeg,mpg,mpe,mp4,m4v,ogv,webm,mkv,3gp,3gpp,3g2,3gp2,txt,asc,c,cc,h,srt,csv,tsv,ics,rtx,css,vtt,mp3,m4a,m4b,aac,ra,ram,wav,x-wav,ogg,oga,flac,mid,midi,wma,wax,mka,rtf,pdf,class,tar,zip,gz,gzip,rar,7z,psd,xcf,doc,pot,pps,ppt,wri,xla,xls,xlt,xlw,mpp,docx,docm,dotx,dotm,xlsx,xlsm,xlsb,xltx,xltm,xlam,pptx,pptm,ppsx,ppsm,potx,potm,ppam,sldx,sldm,onetoc,onetoc2,onepkg,oxps,xps,odt,odp,ods,odg,odc,odb,odf,wp,wpd,key,numbers,pages\"\n\t\tdata-max-size=\"5242880\"\n\t\tdata-max-file-number=\"10\"\n\t\tdata-post-max-size=\"536870912\"\n\t\tdata-max-parallel-uploads=\"4\"\n\t\tdata-parallel-uploads=\"true\"\n\t\tdata-file-chunk-size=\"2097152\">\n\t<div class=\"dz-message\">\n\t\t<svg  viewBox=\"0 0 640 640\" focusable=\"false\" data-icon=\"inbox\" width=\"50px\" height=\"50px\" fill=\"currentColor\" aria-hidden=\"true\">\n\t\t\t<path d=\"M352 173.3L352 384C352 401.7 337.7 416 320 416C302.3 416 288 401.7 288 384L288 173.3L246.6 214.7C234.1 227.2 213.8 227.2 201.3 214.7C188.8 202.2 188.8 181.9 201.3 169.4L297.3 73.4C309.8 60.9 330.1 60.9 342.6 73.4L438.6 169.4C451.1 181.9 451.1 202.2 438.6 214.7C426.1 227.2 405.8 227.2 393.3 214.7L352 173.3zM320 464C364.2 464 400 428.2 400 384L480 384C515.3 384 544 412.7 544 448L544 480C544 515.3 515.3 544 480 544L160 544C124.7 544 96 515.3 96 480L96 448C96 412.7 124.7 384 160 384L240 384C240 428.2 275.8 464 320 464zM464 488C477.3 488 488 477.3 488 464C488 450.7 477.3 440 464 440C450.7 440 440 450.7 440 464C440 477.3 450.7 488 464 488z\"\/>\n\t\t<\/svg>\n\n\t\t<span class=\"modern-title\">\n\t\t\t\t\t\t\tDrag &amp; Drop Files, \t\t\t\t<span>Choose Files to Upload<\/span>\n\t\t\t\t\t<\/span>\n\n\t\t\t\t\t<span class=\"modern-hint\">Puedes subir hasta 10 archivos.<\/span>\n\t\t\t<\/div>\n<\/div>\n\n<input\n\t\ttype=\"text\"\n\t\tautocomplete=\"off\"\n\t\treadonly\n\t\tclass=\"dropzone-input\"\n\t\tstyle=\"position:absolute!important;clip:rect(0,0,0,0)!important;height:1px!important;width:1px!important;border:0!important;overflow:hidden!important;padding:0!important;margin:0!important;\"\n\t\tid=\"wpforms-1092-field_8\"\n\t\tname=\"wpforms_1092_8\" \t\tvalue=\"\">\n<div id=\"wpforms-1092-field_8-description\" class=\"wpforms-field-description\">Tama\u00f1o m\u00e1ximo: 5 MB por archivo<\/div><\/div><div id=\"wpforms-1092-field_6-container\" class=\"wpforms-field wpforms-field-checkbox\" data-field-id=\"6\"><fieldset><legend class=\"wpforms-field-label wpforms-label-hide\" aria-hidden=\"false\">Recibir una copia<\/legend><ul id=\"wpforms-1092-field_6\"><li class=\"choice-1 depth-1\"><input type=\"checkbox\" id=\"wpforms-1092-field_6_1\" name=\"wpforms[fields][6][]\" value=\"Me gustar\u00eda recibir una copia de mi solicitud en mi bandeja de entrada de correo electr\u00f3nico.\" aria-errormessage=\"wpforms-1092-field_6_1-error\"  ><label class=\"wpforms-field-label-inline\" for=\"wpforms-1092-field_6_1\">Me gustar\u00eda recibir una copia de mi solicitud en mi bandeja de entrada de correo electr\u00f3nico.<\/label><\/li><\/ul><\/fieldset><\/div><div id=\"wpforms-1092-field_10-container\" class=\"wpforms-field wpforms-field-checkbox\" data-field-id=\"10\"><fieldset><legend class=\"wpforms-field-label wpforms-label-hide\" aria-hidden=\"false\">RGPD <span class=\"wpforms-required-label\" aria-hidden=\"true\">*<\/span><\/legend><ul id=\"wpforms-1092-field_10\" class=\"wpforms-field-required\"><li class=\"choice-1 depth-1\"><input type=\"checkbox\" id=\"wpforms-1092-field_10_1\" name=\"wpforms[fields][10][]\" value=\"Al enviar este formulario, acepto que la informaci\u00f3n ingresada se utilice para procesar mi solicitud de contacto y cualquier relaci\u00f3n comercial resultante. Este sitio est\u00e1 protegido por reCAPTCHA y la Pol\u00edtica de Privacidad y las Condiciones del Servicio de Google.*\" aria-errormessage=\"wpforms-1092-field_10_1-error\" required ><label class=\"wpforms-field-label-inline\" for=\"wpforms-1092-field_10_1\">Al enviar este formulario, acepto que la informaci\u00f3n ingresada se utilice para procesar mi solicitud de contacto y cualquier relaci\u00f3n comercial resultante. Este sitio est\u00e1 protegido por reCAPTCHA y la Pol\u00edtica de Privacidad y las Condiciones del Servicio de Google.*<\/label><\/li><\/ul><\/fieldset><\/div><script>\n\t\t\t\t( function() {\n\t\t\t\t\tconst style = document.createElement( 'style' );\n\t\t\t\t\tstyle.appendChild( document.createTextNode( '#wpforms-1092-field_5-container { position: absolute !important; overflow: hidden !important; display: inline !important; height: 1px !important; width: 1px !important; z-index: -1000 !important; padding: 0 !important; } #wpforms-1092-field_5-container input { visibility: hidden; } #wpforms-conversational-form-page #wpforms-1092-field_5-container label { counter-increment: none; }' ) );\n\t\t\t\t\tdocument.head.appendChild( style );\n\t\t\t\t\tdocument.currentScript?.remove();\n\t\t\t\t} )();\n\t\t\t<\/script><\/div><!-- .wpforms-field-container --><div class=\"wpforms-submit-container\" ><input type=\"hidden\" name=\"wpforms[id]\" value=\"1092\"><input type=\"hidden\" name=\"page_title\" value=\"\"><input type=\"hidden\" name=\"page_url\" value=\"https:\/\/www.selenium-medical.com\/es\/wp-json\/wp\/v2\/pages\/7501\"><input type=\"hidden\" name=\"url_referer\" value=\"\"><button type=\"submit\" name=\"wpforms[submit]\" id=\"wpforms-submit-1092\" class=\"wpforms-submit\" data-alt-text=\"Env\u00edo...\" data-submit-text=\"Enviar\" aria-live=\"assertive\" value=\"wpforms-submit\">Enviar<\/button><img decoding=\"async\" src=\"https:\/\/www.selenium-medical.com\/wp-content\/plugins\/wpforms\/assets\/images\/submit-spin.svg\" class=\"wpforms-submit-spinner\" style=\"display: none;\" width=\"26\" height=\"26\" alt=\"Cargando\"><\/div><\/form><\/div>  <!-- .wpforms-container -->[vc_empty_space][\/vc_column][vc_column width=\u00bb2\/12&#8243; offset=\u00bbvc_hidden-sm vc_hidden-xs\u00bb][\/vc_column][\/vc_row][vc_row full_width=\u00bbstretch_row\u00bb content_placement=\u00bbbottom\u00bb css=\u00bb.vc_custom_1739886524556{padding-top: 40px !important;padding-bottom: 40px !important;background-color: #1952C2 !important;}\u00bb el_class=\u00bbfond-bleu2&#8243;][vc_column width=\u00bb4\/12&#8243;][vc_row_inner][vc_column_inner width=\u00bb1\/6&#8243; css=\u00bb.vc_custom_1739886340172{margin-top: 0px !important;margin-right: 0px !important;margin-bottom: 0px !important;margin-left: 0px !important;padding-top: 0px !important;padding-right: 0px !important;padding-bottom: 0px !important;padding-left: 0px !important;}\u00bb][vc_single_image image=\u00bb1164&#8243; img_size=\u00bbmedium\u00bb css=\u00bb.vc_custom_1739886356887{margin-top: 0px !important;margin-right: 0px !important;margin-bottom: 0px !important;margin-left: 0px !important;padding-top: 0px !important;padding-right: 0px !important;padding-bottom: 0px !important;padding-left: 0px !important;}\u00bb][\/vc_column_inner][vc_column_inner width=\u00bb5\/6&#8243;][vc_column_text css=\u00bb\u00bb]<strong>Selenium America<\/strong><br \/>\n6201 Fairview road Suite 200<br \/>\n28210 Charlotte, NC USA<br \/>\n+1 (980) 215.8506<br \/>\nsea@selenium-medical.com[\/vc_column_text][\/vc_column_inner][\/vc_row_inner][vc_row_inner][vc_column_inner width=\u00bb1\/6&#8243; css=\u00bb.vc_custom_1739886383403{margin-top: 0px !important;margin-right: 0px !important;margin-bottom: 0px !important;margin-left: 0px !important;padding-top: 0px !important;padding-right: 0px !important;padding-bottom: 0px !important;padding-left: 0px !important;}\u00bb][vc_single_image image=\u00bb1164&#8243; img_size=\u00bbmedium\u00bb css=\u00bb.vc_custom_1739886371675{margin-top: 0px !important;margin-right: 0px !important;margin-bottom: 0px !important;margin-left: 0px !important;padding-top: 0px !important;padding-right: 0px !important;padding-bottom: 0px !important;padding-left: 0px !important;}\u00bb][\/vc_column_inner][vc_column_inner width=\u00bb5\/6&#8243;][vc_column_text css=\u00bb\u00bb]<strong>Selenium France<\/strong><br \/>\n9049 Rue de Qu\u00e9bec<br \/>\n17000 La Rochelle &#8211; France<br \/>\n+33 (0) 5 46 44 40 82<br \/>\ncontact@selenium-medical.com[\/vc_column_text][\/vc_column_inner][\/vc_row_inner][\/vc_column][vc_column width=\u00bb8\/12&#8243;][vc_single_image image=\u00bb1159&#8243; img_size=\u00bblarge\u00bb css=\u00bb\u00bb][\/vc_column][\/vc_row]<\/p>\n<\/div>","protected":false},"excerpt":{"rendered":"<p>[vc_row][vc_column width=\u00bb2\/12&#8243; offset=\u00bbvc_hidden-sm vc_hidden-xs\u00bb][\/vc_column][vc_column width=\u00bb8\/12&#8243;][vc_empty_space][vc_empty_space][\/vc_column][vc_column width=\u00bb2\/12&#8243; offset=\u00bbvc_hidden-sm vc_hidden-xs\u00bb][\/vc_column][\/vc_row][vc_row full_width=\u00bbstretch_row\u00bb content_placement=\u00bbbottom\u00bb css=\u00bb.vc_custom_1739886524556{padding-top: 40px !important;padding-bottom: 40px !important;background-color: #1952C2 !important;}\u00bb el_class=\u00bbfond-bleu2&#8243;][vc_column width=\u00bb4\/12&#8243;][vc_row_inner][vc_column_inner width=\u00bb1\/6&#8243; css=\u00bb.vc_custom_1739886340172{margin-top: 0px !important;margin-right: 0px !important;margin-bottom: 0px !important;margin-left: 0px !important;padding-top: 0px !important;padding-right: 0px !important;padding-bottom: 0px !important;padding-left: 0px !important;}\u00bb][vc_single_image image=\u00bb1164&#8243; img_size=\u00bbmedium\u00bb css=\u00bb.vc_custom_1739886356887{margin-top: 0px !important;margin-right: 0px !important;margin-bottom: 0px !important;margin-left: 0px !important;padding-top: 0px !important;padding-right: 0px !important;padding-bottom: 0px !important;padding-left: 0px [&hellip;]<\/p>\n","protected":false},"author":2,"featured_media":4868,"parent":0,"menu_order":0,"comment_status":"closed","ping_status":"closed","template":"","meta":{"_acf_changed":false,"inline_featured_image":false,"footnotes":""},"class_list":["post-7501","page","type-page","status-publish","has-post-thumbnail","hentry"],"acf":[],"yoast_head":"<!-- This site is optimized with the Yoast SEO plugin v27.4 - https:\/\/yoast.com\/product\/yoast-seo-wordpress\/ -->\n<title>Contacto - Selenium Medical<\/title>\n<meta name=\"robots\" content=\"index, follow, max-snippet:-1, max-image-preview:large, max-video-preview:-1\" \/>\n<link rel=\"canonical\" href=\"https:\/\/www.selenium-medical.com\/es\/contacto\/\" \/>\n<meta property=\"og:locale\" content=\"es_ES\" \/>\n<meta property=\"og:type\" content=\"article\" \/>\n<meta property=\"og:title\" content=\"Contacto - Selenium Medical\" \/>\n<meta property=\"og:description\" content=\"[vc_row][vc_column width=\u00bb2\/12&#8243; offset=\u00bbvc_hidden-sm vc_hidden-xs\u00bb][\/vc_column][vc_column width=\u00bb8\/12&#8243;][vc_empty_space][vc_empty_space][\/vc_column][vc_column width=\u00bb2\/12&#8243; offset=\u00bbvc_hidden-sm vc_hidden-xs\u00bb][\/vc_column][\/vc_row][vc_row full_width=\u00bbstretch_row\u00bb content_placement=\u00bbbottom\u00bb css=\u00bb.vc_custom_1739886524556{padding-top: 40px !important;padding-bottom: 40px !important;background-color: #1952C2 !important;}\u00bb el_class=\u00bbfond-bleu2&#8243;][vc_column width=\u00bb4\/12&#8243;][vc_row_inner][vc_column_inner width=\u00bb1\/6&#8243; css=\u00bb.vc_custom_1739886340172{margin-top: 0px !important;margin-right: 0px !important;margin-bottom: 0px !important;margin-left: 0px !important;padding-top: 0px !important;padding-right: 0px !important;padding-bottom: 0px !important;padding-left: 0px !important;}\u00bb][vc_single_image image=\u00bb1164&#8243; img_size=\u00bbmedium\u00bb css=\u00bb.vc_custom_1739886356887{margin-top: 0px !important;margin-right: 0px !important;margin-bottom: 0px !important;margin-left: 0px !important;padding-top: 0px !important;padding-right: 0px !important;padding-bottom: 0px !important;padding-left: 0px [&hellip;]\" \/>\n<meta property=\"og:url\" content=\"https:\/\/www.selenium-medical.com\/es\/contacto\/\" \/>\n<meta property=\"og:site_name\" content=\"Selenium Medical\" \/>\n<meta property=\"article:modified_time\" content=\"2025-12-24T14:49:27+00:00\" \/>\n<meta property=\"og:image\" content=\"https:\/\/www.selenium-medical.com\/wp-content\/uploads\/2025\/02\/AdobeStock_471206845-1-scaled.jpeg\" \/>\n\t<meta property=\"og:image:width\" content=\"2048\" \/>\n\t<meta property=\"og:image:height\" content=\"708\" \/>\n\t<meta property=\"og:image:type\" content=\"image\/jpeg\" \/>\n<meta name=\"twitter:card\" content=\"summary_large_image\" \/>\n<meta name=\"twitter:label1\" content=\"Tiempo de lectura\" \/>\n\t<meta name=\"twitter:data1\" content=\"1 minuto\" \/>\n<script type=\"application\/ld+json\" class=\"yoast-schema-graph\">{\"@context\":\"https:\\\/\\\/schema.org\",\"@graph\":[{\"@type\":\"WebPage\",\"@id\":\"https:\\\/\\\/www.selenium-medical.com\\\/es\\\/contacto\\\/\",\"url\":\"https:\\\/\\\/www.selenium-medical.com\\\/es\\\/contacto\\\/\",\"name\":\"Contacto - Selenium Medical\",\"isPartOf\":{\"@id\":\"https:\\\/\\\/www.selenium-medical.com\\\/es\\\/#website\"},\"primaryImageOfPage\":{\"@id\":\"https:\\\/\\\/www.selenium-medical.com\\\/es\\\/contacto\\\/#primaryimage\"},\"image\":{\"@id\":\"https:\\\/\\\/www.selenium-medical.com\\\/es\\\/contacto\\\/#primaryimage\"},\"thumbnailUrl\":\"https:\\\/\\\/www.selenium-medical.com\\\/wp-content\\\/uploads\\\/2025\\\/02\\\/AdobeStock_471206845-1-scaled.jpeg\",\"datePublished\":\"2025-02-11T09:03:12+00:00\",\"dateModified\":\"2025-12-24T14:49:27+00:00\",\"breadcrumb\":{\"@id\":\"https:\\\/\\\/www.selenium-medical.com\\\/es\\\/contacto\\\/#breadcrumb\"},\"inLanguage\":\"es\",\"potentialAction\":[{\"@type\":\"ReadAction\",\"target\":[\"https:\\\/\\\/www.selenium-medical.com\\\/es\\\/contacto\\\/\"]}]},{\"@type\":\"ImageObject\",\"inLanguage\":\"es\",\"@id\":\"https:\\\/\\\/www.selenium-medical.com\\\/es\\\/contacto\\\/#primaryimage\",\"url\":\"https:\\\/\\\/www.selenium-medical.com\\\/wp-content\\\/uploads\\\/2025\\\/02\\\/AdobeStock_471206845-1-scaled.jpeg\",\"contentUrl\":\"https:\\\/\\\/www.selenium-medical.com\\\/wp-content\\\/uploads\\\/2025\\\/02\\\/AdobeStock_471206845-1-scaled.jpeg\",\"width\":2048,\"height\":708,\"caption\":\"Please contact us or call our customer service hotline. A businessman uses a laptop with the icons (email, phone, mail).\"},{\"@type\":\"BreadcrumbList\",\"@id\":\"https:\\\/\\\/www.selenium-medical.com\\\/es\\\/contacto\\\/#breadcrumb\",\"itemListElement\":[{\"@type\":\"ListItem\",\"position\":1,\"name\":\"Inicio\",\"item\":\"https:\\\/\\\/www.selenium-medical.com\\\/es\\\/\"},{\"@type\":\"ListItem\",\"position\":2,\"name\":\"Contacto\"}]},{\"@type\":\"WebSite\",\"@id\":\"https:\\\/\\\/www.selenium-medical.com\\\/es\\\/#website\",\"url\":\"https:\\\/\\\/www.selenium-medical.com\\\/es\\\/\",\"name\":\"Selenium Medical\",\"description\":\"\",\"potentialAction\":[{\"@type\":\"SearchAction\",\"target\":{\"@type\":\"EntryPoint\",\"urlTemplate\":\"https:\\\/\\\/www.selenium-medical.com\\\/es\\\/?s={search_term_string}\"},\"query-input\":{\"@type\":\"PropertyValueSpecification\",\"valueRequired\":true,\"valueName\":\"search_term_string\"}}],\"inLanguage\":\"es\"}]}<\/script>\n<!-- \/ Yoast SEO plugin. -->","yoast_head_json":{"title":"Contacto - Selenium Medical","robots":{"index":"index","follow":"follow","max-snippet":"max-snippet:-1","max-image-preview":"max-image-preview:large","max-video-preview":"max-video-preview:-1"},"canonical":"https:\/\/www.selenium-medical.com\/es\/contacto\/","og_locale":"es_ES","og_type":"article","og_title":"Contacto - Selenium Medical","og_description":"[vc_row][vc_column width=\u00bb2\/12&#8243; offset=\u00bbvc_hidden-sm vc_hidden-xs\u00bb][\/vc_column][vc_column width=\u00bb8\/12&#8243;][vc_empty_space][vc_empty_space][\/vc_column][vc_column width=\u00bb2\/12&#8243; offset=\u00bbvc_hidden-sm vc_hidden-xs\u00bb][\/vc_column][\/vc_row][vc_row full_width=\u00bbstretch_row\u00bb content_placement=\u00bbbottom\u00bb css=\u00bb.vc_custom_1739886524556{padding-top: 40px !important;padding-bottom: 40px !important;background-color: #1952C2 !important;}\u00bb el_class=\u00bbfond-bleu2&#8243;][vc_column width=\u00bb4\/12&#8243;][vc_row_inner][vc_column_inner width=\u00bb1\/6&#8243; css=\u00bb.vc_custom_1739886340172{margin-top: 0px !important;margin-right: 0px !important;margin-bottom: 0px !important;margin-left: 0px !important;padding-top: 0px !important;padding-right: 0px !important;padding-bottom: 0px !important;padding-left: 0px !important;}\u00bb][vc_single_image image=\u00bb1164&#8243; img_size=\u00bbmedium\u00bb css=\u00bb.vc_custom_1739886356887{margin-top: 0px !important;margin-right: 0px !important;margin-bottom: 0px !important;margin-left: 0px !important;padding-top: 0px !important;padding-right: 0px !important;padding-bottom: 0px !important;padding-left: 0px [&hellip;]","og_url":"https:\/\/www.selenium-medical.com\/es\/contacto\/","og_site_name":"Selenium Medical","article_modified_time":"2025-12-24T14:49:27+00:00","og_image":[{"width":2048,"height":708,"url":"https:\/\/www.selenium-medical.com\/wp-content\/uploads\/2025\/02\/AdobeStock_471206845-1-scaled.jpeg","type":"image\/jpeg"}],"twitter_card":"summary_large_image","twitter_misc":{"Tiempo de lectura":"1 minuto"},"schema":{"@context":"https:\/\/schema.org","@graph":[{"@type":"WebPage","@id":"https:\/\/www.selenium-medical.com\/es\/contacto\/","url":"https:\/\/www.selenium-medical.com\/es\/contacto\/","name":"Contacto - Selenium Medical","isPartOf":{"@id":"https:\/\/www.selenium-medical.com\/es\/#website"},"primaryImageOfPage":{"@id":"https:\/\/www.selenium-medical.com\/es\/contacto\/#primaryimage"},"image":{"@id":"https:\/\/www.selenium-medical.com\/es\/contacto\/#primaryimage"},"thumbnailUrl":"https:\/\/www.selenium-medical.com\/wp-content\/uploads\/2025\/02\/AdobeStock_471206845-1-scaled.jpeg","datePublished":"2025-02-11T09:03:12+00:00","dateModified":"2025-12-24T14:49:27+00:00","breadcrumb":{"@id":"https:\/\/www.selenium-medical.com\/es\/contacto\/#breadcrumb"},"inLanguage":"es","potentialAction":[{"@type":"ReadAction","target":["https:\/\/www.selenium-medical.com\/es\/contacto\/"]}]},{"@type":"ImageObject","inLanguage":"es","@id":"https:\/\/www.selenium-medical.com\/es\/contacto\/#primaryimage","url":"https:\/\/www.selenium-medical.com\/wp-content\/uploads\/2025\/02\/AdobeStock_471206845-1-scaled.jpeg","contentUrl":"https:\/\/www.selenium-medical.com\/wp-content\/uploads\/2025\/02\/AdobeStock_471206845-1-scaled.jpeg","width":2048,"height":708,"caption":"Please contact us or call our customer service hotline. A businessman uses a laptop with the icons (email, phone, mail)."},{"@type":"BreadcrumbList","@id":"https:\/\/www.selenium-medical.com\/es\/contacto\/#breadcrumb","itemListElement":[{"@type":"ListItem","position":1,"name":"Inicio","item":"https:\/\/www.selenium-medical.com\/es\/"},{"@type":"ListItem","position":2,"name":"Contacto"}]},{"@type":"WebSite","@id":"https:\/\/www.selenium-medical.com\/es\/#website","url":"https:\/\/www.selenium-medical.com\/es\/","name":"Selenium Medical","description":"","potentialAction":[{"@type":"SearchAction","target":{"@type":"EntryPoint","urlTemplate":"https:\/\/www.selenium-medical.com\/es\/?s={search_term_string}"},"query-input":{"@type":"PropertyValueSpecification","valueRequired":true,"valueName":"search_term_string"}}],"inLanguage":"es"}]}},"_links":{"self":[{"href":"https:\/\/www.selenium-medical.com\/es\/wp-json\/wp\/v2\/pages\/7501","targetHints":{"allow":["GET"]}}],"collection":[{"href":"https:\/\/www.selenium-medical.com\/es\/wp-json\/wp\/v2\/pages"}],"about":[{"href":"https:\/\/www.selenium-medical.com\/es\/wp-json\/wp\/v2\/types\/page"}],"author":[{"embeddable":true,"href":"https:\/\/www.selenium-medical.com\/es\/wp-json\/wp\/v2\/users\/2"}],"replies":[{"embeddable":true,"href":"https:\/\/www.selenium-medical.com\/es\/wp-json\/wp\/v2\/comments?post=7501"}],"version-history":[{"count":4,"href":"https:\/\/www.selenium-medical.com\/es\/wp-json\/wp\/v2\/pages\/7501\/revisions"}],"predecessor-version":[{"id":7505,"href":"https:\/\/www.selenium-medical.com\/es\/wp-json\/wp\/v2\/pages\/7501\/revisions\/7505"}],"wp:featuredmedia":[{"embeddable":true,"href":"https:\/\/www.selenium-medical.com\/es\/wp-json\/wp\/v2\/media\/4868"}],"wp:attachment":[{"href":"https:\/\/www.selenium-medical.com\/es\/wp-json\/wp\/v2\/media?parent=7501"}],"curies":[{"name":"wp","href":"https:\/\/api.w.org\/{rel}","templated":true}]}}