{"id":346,"date":"2025-02-04T08:34:57","date_gmt":"2025-02-04T08:34:57","guid":{"rendered":"https:\/\/www.selenium.studiovitamine.link\/?page_id=346"},"modified":"2025-07-29T10:51:59","modified_gmt":"2025-07-29T09:51:59","slug":"traitement-de-surface","status":"publish","type":"page","link":"https:\/\/www.selenium-medical.com\/fr\/metiers\/traitement-de-surface\/","title":{"rendered":"Traitement de Surface"},"content":{"rendered":"<div class=\"wpb-content-wrapper\"><p>[vc_row gap=\u00a0\u00bb35&Prime; content_placement=\u00a0\u00bbmiddle\u00a0\u00bb][vc_column width=\u00a0\u00bb1\/2&Prime;][vc_single_image image=\u00a0\u00bb682&Prime; img_size=\u00a0\u00bblarge\u00a0\u00bb style=\u00a0\u00bbvc_box_rounded\u00a0\u00bb css=\u00a0\u00bb\u00a0\u00bb][\/vc_column][vc_column width=\u00a0\u00bb1\/2&Prime;][vc_column_text css=\u00a0\u00bb\u00a0\u00bb el_class=\u00a0\u00bbtitre-trait\u00a0\u00bb]<\/p>\n<h2>Engag\u00e9s pour une meilleure qualit\u00e9 des dispositifs m\u00e9dicaux<\/h2>\n<p>Nous avons \u00e0 c\u0153ur d\u2019optimiser l\u2019identification, la protection et la performance des dispositifs m\u00e9dicaux afin d\u2019am\u00e9liorer l\u2019exp\u00e9rience op\u00e9ratoire des praticiens tout en r\u00e9duisant les risques pour les patients.<\/p>\n<h3>Traitement de surface des dispositifs m\u00e9dicaux : notre expertise<\/h3>\n<p style=\"font-weight: 400;\">Notre expertise repose sur une ma\u00eetrise approfondie des proc\u00e9d\u00e9s chimiques, \u00e9lectrochimiques, m\u00e9caniques et de marquage, permettant d&rsquo;am\u00e9liorer la qualit\u00e9 de surface des implants et instruments chirurgicaux.<\/p>\n<p style=\"font-weight: 400;\">Sp\u00e9cialis\u00e9s dans les mat\u00e9riaux critiques tels que l\u2019acier inoxydable, le titane et ses alliages, nous sommes en mesure de relever des d\u00e9fis majeurs tels que la corrosion, la biocompatibilit\u00e9 et l&rsquo;usure.<\/p>\n<p>[\/vc_column_text][\/vc_column][\/vc_row][vc_row equal_height=\u00a0\u00bbyes\u00a0\u00bb content_placement=\u00a0\u00bbtop\u00a0\u00bb el_class=\u00a0\u00bbimgs-ligne\u00a0\u00bb][vc_column][vc_single_image image=\u00a0\u00bb697&Prime; img_size=\u00a0\u00bblarge\u00a0\u00bb style=\u00a0\u00bbvc_box_rounded\u00a0\u00bb css=\u00a0\u00bb\u00a0\u00bb][vc_single_image image=\u00a0\u00bb692&Prime; img_size=\u00a0\u00bblarge\u00a0\u00bb style=\u00a0\u00bbvc_box_rounded\u00a0\u00bb css=\u00a0\u00bb\u00a0\u00bb][vc_single_image image=\u00a0\u00bb687&Prime; img_size=\u00a0\u00bblarge\u00a0\u00bb style=\u00a0\u00bbvc_box_rounded\u00a0\u00bb css=\u00a0\u00bb\u00a0\u00bb][\/vc_column][\/vc_row][vc_row][vc_column][vc_empty_space height=\u00a0\u00bb50px\u00a0\u00bb][\/vc_column][\/vc_row][vc_row full_width=\u00a0\u00bbstretch_row\u00a0\u00bb el_class=\u00a0\u00bbfond-pale\u00a0\u00bb][vc_column][vc_empty_space height=\u00a0\u00bb100px\u00a0\u00bb][vc_column_text css=\u00a0\u00bb\u00a0\u00bb]<\/p>\n<h2 style=\"text-align: center;\">Nos proc\u00e9d\u00e9s de traitement de surface<\/h2>\n<p>[\/vc_column_text][vc_empty_space height=\u00a0\u00bb30px\u00a0\u00bb][vc_row_inner el_class=\u00a0\u00bbtexte-blanc\u00a0\u00bb][vc_column_inner width=\u00a0\u00bb1\/2&Prime;][vc_column_text css=\u00a0\u00bb\u00a0\u00bb]<\/p>\n<h3>Passivation<\/h3>\n<p>Am\u00e9liore la r\u00e9sistance \u00e0 la corrosion des dispositifs en inox et titane selon la norme ASTM A967, tout en stabilisant le marquage laser.[\/vc_column_text][vc_column_text css=\u00a0\u00bb\u00a0\u00bb]<\/p>\n<h3>\u00c9lectropolissage<\/h3>\n<p>Apporte une finition brillante sur les pi\u00e8ces en inox, tout en \u00e9liminant les micro bavures, imperfections d&rsquo;usinage et d\u00e9p\u00f4ts ferritiques, optimisant ainsi la r\u00e9sistance \u00e0 la corrosion tout en pr\u00e9servant les parties fonctionnelles.<\/p>\n<div><\/div>\n<div><\/div>\n<p>[\/vc_column_text][vc_column_text css=\u00a0\u00bb\u00a0\u00bb]<\/p>\n<h3>Sablage automatis\u00e9<\/h3>\n<p>Sablage des implants avec deux types d\u2019abrasifs distincts gr\u00e2ce \u00e0 notre cellule robotis\u00e9e pour grande ou petite productions, permettant une modification contr\u00f4l\u00e9e de la rugosit\u00e9 de surface et une r\u00e9p\u00e9tabilit\u00e9 ma\u00eetris\u00e9e. \u00c9tape suivie ou non de notre proc\u00e9d\u00e9 de micro et nanomordan\u00e7age <a href=\"https:\/\/www.selenium-medical.com\/fr\/les-innovations\/starsurf\/\">StarSurf\u00ae<\/a>.[\/vc_column_text][vc_column_text css=\u00a0\u00bb\u00a0\u00bb]<\/p>\n<h3>Masquage<\/h3>\n<p>Traitement s\u00e9lectif\u00a0(anodisation bicolore ou traitement h\u00e9t\u00e9rog\u00e8ne) par masquage gel et d\u00e9pose automatis\u00e9e, garantissant une pr\u00e9cision et une r\u00e9p\u00e9tabilit\u00e9 optimales, sans r\u00e9sidus et pr\u00e9servant la biocompatibilit\u00e9 des dispositifs m\u00e9dicaux.[\/vc_column_text][\/vc_column_inner][vc_column_inner width=\u00a0\u00bb1\/2&Prime;][vc_column_text css=\u00a0\u00bb\u00a0\u00bb]<\/p>\n<h3>Marquage Laser<\/h3>\n<p>Marquage par lasers polyvalents avec mandrins rotatifs, pour l\u2019identification, la tra\u00e7abilit\u00e9, la graduation et le rep\u00e9rage des dispositifs m\u00e9dicaux. Ce marquage superficiel (zone thermiquement affect\u00e9e peu profonde), pr\u00e9serve les propri\u00e9t\u00e9s m\u00e9caniques et r\u00e9siste \u00e0 la passivation.[\/vc_column_text][vc_column_text css=\u00a0\u00bb\u00a0\u00bb]<\/p>\n<h3>Anodisation<\/h3>\n<p>Nos lignes automatis\u00e9es nous permettent d\u2019offrir trois types d\u2019anodisation pour des dispositifs m\u00e9dicaux en titane et alliage de titane uniquement, selon leur usage et selon les attentes.<\/p>\n<ul>\n<li><strong>Anodisation Type I :<\/strong> permet l&rsquo;identification des gammes et tailles des dispositifs avec une finition mate ou satin\u00e9e, offrant un choix de 52 couleurs.<\/li>\n<\/ul>\n<p>&nbsp;<\/p>\n<ul>\n<li><strong>Anodisation Type III\u2028 :<\/strong> facilite l\u2019identification des dispositifs et pr\u00e9serve leur aspect initial (poli, bross\u00e9 ou microbill\u00e9) ainsi que leurs caract\u00e9ristiques dimensionnelles, avec un r\u00e9f\u00e9rentiel de 52 couleurs.<\/li>\n<\/ul>\n<p>&nbsp;<\/p>\n<ul>\n<li><strong>Anodisation Type II\u2028 :<\/strong> assure une protection optimale des dispositifs m\u00e9dicaux avec une couche d&rsquo;oxyde dure et \u00e9paisse, r\u00e9sistante \u00e0 l&rsquo;usure gr\u00e2ce \u00e0 ses propri\u00e9t\u00e9s de lubrifiant \u00e0 sec. Finition gris anthracite, conforme \u00e0 la norme AMS2488.<\/li>\n<\/ul>\n<p>[\/vc_column_text][\/vc_column_inner][\/vc_row_inner][vc_empty_space height=\u00a0\u00bb30&Prime;][\/vc_column][\/vc_row][vc_row full_width=\u00a0\u00bbstretch_row\u00a0\u00bb el_class=\u00a0\u00bbfond-pale\u00a0\u00bb][vc_column][vc_empty_space height=\u00a0\u00bb30&Prime;][vc_column_text css=\u00a0\u00bb\u00a0\u00bb]<\/p>\n<h2 style=\"text-align: center;\">Int\u00e9grez nos proc\u00e9d\u00e9s dans votre usine<\/h2>\n<p>[\/vc_column_text][vc_empty_space height=\u00a0\u00bb30px\u00a0\u00bb][vc_row_inner el_class=\u00a0\u00bbtexte-blanc\u00a0\u00bb][vc_column_inner width=\u00a0\u00bb1\/2&Prime;][vc_column_text css=\u00a0\u00bb\u00a0\u00bb]<\/p>\n<h3 data-start=\"255\" data-end=\"582\">ColorBox\u00ae<\/h3>\n<p data-start=\"255\" data-end=\"582\">Avec la ColorBox\u00ae, donnez une nouvelle dimension \u00e0 votre production en int\u00e9grant l&rsquo;\u00e9quipement d\u00e9di\u00e9 \u00e0 l&rsquo;anodisation du titane de type I ou type III. D\u00e9velopp\u00e9e et commercialis\u00e9e par Selenium Medical, cette machine vous offre une autonomie renforc\u00e9e tout en garantissant un haut niveau de qualit\u00e9, de reproductibilit\u00e9 et de tra\u00e7abilit\u00e9.<\/p>\n<p data-start=\"584\" data-end=\"875\">Con\u00e7ue pour s\u2019adapter \u00e0 tous les environnements industriels, la ColorBox\u00ae s\u2019int\u00e8gre parfaitement \u00e0 vos flux de production sans perturber vos processus existants. Offrez \u00e0 vos \u00e9quipes un outil performant pour une anodisation ma\u00eetris\u00e9e, directement sur site.<\/p>\n<p>[\/vc_column_text][\/vc_column_inner][vc_column_inner width=\u00a0\u00bb1\/2&Prime;][vc_column_text css=\u00a0\u00bb\u00a0\u00bb]<\/p>\n<h3>\u00c9lectrolytes<\/h3>\n<p data-start=\"216\" data-end=\"715\">Formul\u00e9es et commercialis\u00e9es par Selenium Medical, nos solutions \u00e9lectrolytiques sont sp\u00e9cialement \u00e9labor\u00e9es pour r\u00e9pondre aux exigences techniques et r\u00e9glementaires du secteur m\u00e9dical, dans le cadre de l&rsquo;anodisation du titane.<\/p>\n<p data-start=\"216\" data-end=\"715\">Pr\u00eates \u00e0 l\u2019emploi, elles garantissent des r\u00e9sultats constants, reproductibles et parfaitement ma\u00eetris\u00e9s. Con\u00e7ues pour fonctionner exclusivement avec la ColorBox\u00ae et en ad\u00e9quation avec nos validations, ces \u00e9lectrolytes assurent une anodisation fiable et conforme aux standards qualit\u00e9 les plus stricts.<\/p>\n<p>[\/vc_column_text][\/vc_column_inner][\/vc_row_inner][vc_empty_space height=\u00a0\u00bb50px\u00a0\u00bb][\/vc_column][\/vc_row][vc_row full_width=\u00a0\u00bbstretch_row\u00a0\u00bb el_class=\u00a0\u00bbfond-bleu\u00a0\u00bb css=\u00a0\u00bb.vc_custom_1739266135336{padding-top: 45px !important;}\u00a0\u00bb][vc_column][vc_column_text css=\u00a0\u00bb\u00a0\u00bb]<\/p>\n<h2 style=\"text-align: center;\">Pour r\u00e9pondre \u00e0 vos besoins sp\u00e9cifiques, nous adoptons une approche collaborative, qu&rsquo;il s&rsquo;agisse de l&rsquo;int\u00e9gration de nouveaux proc\u00e9d\u00e9s ou de nouvelles techniques innovantes pour le traitement de surface de vos produits.<\/h2>\n<p>[\/vc_column_text][\/vc_column][\/vc_row][vc_row][vc_column][vc_empty_space height=\u00a0\u00bb50px\u00a0\u00bb][\/vc_column][\/vc_row][vc_row gap=\u00a0\u00bb25&Prime; equal_height=\u00a0\u00bbyes\u00a0\u00bb el_class=\u00a0\u00bbcard-blanche produits-packaging\u00a0\u00bb][vc_column width=\u00a0\u00bb1\/3&Prime;][vc_single_image image=\u00a0\u00bb5085&Prime; img_size=\u00a0\u00bbmedium\u00a0\u00bb alignment=\u00a0\u00bbcenter\u00a0\u00bb css=\u00a0\u00bb\u00a0\u00bb el_class=\u00a0\u00bblogo-innovation\u00a0\u00bb][vc_empty_space height=\u00a0\u00bb20px\u00a0\u00bb][vc_column_text css=\u00a0\u00bb\u00a0\u00bb]<\/p>\n<h3>Optimisez les performances de vos implants avec StarSurf\u00ae<\/h3>\n<p style=\"font-weight: 400;\">Am\u00e9liorez les performances biologiques et d\u2019ost\u00e9oint\u00e9gration de vos implants en titane et alliages de titane avec notre proc\u00e9d\u00e9 de nanomordan\u00e7age.<\/p>\n<p>[\/vc_column_text][vc_btn title=\u00a0\u00bbD\u00e9couvrir StarSurf\u00ae\u00a0\u00bb style=\u00a0\u00bbflat\u00a0\u00bb css=\u00a0\u00bb\u00a0\u00bb link=\u00a0\u00bburl:https%3A%2F%2Fwww.selenium-medical.com%2Ffr%2Fles-innovations%2Fstarsurf%2F|title:Accueil\u00a0\u00bb][vc_empty_space height=\u00a0\u00bb80px\u00a0\u00bb][vc_empty_space height=\u00a0\u00bb40px\u00a0\u00bb][\/vc_column][vc_column width=\u00a0\u00bb2\/3&Prime; el_class=\u00a0\u00bbno-shadow video-full-height\u00a0\u00bb][vc_raw_html css=\u00a0\u00bb\u00a0\u00bb]JTNDdmlkZW8lMjB3aWR0aCUzRCUyMjEwMCUyNSUyMiUyMGF1dG9wbGF5JTIwbG9vcCUyMG11dGVkJTIwcGxheXNpbmxpbmUlMjBjbGFzcyUzRCUyMnZpZGVvLWJsYW5jaGUlMjIlM0UlMEElMjAlMjAlM0Nzb3VyY2UlMjBzcmMlM0QlMjJodHRwcyUzQSUyRiUyRnd3dy5zZWxlbml1bS5zdHVkaW92aXRhbWluZS5saW5rJTJGd3AtY29udGVudCUyRnVwbG9hZHMlMkYyMDI1JTJGMDIlMkZTdGFyU3VyZi5tcDQlMjIlMjB0eXBlJTNEJTIydmlkZW8lMkZtcDQlMjIlM0UlMEElMjAlMjBUb24lMjBuYXZpZ2F0ZXVyJTIwbmUlMjBzdXBwb3J0ZSUyMHBhcyUyMGxhJTIwdmlkJUMzJUE5by4lMEElM0MlMkZ2aWRlbyUzRSUwQQ==[\/vc_raw_html][\/vc_column][\/vc_row][vc_row][vc_column][vc_empty_space height=\u00a0\u00bb50px\u00a0\u00bb][\/vc_column][\/vc_row][vc_row full_width=\u00a0\u00bbstretch_row\u00a0\u00bb el_class=\u00a0\u00bbfond-bleu-clair\u00a0\u00bb css=\u00a0\u00bb.vc_custom_1739203891340{background-color: #ECF2FF !important;}\u00a0\u00bb][vc_column][vc_empty_space height=\u00a0\u00bb40px\u00a0\u00bb][vc_column_text css=\u00a0\u00bb\u00a0\u00bb]<\/p>\n<h2 style=\"text-align: center;\">Notre expertise de traitement de surface<br \/>\nau service de divers march\u00e9s<\/h2>\n<p>[\/vc_column_text][vc_empty_space height=\u00a0\u00bb20px\u00a0\u00bb][vc_row_inner el_class=\u00a0\u00bbrond-blanc\u00a0\u00bb][vc_column_inner width=\u00a0\u00bb1\/5&Prime;][vc_single_image image=\u00a0\u00bb617&Prime; img_size=\u00a0\u00bb160&#215;160&Prime; alignment=\u00a0\u00bbcenter\u00a0\u00bb css=\u00a0\u00bb\u00a0\u00bb][vc_column_text css=\u00a0\u00bb\u00a0\u00bb]<\/p>\n<h4 style=\"text-align: center;\">Dentaire<\/h4>\n<p>[\/vc_column_text][\/vc_column_inner][vc_column_inner width=\u00a0\u00bb1\/5&Prime;][vc_single_image image=\u00a0\u00bb622&Prime; img_size=\u00a0\u00bb160&#215;160&Prime; alignment=\u00a0\u00bbcenter\u00a0\u00bb css=\u00a0\u00bb\u00a0\u00bb][vc_column_text css=\u00a0\u00bb\u00a0\u00bb]<\/p>\n<h4 style=\"text-align: center;\">Orthop\u00e9die<\/h4>\n<p>[\/vc_column_text][\/vc_column_inner][vc_column_inner width=\u00a0\u00bb1\/5&Prime;][vc_single_image image=\u00a0\u00bb612&Prime; img_size=\u00a0\u00bb160&#215;160&Prime; alignment=\u00a0\u00bbcenter\u00a0\u00bb css=\u00a0\u00bb\u00a0\u00bb][vc_column_text css=\u00a0\u00bb\u00a0\u00bb]<\/p>\n<h4 style=\"text-align: center;\">Tissus mous<\/h4>\n<p>[\/vc_column_text][\/vc_column_inner][vc_column_inner width=\u00a0\u00bb1\/5&Prime;][vc_single_image image=\u00a0\u00bb602&Prime; img_size=\u00a0\u00bb160&#215;160&Prime; alignment=\u00a0\u00bbcenter\u00a0\u00bb css=\u00a0\u00bb\u00a0\u00bb][vc_column_text css=\u00a0\u00bb\u00a0\u00bb]<\/p>\n<h4 style=\"text-align: center;\">Diagnostic<\/h4>\n<p>[\/vc_column_text][\/vc_column_inner][vc_column_inner width=\u00a0\u00bb1\/5&Prime;][vc_single_image image=\u00a0\u00bb607&Prime; img_size=\u00a0\u00bb160&#215;160&Prime; alignment=\u00a0\u00bbcenter\u00a0\u00bb css=\u00a0\u00bb\u00a0\u00bb][vc_column_text css=\u00a0\u00bb\u00a0\u00bb]<\/p>\n<h4 style=\"text-align: center;\">Robotique<\/h4>\n<p>[\/vc_column_text][\/vc_column_inner][\/vc_row_inner][vc_empty_space height=\u00a0\u00bb50px\u00a0\u00bb][\/vc_column][\/vc_row][vc_row disable_element=\u00a0\u00bbyes\u00a0\u00bb][vc_column][vc_empty_space height=\u00a0\u00bb50px\u00a0\u00bb][\/vc_column][\/vc_row][vc_row content_placement=\u00a0\u00bbmiddle\u00a0\u00bb disable_element=\u00a0\u00bbyes\u00a0\u00bb el_class=\u00a0\u00bbactu-lesaviezvous\u00a0\u00bb][vc_column width=\u00a0\u00bb3\/6&Prime;][vc_column_text css=\u00a0\u00bb\u00a0\u00bb el_class=\u00a0\u00bbtitre-trait\u00a0\u00bb]<\/p>\n<h2>Nos actualit\u00e9s<\/h2>\n<p>[\/vc_column_text][vc_column_text css=\u00a0\u00bb\u00a0\u00bb][\/vc_column_text][\/vc_column][vc_column width=\u00a0\u00bb1\/6&Prime; el_class=\u00a0\u00bbquote\u00a0\u00bb][\/vc_column][vc_column width=\u00a0\u00bb2\/6&Prime; el_class=\u00a0\u00bbquote\u00a0\u00bb][vc_column_text css=\u00a0\u00bb\u00a0\u00bb]<\/p>\n<h2>Ils parlent de nous<\/h2>\n<p>[\/vc_column_text][\/vc_column][\/vc_row][vc_row][vc_column][vc_empty_space height=\u00a0\u00bb50px\u00a0\u00bb][\/vc_column][\/vc_row][vc_row css=\u00a0\u00bb.vc_custom_1738751367647{background-image: url(https:\/\/www.selenium-medical.com\/wp-content\/uploads\/2025\/02\/background-decouvrez.png?id=633) !important;}\u00a0\u00bb el_class=\u00a0\u00bbdiscover-more\u00a0\u00bb][vc_column][vc_column_text css=\u00a0\u00bb\u00a0\u00bb]<\/p>\n<h2 style=\"text-align: center;\">D\u00e9couvrez nos m\u00e9tiers<\/h2>\n<p style=\"font-weight: 400; text-align: center;\">Une expertise compl\u00e8te pour votre projet.<\/p>\n<p>[\/vc_column_text][vc_btn title=\u00a0\u00bbVoir nos services\u00a0\u00bb align=\u00a0\u00bbcenter\u00a0\u00bb css=\u00a0\u00bb\u00a0\u00bb link=\u00a0\u00bburl:https%3A%2F%2Fwww.selenium-medical.com%2Ffr%2Fmetiers%2F|title:Les%20m%C3%A9tiers\u00a0\u00bb][\/vc_column][\/vc_row][vc_row][vc_column][vc_empty_space height=\u00a0\u00bb50px\u00a0\u00bb][\/vc_column][\/vc_row][vc_row full_width=\u00a0\u00bbstretch_row\u00a0\u00bb content_placement=\u00a0\u00bbmiddle\u00a0\u00bb css=\u00a0\u00bb.vc_custom_1738676652411{background-color: #1952C2 !important;}\u00a0\u00bb el_class=\u00a0\u00bbfond-bleu\u00a0\u00bb][vc_column width=\u00a0\u00bb1\/2&Prime;][vc_column_text css=\u00a0\u00bb\u00a0\u00bb]<\/p>\n<h2>Ensemble, \u00e9tudions votre projet<\/h2>\n<p>Faites-nous part de vos d\u00e9fis, nous sommes l\u00e0 pour vous accompagner.[\/vc_column_text][\/vc_column][vc_column width=\u00a0\u00bb1\/2&Prime;][vc_btn title=\u00a0\u00bbNous contacter\u00a0\u00bb align=\u00a0\u00bbright\u00a0\u00bb css=\u00a0\u00bb\u00a0\u00bb link=\u00a0\u00bburl:%2Ffr%2Fcontact%2F\u00a0\u00bb][\/vc_column][\/vc_row]<\/p>\n<\/div>","protected":false},"excerpt":{"rendered":"<p>[vc_row gap=\u00a0\u00bb35&Prime; content_placement=\u00a0\u00bbmiddle\u00a0\u00bb][vc_column width=\u00a0\u00bb1\/2&Prime;][vc_single_image image=\u00a0\u00bb682&Prime; img_size=\u00a0\u00bblarge\u00a0\u00bb style=\u00a0\u00bbvc_box_rounded\u00a0\u00bb css=\u00a0\u00bb\u00a0\u00bb][\/vc_column][vc_column width=\u00a0\u00bb1\/2&Prime;][vc_column_text css=\u00a0\u00bb\u00a0\u00bb el_class=\u00a0\u00bbtitre-trait\u00a0\u00bb] Engag\u00e9s pour une meilleure qualit\u00e9 des dispositifs m\u00e9dicaux Nous avons \u00e0 c\u0153ur d\u2019optimiser l\u2019identification, la protection et la performance des dispositifs m\u00e9dicaux afin d\u2019am\u00e9liorer l\u2019exp\u00e9rience op\u00e9ratoire des praticiens tout en r\u00e9duisant les risques pour les patients. Traitement de surface des dispositifs m\u00e9dicaux : notre [&hellip;]<\/p>\n","protected":false},"author":1,"featured_media":676,"parent":344,"menu_order":0,"comment_status":"closed","ping_status":"closed","template":"","meta":{"_acf_changed":false,"inline_featured_image":false,"footnotes":""},"class_list":["post-346","page","type-page","status-publish","has-post-thumbnail","hentry"],"acf":[],"yoast_head":"<!-- This site is optimized with the Yoast SEO plugin v27.4 - https:\/\/yoast.com\/product\/yoast-seo-wordpress\/ -->\n<title>Traitement de surface implants et instruments chirurgicaux - Selenium Medical<\/title>\n<meta name=\"description\" content=\"Traitement de surface des dispositifs m\u00e9dicaux titanes et inox : anodisation, \u00e9lectropolissage, passivation, masquage, sablage, mordan\u00e7age et marquage laser.\" \/>\n<meta name=\"robots\" content=\"index, follow, max-snippet:-1, max-image-preview:large, max-video-preview:-1\" \/>\n<link rel=\"canonical\" href=\"https:\/\/www.selenium-medical.com\/fr\/metiers\/traitement-de-surface\/\" \/>\n<meta property=\"og:locale\" content=\"fr_FR\" \/>\n<meta property=\"og:type\" content=\"article\" \/>\n<meta property=\"og:title\" content=\"Traitement de surface implants et instruments chirurgicaux - Selenium Medical\" \/>\n<meta property=\"og:description\" content=\"Traitement de surface des dispositifs m\u00e9dicaux titanes et inox : anodisation, \u00e9lectropolissage, passivation, masquage, sablage, mordan\u00e7age et marquage laser.\" \/>\n<meta property=\"og:url\" content=\"https:\/\/www.selenium-medical.com\/fr\/metiers\/traitement-de-surface\/\" \/>\n<meta property=\"og:site_name\" content=\"Selenium Medical\" \/>\n<meta property=\"article:modified_time\" content=\"2025-07-29T09:51:59+00:00\" \/>\n<meta property=\"og:image\" content=\"https:\/\/www.selenium-medical.com\/wp-content\/uploads\/2025\/02\/Traitement-de-surface-1024x334.png\" \/>\n\t<meta property=\"og:image:width\" content=\"1024\" \/>\n\t<meta property=\"og:image:height\" content=\"334\" \/>\n\t<meta property=\"og:image:type\" content=\"image\/png\" \/>\n<meta name=\"twitter:card\" content=\"summary_large_image\" \/>\n<meta name=\"twitter:label1\" content=\"Dur\u00e9e de lecture estim\u00e9e\" \/>\n\t<meta name=\"twitter:data1\" content=\"7 minutes\" \/>\n<script type=\"application\/ld+json\" class=\"yoast-schema-graph\">{\"@context\":\"https:\\\/\\\/schema.org\",\"@graph\":[{\"@type\":\"WebPage\",\"@id\":\"https:\\\/\\\/www.selenium-medical.com\\\/fr\\\/metiers\\\/traitement-de-surface\\\/\",\"url\":\"https:\\\/\\\/www.selenium-medical.com\\\/fr\\\/metiers\\\/traitement-de-surface\\\/\",\"name\":\"Traitement de surface implants et instruments chirurgicaux - Selenium Medical\",\"isPartOf\":{\"@id\":\"https:\\\/\\\/www.selenium-medical.com\\\/fr\\\/#website\"},\"primaryImageOfPage\":{\"@id\":\"https:\\\/\\\/www.selenium-medical.com\\\/fr\\\/metiers\\\/traitement-de-surface\\\/#primaryimage\"},\"image\":{\"@id\":\"https:\\\/\\\/www.selenium-medical.com\\\/fr\\\/metiers\\\/traitement-de-surface\\\/#primaryimage\"},\"thumbnailUrl\":\"https:\\\/\\\/www.selenium-medical.com\\\/wp-content\\\/uploads\\\/2025\\\/02\\\/Traitement-de-surface.png\",\"datePublished\":\"2025-02-04T08:34:57+00:00\",\"dateModified\":\"2025-07-29T09:51:59+00:00\",\"description\":\"Traitement de surface des dispositifs m\u00e9dicaux titanes et inox : anodisation, \u00e9lectropolissage, passivation, masquage, sablage, mordan\u00e7age et marquage laser.\",\"breadcrumb\":{\"@id\":\"https:\\\/\\\/www.selenium-medical.com\\\/fr\\\/metiers\\\/traitement-de-surface\\\/#breadcrumb\"},\"inLanguage\":\"fr-FR\",\"potentialAction\":[{\"@type\":\"ReadAction\",\"target\":[\"https:\\\/\\\/www.selenium-medical.com\\\/fr\\\/metiers\\\/traitement-de-surface\\\/\"]}]},{\"@type\":\"ImageObject\",\"inLanguage\":\"fr-FR\",\"@id\":\"https:\\\/\\\/www.selenium-medical.com\\\/fr\\\/metiers\\\/traitement-de-surface\\\/#primaryimage\",\"url\":\"https:\\\/\\\/www.selenium-medical.com\\\/wp-content\\\/uploads\\\/2025\\\/02\\\/Traitement-de-surface.png\",\"contentUrl\":\"https:\\\/\\\/www.selenium-medical.com\\\/wp-content\\\/uploads\\\/2025\\\/02\\\/Traitement-de-surface.png\",\"width\":2048,\"height\":668,\"caption\":\"traitement de surface - selenium medical\"},{\"@type\":\"BreadcrumbList\",\"@id\":\"https:\\\/\\\/www.selenium-medical.com\\\/fr\\\/metiers\\\/traitement-de-surface\\\/#breadcrumb\",\"itemListElement\":[{\"@type\":\"ListItem\",\"position\":1,\"name\":\"Accueil\",\"item\":\"https:\\\/\\\/www.selenium-medical.com\\\/fr\\\/\"},{\"@type\":\"ListItem\",\"position\":2,\"name\":\"Les m\u00e9tiers\",\"item\":\"https:\\\/\\\/www.selenium-medical.com\\\/fr\\\/metiers\\\/\"},{\"@type\":\"ListItem\",\"position\":3,\"name\":\"Traitement de Surface\"}]},{\"@type\":\"WebSite\",\"@id\":\"https:\\\/\\\/www.selenium-medical.com\\\/fr\\\/#website\",\"url\":\"https:\\\/\\\/www.selenium-medical.com\\\/fr\\\/\",\"name\":\"Selenium Medical\",\"description\":\"\",\"potentialAction\":[{\"@type\":\"SearchAction\",\"target\":{\"@type\":\"EntryPoint\",\"urlTemplate\":\"https:\\\/\\\/www.selenium-medical.com\\\/fr\\\/?s={search_term_string}\"},\"query-input\":{\"@type\":\"PropertyValueSpecification\",\"valueRequired\":true,\"valueName\":\"search_term_string\"}}],\"inLanguage\":\"fr-FR\"}]}<\/script>\n<!-- \/ Yoast SEO plugin. -->","yoast_head_json":{"title":"Traitement de surface implants et instruments chirurgicaux - Selenium Medical","description":"Traitement de surface des dispositifs m\u00e9dicaux titanes et inox : anodisation, \u00e9lectropolissage, passivation, masquage, sablage, mordan\u00e7age et marquage laser.","robots":{"index":"index","follow":"follow","max-snippet":"max-snippet:-1","max-image-preview":"max-image-preview:large","max-video-preview":"max-video-preview:-1"},"canonical":"https:\/\/www.selenium-medical.com\/fr\/metiers\/traitement-de-surface\/","og_locale":"fr_FR","og_type":"article","og_title":"Traitement de surface implants et instruments chirurgicaux - Selenium Medical","og_description":"Traitement de surface des dispositifs m\u00e9dicaux titanes et inox : anodisation, \u00e9lectropolissage, passivation, masquage, sablage, mordan\u00e7age et marquage laser.","og_url":"https:\/\/www.selenium-medical.com\/fr\/metiers\/traitement-de-surface\/","og_site_name":"Selenium Medical","article_modified_time":"2025-07-29T09:51:59+00:00","og_image":[{"width":1024,"height":334,"url":"https:\/\/www.selenium-medical.com\/wp-content\/uploads\/2025\/02\/Traitement-de-surface-1024x334.png","type":"image\/png"}],"twitter_card":"summary_large_image","twitter_misc":{"Dur\u00e9e de lecture estim\u00e9e":"7 minutes"},"schema":{"@context":"https:\/\/schema.org","@graph":[{"@type":"WebPage","@id":"https:\/\/www.selenium-medical.com\/fr\/metiers\/traitement-de-surface\/","url":"https:\/\/www.selenium-medical.com\/fr\/metiers\/traitement-de-surface\/","name":"Traitement de surface implants et instruments chirurgicaux - Selenium Medical","isPartOf":{"@id":"https:\/\/www.selenium-medical.com\/fr\/#website"},"primaryImageOfPage":{"@id":"https:\/\/www.selenium-medical.com\/fr\/metiers\/traitement-de-surface\/#primaryimage"},"image":{"@id":"https:\/\/www.selenium-medical.com\/fr\/metiers\/traitement-de-surface\/#primaryimage"},"thumbnailUrl":"https:\/\/www.selenium-medical.com\/wp-content\/uploads\/2025\/02\/Traitement-de-surface.png","datePublished":"2025-02-04T08:34:57+00:00","dateModified":"2025-07-29T09:51:59+00:00","description":"Traitement de surface des dispositifs m\u00e9dicaux titanes et inox : anodisation, \u00e9lectropolissage, passivation, masquage, sablage, mordan\u00e7age et marquage laser.","breadcrumb":{"@id":"https:\/\/www.selenium-medical.com\/fr\/metiers\/traitement-de-surface\/#breadcrumb"},"inLanguage":"fr-FR","potentialAction":[{"@type":"ReadAction","target":["https:\/\/www.selenium-medical.com\/fr\/metiers\/traitement-de-surface\/"]}]},{"@type":"ImageObject","inLanguage":"fr-FR","@id":"https:\/\/www.selenium-medical.com\/fr\/metiers\/traitement-de-surface\/#primaryimage","url":"https:\/\/www.selenium-medical.com\/wp-content\/uploads\/2025\/02\/Traitement-de-surface.png","contentUrl":"https:\/\/www.selenium-medical.com\/wp-content\/uploads\/2025\/02\/Traitement-de-surface.png","width":2048,"height":668,"caption":"traitement de surface - selenium medical"},{"@type":"BreadcrumbList","@id":"https:\/\/www.selenium-medical.com\/fr\/metiers\/traitement-de-surface\/#breadcrumb","itemListElement":[{"@type":"ListItem","position":1,"name":"Accueil","item":"https:\/\/www.selenium-medical.com\/fr\/"},{"@type":"ListItem","position":2,"name":"Les m\u00e9tiers","item":"https:\/\/www.selenium-medical.com\/fr\/metiers\/"},{"@type":"ListItem","position":3,"name":"Traitement de Surface"}]},{"@type":"WebSite","@id":"https:\/\/www.selenium-medical.com\/fr\/#website","url":"https:\/\/www.selenium-medical.com\/fr\/","name":"Selenium Medical","description":"","potentialAction":[{"@type":"SearchAction","target":{"@type":"EntryPoint","urlTemplate":"https:\/\/www.selenium-medical.com\/fr\/?s={search_term_string}"},"query-input":{"@type":"PropertyValueSpecification","valueRequired":true,"valueName":"search_term_string"}}],"inLanguage":"fr-FR"}]}},"_links":{"self":[{"href":"https:\/\/www.selenium-medical.com\/fr\/wp-json\/wp\/v2\/pages\/346","targetHints":{"allow":["GET"]}}],"collection":[{"href":"https:\/\/www.selenium-medical.com\/fr\/wp-json\/wp\/v2\/pages"}],"about":[{"href":"https:\/\/www.selenium-medical.com\/fr\/wp-json\/wp\/v2\/types\/page"}],"author":[{"embeddable":true,"href":"https:\/\/www.selenium-medical.com\/fr\/wp-json\/wp\/v2\/users\/1"}],"replies":[{"embeddable":true,"href":"https:\/\/www.selenium-medical.com\/fr\/wp-json\/wp\/v2\/comments?post=346"}],"version-history":[{"count":73,"href":"https:\/\/www.selenium-medical.com\/fr\/wp-json\/wp\/v2\/pages\/346\/revisions"}],"predecessor-version":[{"id":7124,"href":"https:\/\/www.selenium-medical.com\/fr\/wp-json\/wp\/v2\/pages\/346\/revisions\/7124"}],"up":[{"embeddable":true,"href":"https:\/\/www.selenium-medical.com\/fr\/wp-json\/wp\/v2\/pages\/344"}],"wp:featuredmedia":[{"embeddable":true,"href":"https:\/\/www.selenium-medical.com\/fr\/wp-json\/wp\/v2\/media\/676"}],"wp:attachment":[{"href":"https:\/\/www.selenium-medical.com\/fr\/wp-json\/wp\/v2\/media?parent=346"}],"curies":[{"name":"wp","href":"https:\/\/api.w.org\/{rel}","templated":true}]}}