{"id":67,"date":"2025-01-28T14:39:50","date_gmt":"2025-01-28T14:39:50","guid":{"rendered":"https:\/\/www.selenium.studiovitamine.link\/?page_id=67"},"modified":"2025-03-03T11:18:37","modified_gmt":"2025-03-03T11:18:37","slug":"mentions-legales","status":"publish","type":"page","link":"https:\/\/www.selenium-medical.com\/fr\/mentions-legales\/","title":{"rendered":"Mentions l\u00e9gales"},"content":{"rendered":"<div class=\"wpb-content-wrapper\"><p>[vc_row][vc_column][vc_column_text css=\u00a0\u00bb\u00a0\u00bb]<\/p>\n<p data-start=\"2714\" data-end=\"2734\">Mise \u00e0 jour le 03\/03\/2025<\/p>\n<h2>Propri\u00e9taire du site<\/h2>\n<p data-start=\"2736\" data-end=\"2941\"><strong>SELENIUM MEDICAL<\/strong><br \/>\nSous-traitant de dispositifs m\u00e9dicaux<br data-start=\"2773\" data-end=\"2776\" \/>9049 rue de Qu\u00e9bec<br data-start=\"2794\" data-end=\"2797\" \/>17043 La Rochelle, France<br data-start=\"2822\" data-end=\"2825\" \/>+33 (0)5 46 44 40 82<br data-start=\"2845\" data-end=\"2848\" \/><a rel=\"noopener\" data-start=\"2848\" data-end=\"2876\">contact@selenium-medical.com<\/a><br data-start=\"2876\" data-end=\"2879\" \/><a href=\"https:\/\/www.selenium-medical.com\/\" target=\"_new\" rel=\"noopener\" data-start=\"2879\" data-end=\"2939\">www.selenium-medical.com<\/a><\/p>\n<p data-start=\"2943\" data-end=\"3075\">SASU au capital social de 148 570,00 euros.<br data-start=\"2986\" data-end=\"2989\" \/>Num\u00e9ro de SIRET : 511 567 026 00022<br \/>\nNum\u00e9ro de TVA\u00a0: FR85824490874<br data-start=\"3024\" data-end=\"3027\" \/>RCS La Rochelle : 511 567 026<br data-start=\"3056\" data-end=\"3059\" \/>Code NAF : 3250A<\/p>\n<p>[\/vc_column_text][\/vc_column][\/vc_row][vc_row][vc_column][vc_empty_space height=\u00a0\u00bb2&Prime;][\/vc_column][\/vc_row][vc_row][vc_column][vc_column_text css=\u00a0\u00bb\u00a0\u00bb]<\/p>\n<h2>H\u00e9bergeur du site<\/h2>\n<p style=\"font-weight: 400;\"><strong>STUDIO VITAMINE<\/strong><br \/>\n<strong>Communication digitale<\/strong><br \/>\n14, rue Eug\u00e8ne Thomas<br \/>\n17000 La Rochelle<br \/>\n05 46 07 23 16 \/ 06 62 77 77 09<br \/>\n<a href=\"mailto:contact@studiovitamine.com\">contact@studiovitamine.com<\/a><br \/>\n<a href=\"https:\/\/www.studiovitamine.com\/\">www.studiovitamine.com<\/a><\/p>\n<p>[\/vc_column_text][\/vc_column][\/vc_row][vc_row][vc_column][vc_empty_space height=\u00a0\u00bb2&Prime;][\/vc_column][\/vc_row][vc_row][vc_column][vc_column_text css=\u00a0\u00bb\u00a0\u00bb]<\/p>\n<h2>Design \/ Conception<\/h2>\n<p style=\"font-weight: 400;\"><strong>STUDIO VITAMINE<\/strong><br \/>\n<strong>Communication digitale<\/strong><br \/>\n14, rue Eug\u00e8ne Thomas<br \/>\n17000 La Rochelle<br \/>\n05 46 07 23 16 \/ 06 62 77 77 09<br \/>\n<a href=\"mailto:contact@studiovitamine.com\">contact@studiovitamine.com<\/a><br \/>\n<a href=\"https:\/\/www.studiovitamine.com\/\">www.studiovitamine.com<\/a><\/p>\n<p style=\"font-weight: 400;\"><strong>MARTIN LISEN<br \/>\n<\/strong><strong>3D freelance<br \/>\n<\/strong>Rue des basses-wattines,18<br \/>\n7600 Peruwelz &#8211; Belgique<br \/>\n<a href=\"mailto:info@martinlisen.com\">info@martinlisen.com<\/a><br \/>\n<a href=\"tel:+32496184045\">+32496184045<\/a><\/p>\n<p>&nbsp;<\/p>\n<p style=\"font-weight: 400;\">Le directeur de la publication du site est Monsieur Damien UIJTTEWAAL, en qualit\u00e9 de Directeur G\u00e9n\u00e9ral de SELENIUM MEDICAL.<\/p>\n<p>[\/vc_column_text][\/vc_column][\/vc_row][vc_row][vc_column][vc_empty_space height=\u00a0\u00bb10x\u00a0\u00bb][\/vc_column][\/vc_row][vc_row][vc_column][vc_column_text css=\u00a0\u00bb\u00a0\u00bb]<\/p>\n<h2 data-start=\"3082\" data-end=\"3123\"><strong data-start=\"3086\" data-end=\"3123\">Donn\u00e9es personnelles \u2013 Vie priv\u00e9e<\/strong><\/h2>\n<p style=\"font-weight: 400;\">Nous attachons une grande importance \u00e0 la protection de vos donn\u00e9es personnelles et au respect de votre vie priv\u00e9e. Conform\u00e9ment \u00e0 la l\u00e9gislation applicable, notamment le R\u00e8glement (UE) 2016\/679 du Parlement europ\u00e9en et du Conseil du 27 avril 2016, relatif \u00e0 la protection des personnes physiques \u00e0 l&rsquo;\u00e9gard du traitement des donn\u00e9es \u00e0 caract\u00e8re personnel, ainsi qu\u2019\u00e0 la loi n\u00b078-17 du 6 janvier 1978 modifi\u00e9e (dite Loi Informatique et Libert\u00e9s), la soci\u00e9t\u00e9 SELENIUM MEDICAL s\u2019engage \u00e0 respecter toutes les obligations l\u00e9gales relatives \u00e0 l\u2019utilisation de vos donn\u00e9es personnelles.<\/p>\n<p>[\/vc_column_text][\/vc_column][\/vc_row][vc_row][vc_column][vc_empty_space height=\u00a0\u00bb10x\u00a0\u00bb][\/vc_column][\/vc_row][vc_row][vc_column][vc_column_text css=\u00a0\u00bb\u00a0\u00bb]<\/p>\n<h3 data-start=\"3420\" data-end=\"3469\"><strong data-start=\"3425\" data-end=\"3467\">Base l\u00e9gale de la collecte des donn\u00e9es<\/strong><\/h3>\n<p style=\"font-weight: 400;\">En remplissant nos formulaires de contact, vous nous donnez votre consentement explicite pour la collecte et le traitement de vos donn\u00e9es personnelles dans des buts sp\u00e9cifiques. Les informations recueillies sont n\u00e9cessaires \u00e0 l&rsquo;ex\u00e9cution des services que vous sollicitez. Si vous nous donnez un consentement suppl\u00e9mentaire (par exemple, pour recevoir des offres commerciales), ce consentement constitue la base l\u00e9gale pour le traitement de vos donn\u00e9es.<\/p>\n<p style=\"font-weight: 400;\">Nous pouvons \u00e9galement utiliser vos donn\u00e9es personnelles dans le cadre de notre int\u00e9r\u00eat l\u00e9gitime, notamment pour assurer la s\u00e9curit\u00e9 et la maintenance de notre site web, am\u00e9liorer l&rsquo;exp\u00e9rience utilisateur et optimiser nos services. Ces traitements sont r\u00e9alis\u00e9s dans le respect de vos droits et libert\u00e9s.<\/p>\n<p>[\/vc_column_text][\/vc_column][\/vc_row][vc_row][vc_column][vc_empty_space height=\u00a0\u00bb10x\u00a0\u00bb][\/vc_column][\/vc_row][vc_row][vc_column][vc_column_text css=\u00a0\u00bb\u00a0\u00bb]<\/p>\n<h3 data-start=\"3854\" data-end=\"3914\"><strong data-start=\"3859\" data-end=\"3912\">Droit d&rsquo;acc\u00e8s, de rectification et de suppression<\/strong><\/h3>\n<p style=\"font-weight: 400;\">Vous disposez d\u2019un droit d\u2019acc\u00e8s, de rectification, de suppression, de portabilit\u00e9, ainsi que d\u2019un droit d\u2019opposition et de limitation du traitement de vos donn\u00e9es personnelles. Vous pouvez exercer ces droits en \u00e9crivant \u00e0 notre si\u00e8ge social \u00e0 l\u2019adresse indiqu\u00e9e ci-dessus ou en nous contactant directement par email \u00e0\u00a0<a href=\"mailto:contact@selenium-medical.com\">contact@selenium-medical.com<\/a>.<\/p>\n<p style=\"font-weight: 400;\">Vous avez \u00e9galement la possibilit\u00e9 d\u2019introduire une r\u00e9clamation aupr\u00e8s de la CNIL (Commission Nationale de l\u2019Information et des Libert\u00e9s), si vous estimez que vos droits relatifs \u00e0 la protection des donn\u00e9es personnelles n\u2019ont pas \u00e9t\u00e9 respect\u00e9s.<\/p>\n<p>[\/vc_column_text][\/vc_column][\/vc_row][vc_row][vc_column][vc_empty_space height=\u00a0\u00bb10x\u00a0\u00bb][\/vc_column][\/vc_row][vc_row][vc_column][vc_column_text css=\u00a0\u00bb\u00a0\u00bb]<\/p>\n<h3 data-start=\"4304\" data-end=\"4348\"><strong data-start=\"4309\" data-end=\"4346\">Collecte des donn\u00e9es personnelles<\/strong><\/h3>\n<p data-start=\"4349\" data-end=\"4427\">Nous collectons les informations suivantes via notre formulaire de contact :<\/p>\n<ul data-start=\"4428\" data-end=\"4471\">\n<li data-start=\"4428\" data-end=\"4435\">Nom<\/li>\n<li data-start=\"4436\" data-end=\"4446\">Pr\u00e9nom<\/li>\n<li data-start=\"4447\" data-end=\"4471\">Adresse \u00e9lectronique<\/li>\n<li data-start=\"4447\" data-end=\"4471\">Num\u00e9ro de t\u00e9l\u00e9phone<\/li>\n<\/ul>\n<p style=\"font-weight: 400;\">Ces informations sont collect\u00e9es pour les finalit\u00e9s mentionn\u00e9es ci-dessous et ne seront pas conserv\u00e9es au-del\u00e0 de la dur\u00e9e n\u00e9cessaire pour atteindre ces objectifs.<\/p>\n<p>[\/vc_column_text][\/vc_column][\/vc_row][vc_row][vc_column][vc_empty_space height=\u00a0\u00bb10x\u00a0\u00bb][\/vc_column][\/vc_row][vc_row][vc_column][vc_column_text css=\u00a0\u00bb\u00a0\u00bb]<\/p>\n<h3 data-start=\"4695\" data-end=\"4730\"><strong data-start=\"4700\" data-end=\"4728\">Finalit\u00e9s de la collecte<\/strong><\/h3>\n<p data-start=\"4731\" data-end=\"4804\">Les informations collect\u00e9es sont utilis\u00e9es pour les finalit\u00e9s suivantes :<\/p>\n<ul data-start=\"4805\" data-end=\"4973\">\n<li>Demande de devis<\/li>\n<li>Demande d\u2019envoi d\u2019\u00e9chantillons<\/li>\n<li>Demande d\u2019informations techniques<\/li>\n<li>Traiter vos candidatures.<\/li>\n<li>Demande d\u2019informations relatives \u00e0 la qualit\u00e9, aux affaires r\u00e9glementaires et \u00e0 la validation.<\/li>\n<\/ul>\n<p>[\/vc_column_text][\/vc_column][\/vc_row][vc_row][vc_column][vc_empty_space height=\u00a0\u00bb10x\u00a0\u00bb][\/vc_column][\/vc_row][vc_row][vc_column][vc_column_text css=\u00a0\u00bb\u00a0\u00bb]<\/p>\n<h3 data-start=\"4975\" data-end=\"5017\"><strong data-start=\"4980\" data-end=\"5015\">Partage et s\u00e9curit\u00e9 des donn\u00e9es<\/strong><\/h3>\n<p data-start=\"5018\" data-end=\"5402\">Vos donn\u00e9es personnelles sont trait\u00e9es de mani\u00e8re s\u00e9curis\u00e9e. Elles ne sont pas partag\u00e9es avec des tiers, sauf si cela est n\u00e9cessaire pour r\u00e9pondre \u00e0 vos demandes (par exemple, pour l&rsquo;envoi d&rsquo;\u00e9chantillons). Nous mettons en place des mesures techniques et organisationnelles pour prot\u00e9ger vos donn\u00e9es personnelles contre tout acc\u00e8s non autoris\u00e9, toute alt\u00e9ration ou toute divulgation.<\/p>\n<p>[\/vc_column_text][\/vc_column][\/vc_row][vc_row][vc_column][vc_empty_space height=\u00a0\u00bb10x\u00a0\u00bb][\/vc_column][\/vc_row][vc_row][vc_column][vc_column_text css=\u00a0\u00bb\u00a0\u00bb]<\/p>\n<h3 data-start=\"5404\" data-end=\"5436\"><strong data-start=\"5409\" data-end=\"5434\">Transfert des donn\u00e9es<\/strong><\/h3>\n<p data-start=\"5437\" data-end=\"5539\">Aucune donn\u00e9e personnelle ne sera transf\u00e9r\u00e9e en dehors de l&rsquo;Union Europ\u00e9enne sans garanties ad\u00e9quates.<\/p>\n<p>[\/vc_column_text][\/vc_column][\/vc_row][vc_row][vc_column][vc_empty_space height=\u00a0\u00bb10x\u00a0\u00bb][\/vc_column][\/vc_row][vc_row][vc_column][vc_column_text css=\u00a0\u00bb\u00a0\u00bb]<\/p>\n<h3 data-start=\"5541\" data-end=\"5591\"><strong data-start=\"5546\" data-end=\"5589\">Cookies et autres technologies de suivi<\/strong><\/h3>\n<p style=\"font-weight: 400;\">Notre site utilise des cookies pour am\u00e9liorer l\u2019exp\u00e9rience utilisateur. Vous pouvez consulter notre\u00a0Politique de cookies, pour plus d\u2019informations sur les cookies utilis\u00e9s, ainsi que pour g\u00e9rer vos pr\u00e9f\u00e9rences de cookies. En acc\u00e9dant \u00e0 notre site, vous acceptez l\u2019utilisation de cookies, sauf si vous les avez d\u00e9sactiv\u00e9s dans vos pr\u00e9f\u00e9rences de navigation.<\/p>\n<p>[\/vc_column_text][\/vc_column][\/vc_row]<\/p>\n<\/div>","protected":false},"excerpt":{"rendered":"<p>[vc_row][vc_column][vc_column_text css=\u00a0\u00bb\u00a0\u00bb] Mise \u00e0 jour le 03\/03\/2025 Propri\u00e9taire du site SELENIUM MEDICAL Sous-traitant de dispositifs m\u00e9dicaux9049 rue de Qu\u00e9bec17043 La Rochelle, France+33 (0)5 46 44 40 82contact@selenium-medical.comwww.selenium-medical.com SASU au capital social de 148 570,00 euros.Num\u00e9ro de SIRET : 511 567 026 00022 Num\u00e9ro de TVA\u00a0: FR85824490874RCS La Rochelle : 511 567 026Code NAF : 3250A [&hellip;]<\/p>\n","protected":false},"author":1,"featured_media":263,"parent":0,"menu_order":0,"comment_status":"closed","ping_status":"closed","template":"","meta":{"_acf_changed":false,"inline_featured_image":false,"footnotes":""},"class_list":["post-67","page","type-page","status-publish","has-post-thumbnail","hentry"],"acf":[],"yoast_head":"<!-- This site is optimized with the Yoast SEO plugin v27.4 - https:\/\/yoast.com\/product\/yoast-seo-wordpress\/ -->\n<title>Mentions l\u00e9gales - Selenium Medical<\/title>\n<meta name=\"robots\" content=\"index, follow, max-snippet:-1, max-image-preview:large, max-video-preview:-1\" \/>\n<link rel=\"canonical\" href=\"https:\/\/www.selenium-medical.com\/fr\/mentions-legales\/\" \/>\n<meta property=\"og:locale\" content=\"fr_FR\" \/>\n<meta property=\"og:type\" content=\"article\" \/>\n<meta property=\"og:title\" content=\"Mentions l\u00e9gales - Selenium Medical\" \/>\n<meta property=\"og:description\" content=\"[vc_row][vc_column][vc_column_text css=\u00a0\u00bb\u00a0\u00bb] Mise \u00e0 jour le 03\/03\/2025 Propri\u00e9taire du site SELENIUM MEDICAL Sous-traitant de dispositifs m\u00e9dicaux9049 rue de Qu\u00e9bec17043 La Rochelle, France+33 (0)5 46 44 40 82contact@selenium-medical.comwww.selenium-medical.com SASU au capital social de 148 570,00 euros.Num\u00e9ro de SIRET : 511 567 026 00022 Num\u00e9ro de TVA\u00a0: FR85824490874RCS La Rochelle : 511 567 026Code NAF : 3250A [&hellip;]\" \/>\n<meta property=\"og:url\" content=\"https:\/\/www.selenium-medical.com\/fr\/mentions-legales\/\" \/>\n<meta property=\"og:site_name\" content=\"Selenium Medical\" \/>\n<meta property=\"article:modified_time\" content=\"2025-03-03T11:18:37+00:00\" \/>\n<meta property=\"og:image\" content=\"https:\/\/www.selenium-medical.com\/wp-content\/uploads\/2025\/01\/photo-acutalites-1024x297.png\" \/>\n\t<meta property=\"og:image:width\" content=\"1024\" \/>\n\t<meta property=\"og:image:height\" content=\"297\" \/>\n\t<meta property=\"og:image:type\" content=\"image\/png\" \/>\n<meta name=\"twitter:card\" content=\"summary_large_image\" \/>\n<meta name=\"twitter:label1\" content=\"Dur\u00e9e de lecture estim\u00e9e\" \/>\n\t<meta name=\"twitter:data1\" content=\"4 minutes\" \/>\n<script type=\"application\/ld+json\" class=\"yoast-schema-graph\">{\"@context\":\"https:\\\/\\\/schema.org\",\"@graph\":[{\"@type\":\"WebPage\",\"@id\":\"https:\\\/\\\/www.selenium-medical.com\\\/fr\\\/mentions-legales\\\/\",\"url\":\"https:\\\/\\\/www.selenium-medical.com\\\/fr\\\/mentions-legales\\\/\",\"name\":\"Mentions l\u00e9gales - Selenium Medical\",\"isPartOf\":{\"@id\":\"https:\\\/\\\/www.selenium-medical.com\\\/fr\\\/#website\"},\"primaryImageOfPage\":{\"@id\":\"https:\\\/\\\/www.selenium-medical.com\\\/fr\\\/mentions-legales\\\/#primaryimage\"},\"image\":{\"@id\":\"https:\\\/\\\/www.selenium-medical.com\\\/fr\\\/mentions-legales\\\/#primaryimage\"},\"thumbnailUrl\":\"https:\\\/\\\/www.selenium-medical.com\\\/wp-content\\\/uploads\\\/2025\\\/01\\\/photo-acutalites.png\",\"datePublished\":\"2025-01-28T14:39:50+00:00\",\"dateModified\":\"2025-03-03T11:18:37+00:00\",\"breadcrumb\":{\"@id\":\"https:\\\/\\\/www.selenium-medical.com\\\/fr\\\/mentions-legales\\\/#breadcrumb\"},\"inLanguage\":\"fr-FR\",\"potentialAction\":[{\"@type\":\"ReadAction\",\"target\":[\"https:\\\/\\\/www.selenium-medical.com\\\/fr\\\/mentions-legales\\\/\"]}]},{\"@type\":\"ImageObject\",\"inLanguage\":\"fr-FR\",\"@id\":\"https:\\\/\\\/www.selenium-medical.com\\\/fr\\\/mentions-legales\\\/#primaryimage\",\"url\":\"https:\\\/\\\/www.selenium-medical.com\\\/wp-content\\\/uploads\\\/2025\\\/01\\\/photo-acutalites.png\",\"contentUrl\":\"https:\\\/\\\/www.selenium-medical.com\\\/wp-content\\\/uploads\\\/2025\\\/01\\\/photo-acutalites.png\",\"width\":2048,\"height\":593},{\"@type\":\"BreadcrumbList\",\"@id\":\"https:\\\/\\\/www.selenium-medical.com\\\/fr\\\/mentions-legales\\\/#breadcrumb\",\"itemListElement\":[{\"@type\":\"ListItem\",\"position\":1,\"name\":\"Accueil\",\"item\":\"https:\\\/\\\/www.selenium-medical.com\\\/fr\\\/\"},{\"@type\":\"ListItem\",\"position\":2,\"name\":\"Mentions l\u00e9gales\"}]},{\"@type\":\"WebSite\",\"@id\":\"https:\\\/\\\/www.selenium-medical.com\\\/fr\\\/#website\",\"url\":\"https:\\\/\\\/www.selenium-medical.com\\\/fr\\\/\",\"name\":\"Selenium Medical\",\"description\":\"\",\"potentialAction\":[{\"@type\":\"SearchAction\",\"target\":{\"@type\":\"EntryPoint\",\"urlTemplate\":\"https:\\\/\\\/www.selenium-medical.com\\\/fr\\\/?s={search_term_string}\"},\"query-input\":{\"@type\":\"PropertyValueSpecification\",\"valueRequired\":true,\"valueName\":\"search_term_string\"}}],\"inLanguage\":\"fr-FR\"}]}<\/script>\n<!-- \/ Yoast SEO plugin. -->","yoast_head_json":{"title":"Mentions l\u00e9gales - Selenium Medical","robots":{"index":"index","follow":"follow","max-snippet":"max-snippet:-1","max-image-preview":"max-image-preview:large","max-video-preview":"max-video-preview:-1"},"canonical":"https:\/\/www.selenium-medical.com\/fr\/mentions-legales\/","og_locale":"fr_FR","og_type":"article","og_title":"Mentions l\u00e9gales - Selenium Medical","og_description":"[vc_row][vc_column][vc_column_text css=\u00a0\u00bb\u00a0\u00bb] Mise \u00e0 jour le 03\/03\/2025 Propri\u00e9taire du site SELENIUM MEDICAL Sous-traitant de dispositifs m\u00e9dicaux9049 rue de Qu\u00e9bec17043 La Rochelle, France+33 (0)5 46 44 40 82contact@selenium-medical.comwww.selenium-medical.com SASU au capital social de 148 570,00 euros.Num\u00e9ro de SIRET : 511 567 026 00022 Num\u00e9ro de TVA\u00a0: FR85824490874RCS La Rochelle : 511 567 026Code NAF : 3250A [&hellip;]","og_url":"https:\/\/www.selenium-medical.com\/fr\/mentions-legales\/","og_site_name":"Selenium Medical","article_modified_time":"2025-03-03T11:18:37+00:00","og_image":[{"width":1024,"height":297,"url":"https:\/\/www.selenium-medical.com\/wp-content\/uploads\/2025\/01\/photo-acutalites-1024x297.png","type":"image\/png"}],"twitter_card":"summary_large_image","twitter_misc":{"Dur\u00e9e de lecture estim\u00e9e":"4 minutes"},"schema":{"@context":"https:\/\/schema.org","@graph":[{"@type":"WebPage","@id":"https:\/\/www.selenium-medical.com\/fr\/mentions-legales\/","url":"https:\/\/www.selenium-medical.com\/fr\/mentions-legales\/","name":"Mentions l\u00e9gales - Selenium Medical","isPartOf":{"@id":"https:\/\/www.selenium-medical.com\/fr\/#website"},"primaryImageOfPage":{"@id":"https:\/\/www.selenium-medical.com\/fr\/mentions-legales\/#primaryimage"},"image":{"@id":"https:\/\/www.selenium-medical.com\/fr\/mentions-legales\/#primaryimage"},"thumbnailUrl":"https:\/\/www.selenium-medical.com\/wp-content\/uploads\/2025\/01\/photo-acutalites.png","datePublished":"2025-01-28T14:39:50+00:00","dateModified":"2025-03-03T11:18:37+00:00","breadcrumb":{"@id":"https:\/\/www.selenium-medical.com\/fr\/mentions-legales\/#breadcrumb"},"inLanguage":"fr-FR","potentialAction":[{"@type":"ReadAction","target":["https:\/\/www.selenium-medical.com\/fr\/mentions-legales\/"]}]},{"@type":"ImageObject","inLanguage":"fr-FR","@id":"https:\/\/www.selenium-medical.com\/fr\/mentions-legales\/#primaryimage","url":"https:\/\/www.selenium-medical.com\/wp-content\/uploads\/2025\/01\/photo-acutalites.png","contentUrl":"https:\/\/www.selenium-medical.com\/wp-content\/uploads\/2025\/01\/photo-acutalites.png","width":2048,"height":593},{"@type":"BreadcrumbList","@id":"https:\/\/www.selenium-medical.com\/fr\/mentions-legales\/#breadcrumb","itemListElement":[{"@type":"ListItem","position":1,"name":"Accueil","item":"https:\/\/www.selenium-medical.com\/fr\/"},{"@type":"ListItem","position":2,"name":"Mentions l\u00e9gales"}]},{"@type":"WebSite","@id":"https:\/\/www.selenium-medical.com\/fr\/#website","url":"https:\/\/www.selenium-medical.com\/fr\/","name":"Selenium Medical","description":"","potentialAction":[{"@type":"SearchAction","target":{"@type":"EntryPoint","urlTemplate":"https:\/\/www.selenium-medical.com\/fr\/?s={search_term_string}"},"query-input":{"@type":"PropertyValueSpecification","valueRequired":true,"valueName":"search_term_string"}}],"inLanguage":"fr-FR"}]}},"_links":{"self":[{"href":"https:\/\/www.selenium-medical.com\/fr\/wp-json\/wp\/v2\/pages\/67","targetHints":{"allow":["GET"]}}],"collection":[{"href":"https:\/\/www.selenium-medical.com\/fr\/wp-json\/wp\/v2\/pages"}],"about":[{"href":"https:\/\/www.selenium-medical.com\/fr\/wp-json\/wp\/v2\/types\/page"}],"author":[{"embeddable":true,"href":"https:\/\/www.selenium-medical.com\/fr\/wp-json\/wp\/v2\/users\/1"}],"replies":[{"embeddable":true,"href":"https:\/\/www.selenium-medical.com\/fr\/wp-json\/wp\/v2\/comments?post=67"}],"version-history":[{"count":18,"href":"https:\/\/www.selenium-medical.com\/fr\/wp-json\/wp\/v2\/pages\/67\/revisions"}],"predecessor-version":[{"id":5886,"href":"https:\/\/www.selenium-medical.com\/fr\/wp-json\/wp\/v2\/pages\/67\/revisions\/5886"}],"wp:featuredmedia":[{"embeddable":true,"href":"https:\/\/www.selenium-medical.com\/fr\/wp-json\/wp\/v2\/media\/263"}],"wp:attachment":[{"href":"https:\/\/www.selenium-medical.com\/fr\/wp-json\/wp\/v2\/media?parent=67"}],"curies":[{"name":"wp","href":"https:\/\/api.w.org\/{rel}","templated":true}]}}