{"id":7179,"date":"2025-09-09T10:30:22","date_gmt":"2025-09-09T09:30:22","guid":{"rendered":"https:\/\/www.selenium-medical.com\/?page_id=7179"},"modified":"2026-04-23T11:18:05","modified_gmt":"2026-04-23T10:18:05","slug":"offre-demploi-technicienne-de-maintenance","status":"publish","type":"page","link":"https:\/\/www.selenium-medical.com\/fr\/offre-demploi-technicienne-de-maintenance\/","title":{"rendered":"Offre d\u2019emploi : Technicien(ne) de Maintenance"},"content":{"rendered":"<div class=\"wpb-content-wrapper\"><p>[vc_row full_width=\u00a0\u00bbstretch_row\u00a0\u00bb css=\u00a0\u00bb.vc_custom_1747736944851{background-color: #FFFFFF00 !important;}\u00a0\u00bb el_class=\u00a0\u00bbrangee-icones\u00a0\u00bb][vc_column][vc_empty_space height=\u00a0\u00bb50px\u00a0\u00bb][vc_column_text css=\u00a0\u00bb\u00a0\u00bb]<\/p>\n<div class=\"page\" title=\"Page 1\">\n<div class=\"section\">\n<div class=\"layoutArea\">\n<div class=\"column\">\n<h2 style=\"text-align: center;\">Rejoignez l&rsquo;aventure Selenium Medical<\/h2>\n<p>&nbsp;<\/p>\n<p style=\"text-align: center;\"><strong>Une entreprise dynamique \u00e0 dimension internationale, tourn\u00e9e vers l&rsquo;innovation et l&rsquo;excellence industrielle !<\/strong><\/p>\n<\/div>\n<\/div>\n<\/div>\n<\/div>\n<p>[\/vc_column_text][vc_empty_space][vc_row_inner el_class=\u00a0\u00bbrangee-icones\u00a0\u00bb css=\u00a0\u00bb.vc_custom_1740393022859{background-color: #FFFFFF00 !important;}\u00a0\u00bb][vc_column_inner width=\u00a0\u00bb1\/12&Prime; css=\u00a0\u00bb.vc_custom_1738745320897{padding-right: 0px !important;}\u00a0\u00bb][vc_single_image image=\u00a0\u00bb6920&Prime; img_size=\u00a0\u00bb24&#215;24&Prime; alignment=\u00a0\u00bbright\u00a0\u00bb css=\u00a0\u00bb\u00a0\u00bb][\/vc_column_inner][vc_column_inner width=\u00a0\u00bb5\/12&Prime;][vc_column_text css=\u00a0\u00bb\u00a0\u00bb]<span style=\"color: #0a2b6d;\">Une entreprise sous-traitante innovante au service des fabricants de dispositifs m\u00e9dicaux\u00a0<\/span>[\/vc_column_text][\/vc_column_inner][vc_column_inner width=\u00a0\u00bb1\/12&Prime; css=\u00a0\u00bb.vc_custom_1738745327550{padding-right: 0px !important;}\u00a0\u00bb][vc_single_image image=\u00a0\u00bb6940&Prime; img_size=\u00a0\u00bb24&#215;24&Prime; alignment=\u00a0\u00bbright\u00a0\u00bb css=\u00a0\u00bb\u00a0\u00bb][\/vc_column_inner][vc_column_inner width=\u00a0\u00bb5\/12&Prime;][vc_column_text css=\u00a0\u00bb\u00a0\u00bb]<span style=\"color: #0a2b6d;\">Sp\u00e9cialis\u00e9s dans l&rsquo;injection plastique, traitement de surface, conditionnement st\u00e9rile\u00a0<\/span>[\/vc_column_text][\/vc_column_inner][\/vc_row_inner][vc_row_inner][vc_column_inner width=\u00a0\u00bb1\/12&Prime; css=\u00a0\u00bb.vc_custom_1738745320897{padding-right: 0px !important;}\u00a0\u00bb][vc_single_image image=\u00a0\u00bb6915&Prime; img_size=\u00a0\u00bb24&#215;24&Prime; alignment=\u00a0\u00bbright\u00a0\u00bb css=\u00a0\u00bb\u00a0\u00bb][\/vc_column_inner][vc_column_inner width=\u00a0\u00bb5\/12&Prime;][vc_column_text css=\u00a0\u00bb\u00a0\u00bb]<span style=\"color: #0a2b6d;\">Enti\u00e8rement d\u00e9di\u00e9s \u00e0 l&rsquo;industrie de la sant\u00e9\u00a0<\/span>[\/vc_column_text][\/vc_column_inner][vc_column_inner width=\u00a0\u00bb1\/12&Prime; css=\u00a0\u00bb.vc_custom_1738745327550{padding-right: 0px !important;}\u00a0\u00bb][vc_single_image image=\u00a0\u00bb6905&Prime; img_size=\u00a0\u00bb24&#215;24&Prime; alignment=\u00a0\u00bbright\u00a0\u00bb css=\u00a0\u00bb\u00a0\u00bb][\/vc_column_inner][vc_column_inner width=\u00a0\u00bb5\/12&Prime;][vc_column_text css=\u00a0\u00bb\u00a0\u00bb]<span style=\"color: #0a2b6d;\">Une filiale Selenium America aux \u00c9tats-Unis<\/span>[\/vc_column_text][\/vc_column_inner][\/vc_row_inner][vc_row_inner css=\u00a0\u00bb.vc_custom_1740393032116{background-color: #1952C200 !important;}\u00a0\u00bb][vc_column_inner width=\u00a0\u00bb1\/12&Prime; css=\u00a0\u00bb.vc_custom_1738745320897{padding-right: 0px !important;}\u00a0\u00bb][vc_single_image image=\u00a0\u00bb6930&Prime; img_size=\u00a0\u00bb24&#215;24&Prime; alignment=\u00a0\u00bbright\u00a0\u00bb css=\u00a0\u00bb\u00a0\u00bb][\/vc_column_inner][vc_column_inner width=\u00a0\u00bb5\/12&Prime;][vc_column_text css=\u00a0\u00bb\u00a0\u00bb]<span style=\"color: #0a2b6d;\"><span style=\"caret-color: #0a2b6d;\"><span class=\"_fadeIn_m1hgl_8\">Situ\u00e9e <\/span><span class=\"_fadeIn_m1hgl_8\">\u00e0 <\/span><span class=\"_fadeIn_m1hgl_8\">La <\/span><span class=\"_fadeIn_m1hgl_8\">Rochell<\/span>e, au bord de l&rsquo;oc\u00e9an\u00a0<\/span><\/span>[\/vc_column_text][\/vc_column_inner][vc_column_inner width=\u00a0\u00bb1\/12&Prime; css=\u00a0\u00bb.vc_custom_1738745327550{padding-right: 0px !important;}\u00a0\u00bb][vc_single_image image=\u00a0\u00bb6925&Prime; img_size=\u00a0\u00bb24&#215;24&Prime; alignment=\u00a0\u00bbright\u00a0\u00bb css=\u00a0\u00bb\u00a0\u00bb][\/vc_column_inner][vc_column_inner width=\u00a0\u00bb5\/12&Prime;][vc_column_text css=\u00a0\u00bb\u00a0\u00bb]<span style=\"color: #0a2b6d;\"><span style=\"caret-color: #0a2b6d;\">Plus de 100 collaborateurs engag\u00e9s<\/span><\/span>[\/vc_column_text][\/vc_column_inner][\/vc_row_inner][vc_row_inner][vc_column_inner width=\u00a0\u00bb1\/12&Prime; css=\u00a0\u00bb.vc_custom_1738745320897{padding-right: 0px !important;}\u00a0\u00bb][vc_single_image image=\u00a0\u00bb6935&Prime; img_size=\u00a0\u00bb24&#215;24&Prime; alignment=\u00a0\u00bbright\u00a0\u00bb css=\u00a0\u00bb\u00a0\u00bb][\/vc_column_inner][vc_column_inner width=\u00a0\u00bb5\/12&Prime;][vc_column_text css=\u00a0\u00bb\u00a0\u00bb]<span style=\"color: #0a2b6d;\"><span style=\"caret-color: #0a2b6d;\">Une croissance continue depuis 2020<\/span><\/span>[\/vc_column_text][\/vc_column_inner][vc_column_inner width=\u00a0\u00bb1\/12&Prime; css=\u00a0\u00bb.vc_custom_1738745327550{padding-right: 0px !important;}\u00a0\u00bb][vc_single_image image=\u00a0\u00bb6895&Prime; img_size=\u00a0\u00bb24&#215;24&Prime; alignment=\u00a0\u00bbright\u00a0\u00bb css=\u00a0\u00bb\u00a0\u00bb][\/vc_column_inner][vc_column_inner width=\u00a0\u00bb5\/12&Prime;][vc_column_text css=\u00a0\u00bb\u00a0\u00bb]<span style=\"color: #0a2b6d;\"><span style=\"caret-color: #0a2b6d;\">Un rayonnement international<\/span><\/span>[\/vc_column_text][\/vc_column_inner][\/vc_row_inner][vc_empty_space height=\u00a0\u00bb100&Prime;][\/vc_column][\/vc_row][vc_row full_width=\u00a0\u00bbstretch_row\u00a0\u00bb css=\u00a0\u00bb.vc_custom_1752150545456{background-color: #1952C2 !important;}\u00a0\u00bb el_class=\u00a0\u00bbfond-bleu\u00a0\u00bb][vc_column][vc_empty_space height=\u00a0\u00bb30&Prime;][vc_column_text css=\u00a0\u00bb\u00a0\u00bb]<\/p>\n<div class=\"page\" title=\"Page 2\">\n<div class=\"section\">\n<div class=\"layoutArea\">\n<div class=\"column\">\n<h2 style=\"text-align: center;\"><strong data-start=\"807\" data-end=\"858\"><span class=\"_fadeIn_m1hgl_8\">Votre <\/span><span class=\"_fadeIn_m1hgl_8\">futur <\/span><span class=\"_fadeIn_m1hgl_8\">poste <\/span><span class=\"_fadeIn_m1hgl_8\">au <\/span><span class=\"_fadeIn_m1hgl_8\">sein <\/span><span class=\"_fadeIn_m1hgl_8\">de l&rsquo;entreprise<\/span><\/strong><\/h2>\n<p>&nbsp;<\/p>\n<\/div>\n<p style=\"text-align: center;\">Dans un secteur dynamique et exigeant comme celui du dispositif m\u00e9dical, nous recherchons un(e) <strong>Technicien(ne) de Maintenance<\/strong> pour accompagner notre d\u00e9veloppement ambitieux.<\/p>\n<p style=\"font-weight: 400; text-align: center;\">\n<\/div>\n<\/div>\n<\/div>\n<p>[\/vc_column_text][vc_empty_space height=\u00a0\u00bb30&Prime;][\/vc_column][\/vc_row][vc_row full_width=\u00a0\u00bbstretch_row\u00a0\u00bb el_class=\u00a0\u00bbfond-pale\u00a0\u00bb][vc_column][vc_empty_space height=\u00a0\u00bb50px\u00a0\u00bb][vc_empty_space height=\u00a0\u00bb30px\u00a0\u00bb][vc_row_inner el_class=\u00a0\u00bbtexte-blanc\u00a0\u00bb][vc_column_inner width=\u00a0\u00bb1\/2&Prime;][vc_column_text css=\u00a0\u00bb\u00a0\u00bb]<\/p>\n<h3>Vos missions<\/h3>\n<ul>\n<li>Assurer la maintenance pr\u00e9ventive, corrective et curative sur l\u2019ensemble des \u00e9quipements de SELENIUM MEDICAL et de ses filiales (<a href=\"https:\/\/www.selenium-medical.com\/fr\/metiers\/conditionnement-sterile\/\">Packaging<\/a>, <a href=\"https:\/\/www.selenium-medical.com\/fr\/metiers\/injection-plastique\/\">Injection<\/a>, <a href=\"https:\/\/www.selenium-medical.com\/fr\/metiers\/traitement-de-surface\/\">Traitement de Surface<\/a>).<\/li>\n<\/ul>\n<ul>\n<li>Encadrer les interventions des entreprises externes.<\/li>\n<\/ul>\n<ul>\n<li>R\u00e9aliser les t\u00e2ches li\u00e9es \u00e0 la maintenance des b\u00e2timents et service g\u00e9n\u00e9raux.<\/li>\n<\/ul>\n<ul>\n<li>Participer au plan de productivit\u00e9 du Groupe.<\/li>\n<\/ul>\n<div class=\"page\" title=\"Page 1\">\n<div class=\"section\">\n<div><\/div>\n<\/div>\n<\/div>\n<p>[\/vc_column_text][vc_column_text css=\u00a0\u00bb\u00a0\u00bb]<\/p>\n<h3>Vos responsabilit\u00e9s<\/h3>\n<ul>\n<li>G\u00e9rer les priorit\u00e9s, la s\u00e9curit\u00e9 et les contraintes li\u00e9es aux activit\u00e9s de production.<\/li>\n<\/ul>\n<ul>\n<li>\u00c9laborer et suivre les documents li\u00e9s \u00e0 la maintenance pr\u00e9ventive et corrective de l\u2019ensemble des \u00e9quipements et mat\u00e9riels de l\u2019entreprise au travers de notre GMAO.<\/li>\n<\/ul>\n<ul>\n<li>Diagnostiquer et r\u00e9soudre les pannes des \u00e9quipements de production.<\/li>\n<\/ul>\n<ul>\n<li>Participer \u00e0 la gestion du stock des pi\u00e8ces d\u00e9tach\u00e9es.<\/li>\n<\/ul>\n<ul>\n<li>Proposer et participer \u00e0 l\u2019am\u00e9lioration des \u00e9quipements de production.<\/li>\n<\/ul>\n<ul>\n<li>Assurer la lib\u00e9ration des \u00e9quipements de production, apr\u00e8s la maintenance.<\/li>\n<\/ul>\n<ul>\n<li>Respecter les proc\u00e9dures et exigences du SMQ (Syst\u00e8me de Management de la Qualit\u00e9).<\/li>\n<\/ul>\n<ul>\n<li>Assurer l\u2019installation et le raccordement des nouveaux \u00e9quipements.<\/li>\n<\/ul>\n<ul>\n<li>Assurer ponctuellement des missions de SAV pour des \u00e9quipements vendus ou install\u00e9s hors de SELENIUM MEDICAL et ses filiales.<\/li>\n<\/ul>\n<ul>\n<li>Respecter et appliquer les normes de productivit\u00e9, d\u2019hygi\u00e8ne, de s\u00e9curit\u00e9 et de qualit\u00e9.<\/li>\n<\/ul>\n<ul>\n<li>Participer \u00e0 l\u2019am\u00e9lioration continue des conditions de s\u00e9curit\u00e9.<\/li>\n<\/ul>\n<div class=\"section\"><\/div>\n<div class=\"page\" title=\"Page 1\">\n<div class=\"section\">\n<div><\/div>\n<\/div>\n<\/div>\n<p>[\/vc_column_text][\/vc_column_inner][vc_column_inner width=\u00a0\u00bb1\/2&Prime;][vc_column_text css=\u00a0\u00bb\u00a0\u00bb]<\/p>\n<h3>Profil recherch\u00e9<\/h3>\n<p><strong>Formation :<\/strong><\/p>\n<ul>\n<li><span style=\"font-family: inherit;\">BAC PRO ou BAC+2 dans le domaine technique de la maintenance industrielle <\/span><\/li>\n<li><span style=\"font-family: inherit;\">Exp\u00e9rience souhait\u00e9e :<strong> minimum 3 ans souhait\u00e9e.<\/strong><\/span><\/li>\n<\/ul>\n<p><strong>Comp\u00e9tences : <\/strong><\/p>\n<ul>\n<li>\u00c9lectricit\u00e9 industrielle (lecture de sch\u00e9mas \u00e9lectriques, d\u00e9pannage, automatisme)<\/li>\n<li>M\u00e9canique industrielle de base<\/li>\n<li>Lecture et interpr\u00e9tation de plans et sch\u00e9mas techniques.<\/li>\n<\/ul>\n<p><strong>Ma\u00eetrise d&rsquo;outils : <\/strong><\/p>\n<ul>\n<li>Bonne connaissance des outils bureautiques pour suivi des interventions et rapports techniques.<\/li>\n<\/ul>\n<p><strong>Aptitudes : <\/strong><\/p>\n<ul>\n<li>R\u00e9activit\u00e9 et sens de l&rsquo;analyse<\/li>\n<li>Rigueur et autonomie<\/li>\n<li>Capacit\u00e9 \u00e0 travailler en \u00e9quipe et \u00e0 respecter les proc\u00e9dures de s\u00e9curit\u00e9.<\/li>\n<\/ul>\n<p><strong>Certification : <\/strong><\/p>\n<ul>\n<li>Habilitation \u00e9lectrique<\/li>\n<li>CACES serait un plus.<\/li>\n<\/ul>\n<p><strong>Permis de conduire :<\/strong><\/p>\n<ul>\n<li>Permis B requis.<\/li>\n<\/ul>\n<p>[\/vc_column_text][vc_column_text css=\u00a0\u00bb\u00a0\u00bb]<\/p>\n<h3>Conditions &amp; Avantages<\/h3>\n<ul>\n<li>Type d&#8217;emploi : CDI<\/li>\n<\/ul>\n<ul>\n<li>Salaire pour 35h par semaine : \u00e0 partir de 2 350,00\u20ac brut par mois<strong> (n\u00e9gociable selon profil et exp\u00e9rience).<br \/>\n<\/strong><\/li>\n<\/ul>\n<ul>\n<li>Horaires : 39 heures par semaine (35h + 4h suppl\u00e9mentaires major\u00e9s), soit 168h par mois. Travail de journ\u00e9e entre 7h30 et 18h00 du lundi au vendredi).<\/li>\n<\/ul>\n<ul>\n<li>Avantages CSE (ch\u00e8ques cadeaux, tarifs pr\u00e9f\u00e9rentiels&#8230;).<\/li>\n<\/ul>\n<ul>\n<li>Mutuelle<\/li>\n<\/ul>\n<ul>\n<li>Entreprise engage\u0301e pour une Qualite\u0301 de Vie et des Conditions de Travail (QVCT).<\/li>\n<\/ul>\n<p style=\"font-weight: 400;\"><em>Selon votre profil et vos aspirations, ce poste offre de r\u00e9elles perspectives d\u2019\u00e9volution au sein de la soci\u00e9t\u00e9. Vous int\u00e9grerez un environnement de travail propre, s\u00e9curis\u00e9 et structur\u00e9, favorisant de bonnes conditions d\u2019exercice.<\/em><\/p>\n<p>[\/vc_column_text][\/vc_column_inner][vc_column_inner][\/vc_column_inner][\/vc_row_inner][vc_empty_space height=\u00a0\u00bb50px\u00a0\u00bb][\/vc_column][\/vc_row][vc_row full_width=\u00a0\u00bbstretch_row\u00a0\u00bb css=\u00a0\u00bb.vc_custom_1752152136182{background-color: #1952C2 !important;}\u00a0\u00bb el_class=\u00a0\u00bbfond-bleu\u00a0\u00bb][vc_column][vc_empty_space height=\u00a0\u00bb30&Prime;][vc_column_text css=\u00a0\u00bb\u00a0\u00bb]<\/p>\n<div class=\"page\" title=\"Page 2\">\n<div class=\"section\">\n<div class=\"layoutArea\">\n<div class=\"column\">\n<h2 style=\"text-align: center;\">Envie d\u2019un nouveau de\u0301fi dans une entreprise innovante et dynamique ?<\/h2>\n<\/div>\n<\/div>\n<\/div>\n<\/div>\n<p>[\/vc_column_text][vc_btn title=\u00a0\u00bbPostuler\u00a0\u00bb align=\u00a0\u00bbcenter\u00a0\u00bb css=\u00a0\u00bb.vc_custom_1752152206558{background-color: #1952C2 !important;}\u00a0\u00bb link=\u00a0\u00bburl:https%3A%2F%2Fwww.selenium.studiovitamine.link%2Ffr%2Fcontact%2F%3Fwpf1092_4%3DContacter%2520les%2520ressources%2520humaines%2520%2528candidatures%252C%2520offres%2520d%25E2%2580%2599emplois%25E2%2580%25A6%2529|target:_blank\u00a0\u00bb][vc_empty_space height=\u00a0\u00bb30&Prime;][\/vc_column][\/vc_row][vc_row el_class=\u00a0\u00bbsharebuttons\u00a0\u00bb][vc_column][vc_separator color=\u00a0\u00bbcustom\u00a0\u00bb css=\u00a0\u00bb\u00a0\u00bb accent_color=\u00a0\u00bb#0A2B6D\u00a0\u00bb][vc_btn title=\u00a0\u00bbT\u00e9l\u00e9charger l&rsquo;offre\u00a0\u00bb size=\u00a0\u00bbxs\u00a0\u00bb css=\u00a0\u00bb\u00a0\u00bb link=\u00a0\u00bburl:https%3A%2F%2Fwww.selenium-medical.com%2Fwp-content%2Fuploads%2F2026%2F04%2FOffre-demploi-Technicienne-de-Maintenance.pdf\u00a0\u00bb][vc_separator color=\u00a0\u00bbcustom\u00a0\u00bb css=\u00a0\u00bb\u00a0\u00bb accent_color=\u00a0\u00bb#0A2B6D\u00a0\u00bb][vc_column_text css=\u00a0\u00bb\u00a0\u00bb]<\/p>\n<h3>Partager : <div class=\"addtoany_shortcode\"><div class=\"a2a_kit a2a_kit_size_ addtoany_list\" data-a2a-url=\"https:\/\/www.selenium-medical.com\/fr\/offre-demploi-technicienne-de-maintenance\/\" data-a2a-title=\"Offre d\u2019emploi : Technicien(ne) de Maintenance\"><a class=\"a2a_button_email\" href=\"https:\/\/www.addtoany.com\/add_to\/email?linkurl=https%3A%2F%2Fwww.selenium-medical.com%2Ffr%2Foffre-demploi-technicienne-de-maintenance%2F&amp;linkname=Offre%20d%E2%80%99emploi%20%3A%20Technicien%28ne%29%20de%20Maintenance\" title=\"Email\" rel=\"nofollow noopener\" target=\"_blank\"><img decoding=\"async\" src=\"https:\/\/www.selenium-medical.com\/sharemedia\/email.svg\" alt=\"Email\"><\/a><a class=\"a2a_button_facebook\" href=\"https:\/\/www.addtoany.com\/add_to\/facebook?linkurl=https%3A%2F%2Fwww.selenium-medical.com%2Ffr%2Foffre-demploi-technicienne-de-maintenance%2F&amp;linkname=Offre%20d%E2%80%99emploi%20%3A%20Technicien%28ne%29%20de%20Maintenance\" title=\"Facebook\" rel=\"nofollow noopener\" target=\"_blank\"><img decoding=\"async\" src=\"https:\/\/www.selenium-medical.com\/sharemedia\/facebook.svg\" alt=\"Facebook\"><\/a><a class=\"a2a_button_linkedin\" href=\"https:\/\/www.addtoany.com\/add_to\/linkedin?linkurl=https%3A%2F%2Fwww.selenium-medical.com%2Ffr%2Foffre-demploi-technicienne-de-maintenance%2F&amp;linkname=Offre%20d%E2%80%99emploi%20%3A%20Technicien%28ne%29%20de%20Maintenance\" title=\"LinkedIn\" rel=\"nofollow noopener\" target=\"_blank\"><img decoding=\"async\" src=\"https:\/\/www.selenium-medical.com\/sharemedia\/linkedin.svg\" alt=\"LinkedIn\"><\/a><\/div><\/div><\/h3>\n<p>[\/vc_column_text][\/vc_column][\/vc_row]<\/p>\n<\/div>","protected":false},"excerpt":{"rendered":"<p>[vc_row full_width=\u00a0\u00bbstretch_row\u00a0\u00bb css=\u00a0\u00bb.vc_custom_1747736944851{background-color: #FFFFFF00 !important;}\u00a0\u00bb el_class=\u00a0\u00bbrangee-icones\u00a0\u00bb][vc_column][vc_empty_space height=\u00a0\u00bb50px\u00a0\u00bb][vc_column_text css=\u00a0\u00bb\u00a0\u00bb] Rejoignez l&rsquo;aventure Selenium Medical &nbsp; Une entreprise dynamique \u00e0 dimension internationale, tourn\u00e9e vers l&rsquo;innovation et l&rsquo;excellence industrielle ! [\/vc_column_text][vc_empty_space][vc_row_inner el_class=\u00a0\u00bbrangee-icones\u00a0\u00bb css=\u00a0\u00bb.vc_custom_1740393022859{background-color: #FFFFFF00 !important;}\u00a0\u00bb][vc_column_inner width=\u00a0\u00bb1\/12&Prime; css=\u00a0\u00bb.vc_custom_1738745320897{padding-right: 0px !important;}\u00a0\u00bb][vc_single_image image=\u00a0\u00bb6920&Prime; img_size=\u00a0\u00bb24&#215;24&Prime; alignment=\u00a0\u00bbright\u00a0\u00bb css=\u00a0\u00bb\u00a0\u00bb][\/vc_column_inner][vc_column_inner width=\u00a0\u00bb5\/12&Prime;][vc_column_text css=\u00a0\u00bb\u00a0\u00bb]Une entreprise sous-traitante innovante au service des fabricants de dispositifs m\u00e9dicaux\u00a0[\/vc_column_text][\/vc_column_inner][vc_column_inner width=\u00a0\u00bb1\/12&Prime; css=\u00a0\u00bb.vc_custom_1738745327550{padding-right: 0px !important;}\u00a0\u00bb][vc_single_image [&hellip;]<\/p>\n","protected":false},"author":2,"featured_media":0,"parent":0,"menu_order":0,"comment_status":"closed","ping_status":"closed","template":"","meta":{"_acf_changed":false,"inline_featured_image":false,"footnotes":""},"class_list":["post-7179","page","type-page","status-publish","hentry"],"acf":[],"yoast_head":"<!-- This site is optimized with the Yoast SEO plugin v27.4 - https:\/\/yoast.com\/product\/yoast-seo-wordpress\/ -->\n<title>Offre d\u2019emploi : Technicien(ne) de Maintenance - Selenium Medical<\/title>\n<meta name=\"robots\" content=\"index, follow, max-snippet:-1, max-image-preview:large, max-video-preview:-1\" \/>\n<link rel=\"canonical\" href=\"https:\/\/www.selenium-medical.com\/fr\/offre-demploi-technicienne-de-maintenance\/\" \/>\n<meta property=\"og:locale\" content=\"fr_FR\" \/>\n<meta property=\"og:type\" content=\"article\" \/>\n<meta property=\"og:title\" content=\"Offre d\u2019emploi : Technicien(ne) de Maintenance - Selenium Medical\" \/>\n<meta property=\"og:description\" content=\"[vc_row full_width=\u00a0\u00bbstretch_row\u00a0\u00bb css=\u00a0\u00bb.vc_custom_1747736944851{background-color: #FFFFFF00 !important;}\u00a0\u00bb el_class=\u00a0\u00bbrangee-icones\u00a0\u00bb][vc_column][vc_empty_space height=\u00a0\u00bb50px\u00a0\u00bb][vc_column_text css=\u00a0\u00bb\u00a0\u00bb] Rejoignez l&rsquo;aventure Selenium Medical &nbsp; Une entreprise dynamique \u00e0 dimension internationale, tourn\u00e9e vers l&rsquo;innovation et l&rsquo;excellence industrielle ! [\/vc_column_text][vc_empty_space][vc_row_inner el_class=\u00a0\u00bbrangee-icones\u00a0\u00bb css=\u00a0\u00bb.vc_custom_1740393022859{background-color: #FFFFFF00 !important;}\u00a0\u00bb][vc_column_inner width=\u00a0\u00bb1\/12&Prime; css=\u00a0\u00bb.vc_custom_1738745320897{padding-right: 0px !important;}\u00a0\u00bb][vc_single_image image=\u00a0\u00bb6920&Prime; img_size=\u00a0\u00bb24&#215;24&Prime; alignment=\u00a0\u00bbright\u00a0\u00bb css=\u00a0\u00bb\u00a0\u00bb][\/vc_column_inner][vc_column_inner width=\u00a0\u00bb5\/12&Prime;][vc_column_text css=\u00a0\u00bb\u00a0\u00bb]Une entreprise sous-traitante innovante au service des fabricants de dispositifs m\u00e9dicaux\u00a0[\/vc_column_text][\/vc_column_inner][vc_column_inner width=\u00a0\u00bb1\/12&Prime; css=\u00a0\u00bb.vc_custom_1738745327550{padding-right: 0px !important;}\u00a0\u00bb][vc_single_image [&hellip;]\" \/>\n<meta property=\"og:url\" content=\"https:\/\/www.selenium-medical.com\/fr\/offre-demploi-technicienne-de-maintenance\/\" \/>\n<meta property=\"og:site_name\" content=\"Selenium Medical\" \/>\n<meta property=\"article:modified_time\" content=\"2026-04-23T10:18:05+00:00\" \/>\n<meta name=\"twitter:card\" content=\"summary_large_image\" \/>\n<meta name=\"twitter:label1\" content=\"Dur\u00e9e de lecture estim\u00e9e\" \/>\n\t<meta name=\"twitter:data1\" content=\"5 minutes\" \/>\n<script type=\"application\/ld+json\" class=\"yoast-schema-graph\">{\"@context\":\"https:\\\/\\\/schema.org\",\"@graph\":[{\"@type\":\"WebPage\",\"@id\":\"https:\\\/\\\/www.selenium-medical.com\\\/fr\\\/offre-demploi-technicienne-de-maintenance\\\/\",\"url\":\"https:\\\/\\\/www.selenium-medical.com\\\/fr\\\/offre-demploi-technicienne-de-maintenance\\\/\",\"name\":\"Offre d\u2019emploi : Technicien(ne) de Maintenance - Selenium Medical\",\"isPartOf\":{\"@id\":\"https:\\\/\\\/www.selenium-medical.com\\\/fr\\\/#website\"},\"datePublished\":\"2025-09-09T09:30:22+00:00\",\"dateModified\":\"2026-04-23T10:18:05+00:00\",\"breadcrumb\":{\"@id\":\"https:\\\/\\\/www.selenium-medical.com\\\/fr\\\/offre-demploi-technicienne-de-maintenance\\\/#breadcrumb\"},\"inLanguage\":\"fr-FR\",\"potentialAction\":[{\"@type\":\"ReadAction\",\"target\":[\"https:\\\/\\\/www.selenium-medical.com\\\/fr\\\/offre-demploi-technicienne-de-maintenance\\\/\"]}]},{\"@type\":\"BreadcrumbList\",\"@id\":\"https:\\\/\\\/www.selenium-medical.com\\\/fr\\\/offre-demploi-technicienne-de-maintenance\\\/#breadcrumb\",\"itemListElement\":[{\"@type\":\"ListItem\",\"position\":1,\"name\":\"Accueil\",\"item\":\"https:\\\/\\\/www.selenium-medical.com\\\/fr\\\/\"},{\"@type\":\"ListItem\",\"position\":2,\"name\":\"Offre d\u2019emploi : Technicien(ne) de Maintenance\"}]},{\"@type\":\"WebSite\",\"@id\":\"https:\\\/\\\/www.selenium-medical.com\\\/fr\\\/#website\",\"url\":\"https:\\\/\\\/www.selenium-medical.com\\\/fr\\\/\",\"name\":\"Selenium Medical\",\"description\":\"\",\"potentialAction\":[{\"@type\":\"SearchAction\",\"target\":{\"@type\":\"EntryPoint\",\"urlTemplate\":\"https:\\\/\\\/www.selenium-medical.com\\\/fr\\\/?s={search_term_string}\"},\"query-input\":{\"@type\":\"PropertyValueSpecification\",\"valueRequired\":true,\"valueName\":\"search_term_string\"}}],\"inLanguage\":\"fr-FR\"}]}<\/script>\n<!-- \/ Yoast SEO plugin. -->","yoast_head_json":{"title":"Offre d\u2019emploi : Technicien(ne) de Maintenance - Selenium Medical","robots":{"index":"index","follow":"follow","max-snippet":"max-snippet:-1","max-image-preview":"max-image-preview:large","max-video-preview":"max-video-preview:-1"},"canonical":"https:\/\/www.selenium-medical.com\/fr\/offre-demploi-technicienne-de-maintenance\/","og_locale":"fr_FR","og_type":"article","og_title":"Offre d\u2019emploi : Technicien(ne) de Maintenance - Selenium Medical","og_description":"[vc_row full_width=\u00a0\u00bbstretch_row\u00a0\u00bb css=\u00a0\u00bb.vc_custom_1747736944851{background-color: #FFFFFF00 !important;}\u00a0\u00bb el_class=\u00a0\u00bbrangee-icones\u00a0\u00bb][vc_column][vc_empty_space height=\u00a0\u00bb50px\u00a0\u00bb][vc_column_text css=\u00a0\u00bb\u00a0\u00bb] Rejoignez l&rsquo;aventure Selenium Medical &nbsp; Une entreprise dynamique \u00e0 dimension internationale, tourn\u00e9e vers l&rsquo;innovation et l&rsquo;excellence industrielle ! [\/vc_column_text][vc_empty_space][vc_row_inner el_class=\u00a0\u00bbrangee-icones\u00a0\u00bb css=\u00a0\u00bb.vc_custom_1740393022859{background-color: #FFFFFF00 !important;}\u00a0\u00bb][vc_column_inner width=\u00a0\u00bb1\/12&Prime; css=\u00a0\u00bb.vc_custom_1738745320897{padding-right: 0px !important;}\u00a0\u00bb][vc_single_image image=\u00a0\u00bb6920&Prime; img_size=\u00a0\u00bb24&#215;24&Prime; alignment=\u00a0\u00bbright\u00a0\u00bb css=\u00a0\u00bb\u00a0\u00bb][\/vc_column_inner][vc_column_inner width=\u00a0\u00bb5\/12&Prime;][vc_column_text css=\u00a0\u00bb\u00a0\u00bb]Une entreprise sous-traitante innovante au service des fabricants de dispositifs m\u00e9dicaux\u00a0[\/vc_column_text][\/vc_column_inner][vc_column_inner width=\u00a0\u00bb1\/12&Prime; css=\u00a0\u00bb.vc_custom_1738745327550{padding-right: 0px !important;}\u00a0\u00bb][vc_single_image [&hellip;]","og_url":"https:\/\/www.selenium-medical.com\/fr\/offre-demploi-technicienne-de-maintenance\/","og_site_name":"Selenium Medical","article_modified_time":"2026-04-23T10:18:05+00:00","twitter_card":"summary_large_image","twitter_misc":{"Dur\u00e9e de lecture estim\u00e9e":"5 minutes"},"schema":{"@context":"https:\/\/schema.org","@graph":[{"@type":"WebPage","@id":"https:\/\/www.selenium-medical.com\/fr\/offre-demploi-technicienne-de-maintenance\/","url":"https:\/\/www.selenium-medical.com\/fr\/offre-demploi-technicienne-de-maintenance\/","name":"Offre d\u2019emploi : Technicien(ne) de Maintenance - Selenium Medical","isPartOf":{"@id":"https:\/\/www.selenium-medical.com\/fr\/#website"},"datePublished":"2025-09-09T09:30:22+00:00","dateModified":"2026-04-23T10:18:05+00:00","breadcrumb":{"@id":"https:\/\/www.selenium-medical.com\/fr\/offre-demploi-technicienne-de-maintenance\/#breadcrumb"},"inLanguage":"fr-FR","potentialAction":[{"@type":"ReadAction","target":["https:\/\/www.selenium-medical.com\/fr\/offre-demploi-technicienne-de-maintenance\/"]}]},{"@type":"BreadcrumbList","@id":"https:\/\/www.selenium-medical.com\/fr\/offre-demploi-technicienne-de-maintenance\/#breadcrumb","itemListElement":[{"@type":"ListItem","position":1,"name":"Accueil","item":"https:\/\/www.selenium-medical.com\/fr\/"},{"@type":"ListItem","position":2,"name":"Offre d\u2019emploi : Technicien(ne) de Maintenance"}]},{"@type":"WebSite","@id":"https:\/\/www.selenium-medical.com\/fr\/#website","url":"https:\/\/www.selenium-medical.com\/fr\/","name":"Selenium Medical","description":"","potentialAction":[{"@type":"SearchAction","target":{"@type":"EntryPoint","urlTemplate":"https:\/\/www.selenium-medical.com\/fr\/?s={search_term_string}"},"query-input":{"@type":"PropertyValueSpecification","valueRequired":true,"valueName":"search_term_string"}}],"inLanguage":"fr-FR"}]}},"_links":{"self":[{"href":"https:\/\/www.selenium-medical.com\/fr\/wp-json\/wp\/v2\/pages\/7179","targetHints":{"allow":["GET"]}}],"collection":[{"href":"https:\/\/www.selenium-medical.com\/fr\/wp-json\/wp\/v2\/pages"}],"about":[{"href":"https:\/\/www.selenium-medical.com\/fr\/wp-json\/wp\/v2\/types\/page"}],"author":[{"embeddable":true,"href":"https:\/\/www.selenium-medical.com\/fr\/wp-json\/wp\/v2\/users\/2"}],"replies":[{"embeddable":true,"href":"https:\/\/www.selenium-medical.com\/fr\/wp-json\/wp\/v2\/comments?post=7179"}],"version-history":[{"count":10,"href":"https:\/\/www.selenium-medical.com\/fr\/wp-json\/wp\/v2\/pages\/7179\/revisions"}],"predecessor-version":[{"id":8115,"href":"https:\/\/www.selenium-medical.com\/fr\/wp-json\/wp\/v2\/pages\/7179\/revisions\/8115"}],"wp:attachment":[{"href":"https:\/\/www.selenium-medical.com\/fr\/wp-json\/wp\/v2\/media?parent=7179"}],"curies":[{"name":"wp","href":"https:\/\/api.w.org\/{rel}","templated":true}]}}