{"id":789,"date":"2025-02-11T09:51:59","date_gmt":"2025-02-11T09:51:59","guid":{"rendered":"https:\/\/www.selenium.studiovitamine.link\/?page_id=789"},"modified":"2025-06-19T14:36:06","modified_gmt":"2025-06-19T13:36:06","slug":"robotique","status":"publish","type":"page","link":"https:\/\/www.selenium-medical.com\/fr\/les-marches\/robotique\/","title":{"rendered":"Robotique"},"content":{"rendered":"<div class=\"wpb-content-wrapper\"><p>[vc_row][vc_column][vc_empty_space][vc_column_text css=\u00a0\u00bb\u00a0\u00bb]<\/p>\n<h2 style=\"text-align: center;\">Nos m\u00e9tiers pour le domaine de la robotique<\/h2>\n<p style=\"text-align: center;\">Une expertise compl\u00e8te pour votre projet.<\/p>\n<p>[\/vc_column_text][\/vc_column][\/vc_row][vc_row gap=\u00a0\u00bb15&Prime; el_class=\u00a0\u00bbcard-blanche metiers\u00a0\u00bb][vc_column width=\u00a0\u00bb1\/2&Prime; el_class=\u00a0\u00bbsurfacetreatment\u00a0\u00bb][vc_single_image image=\u00a0\u00bb94&Prime; img_size=\u00a0\u00bblarge\u00a0\u00bb style=\u00a0\u00bbvc_box_rounded\u00a0\u00bb onclick=\u00a0\u00bbcustom_link\u00a0\u00bb css=\u00a0\u00bb\u00a0\u00bb link=\u00a0\u00bb\/fr\/metiers\/surface-traitement\/\u00a0\u00bb][vc_column_text css=\u00a0\u00bb\u00a0\u00bb]<\/p>\n<h3>Traitement de Surface<\/h3>\n<p>Traitement de surface et marquage laser des dispositifs m\u00e9dicaux.[\/vc_column_text][vc_btn title=\u00a0\u00bbD\u00e9couvrir\u00a0\u00bb css=\u00a0\u00bb\u00a0\u00bb link=\u00a0\u00bburl:https%3A%2F%2Fwww.selenium-medical.com%2Ffr%2Fmetiers%2Ftraitement-de-surface%2F|title:Surface%20Traitement\u00a0\u00bb][\/vc_column][vc_column width=\u00a0\u00bb1\/2&Prime; el_class=\u00a0\u00bbpackaging\u00a0\u00bb][vc_single_image image=\u00a0\u00bb89&Prime; img_size=\u00a0\u00bblarge\u00a0\u00bb style=\u00a0\u00bbvc_box_rounded\u00a0\u00bb onclick=\u00a0\u00bbcustom_link\u00a0\u00bb css=\u00a0\u00bb\u00a0\u00bb link=\u00a0\u00bb\/fr\/metiers\/conditionnement-sterile\/\u00a0\u00bb][vc_column_text css=\u00a0\u00bb\u00a0\u00bb]<\/p>\n<h3>Conditionnement st\u00e9rile<\/h3>\n<p>Nettoyage, assemblage, emballage des dispositifs m\u00e9dicaux en environnement ISO 7.[\/vc_column_text][vc_btn title=\u00a0\u00bbD\u00e9couvrir\u00a0\u00bb css=\u00a0\u00bb\u00a0\u00bb link=\u00a0\u00bburl:https%3A%2F%2Fwww.selenium-medical.com%2Ffr%2Fmetiers%2Fconditionnement-sterile%2F|title:Conditionnement%20st%C3%A9rile\u00a0\u00bb][\/vc_column][\/vc_row][vc_row gap=\u00a0\u00bb15&Prime; el_class=\u00a0\u00bbcard-blanche metiers\u00a0\u00bb][vc_column width=\u00a0\u00bb1\/2&Prime; el_class=\u00a0\u00bbinjection\u00a0\u00bb][vc_single_image image=\u00a0\u00bb84&Prime; img_size=\u00a0\u00bblarge\u00a0\u00bb style=\u00a0\u00bbvc_box_rounded\u00a0\u00bb onclick=\u00a0\u00bbcustom_link\u00a0\u00bb css=\u00a0\u00bb\u00a0\u00bb link=\u00a0\u00bb\/fr\/metiers\/injection-plastique\/\u00a0\u00bb][vc_column_text css=\u00a0\u00bb\u00a0\u00bb]<\/p>\n<h3>Injection plastique en environnement propre<\/h3>\n<p>Fabrication, assemblage et emballage des dispositifs m\u00e9dicaux en environnement ISO 7.[\/vc_column_text][vc_btn title=\u00a0\u00bbD\u00e9couvrir\u00a0\u00bb css=\u00a0\u00bb\u00a0\u00bb link=\u00a0\u00bburl:https%3A%2F%2Fwww.selenium-medical.com%2Ffr%2Fmetiers%2Finjection-plastique%2F|title:Injection%20plastique\u00a0\u00bb][\/vc_column][vc_column width=\u00a0\u00bb1\/2&Prime;][vc_single_image image=\u00a0\u00bb79&Prime; img_size=\u00a0\u00bblarge\u00a0\u00bb style=\u00a0\u00bbvc_box_rounded\u00a0\u00bb onclick=\u00a0\u00bbcustom_link\u00a0\u00bb css=\u00a0\u00bb\u00a0\u00bb link=\u00a0\u00bb\/fr\/metiers\/conseils-et-affa\u2026s-reglementaires\/\u00a0\u00bb][vc_column_text css=\u00a0\u00bb\u00a0\u00bb]<\/p>\n<h3>Conseils et Tests en<br \/>\nlaboratoire<\/h3>\n<p>Accompagnement du d\u00e9veloppement \u00e0 la certification des dispositifs m\u00e9dicaux.[\/vc_column_text][vc_btn title=\u00a0\u00bbD\u00e9couvrir\u00a0\u00bb css=\u00a0\u00bb\u00a0\u00bb link=\u00a0\u00bburl:https%3A%2F%2Fwww.selenium-medical.com%2Ffr%2Fmetiers%2Fconseils-tests-en-laboratoire%2F|title:Conseils%20%26%20tests%20en%20laboratoire\u00a0\u00bb][\/vc_column][\/vc_row][vc_row gap=\u00a0\u00bb15&Prime; disable_element=\u00a0\u00bbyes\u00a0\u00bb el_class=\u00a0\u00bbcard-blanche metiers card-3&Prime;][vc_column width=\u00a0\u00bb1\/3&Prime; el_class=\u00a0\u00bbinjection\u00a0\u00bb][vc_single_image image=\u00a0\u00bb84&Prime; img_size=\u00a0\u00bblarge\u00a0\u00bb style=\u00a0\u00bbvc_box_rounded\u00a0\u00bb onclick=\u00a0\u00bbcustom_link\u00a0\u00bb css=\u00a0\u00bb\u00a0\u00bb link=\u00a0\u00bb\/fr\/metiers\/injection-plastique\/\u00a0\u00bb][vc_column_text css=\u00a0\u00bb\u00a0\u00bb]<\/p>\n<h3>Injection plastique en environnement propre<\/h3>\n<p>Fabrication, assemblage et emballage des dispositifs m\u00e9dicaux en environnement ISO 7.[\/vc_column_text][vc_btn title=\u00a0\u00bbD\u00e9couvrir\u00a0\u00bb css=\u00a0\u00bb\u00a0\u00bb link=\u00a0\u00bburl:https%3A%2F%2Fwww.selenium-medical.com%2Ffr%2Fmetiers%2Finjection-plastique%2F|title:Injection%20plastique\u00a0\u00bb][\/vc_column][vc_column width=\u00a0\u00bb1\/3&Prime;][vc_single_image image=\u00a0\u00bb79&Prime; img_size=\u00a0\u00bblarge\u00a0\u00bb style=\u00a0\u00bbvc_box_rounded\u00a0\u00bb onclick=\u00a0\u00bbcustom_link\u00a0\u00bb css=\u00a0\u00bb\u00a0\u00bb link=\u00a0\u00bb\/fr\/metiers\/conseils-et-affa\u2026s-reglementaires\/\u00a0\u00bb][vc_column_text css=\u00a0\u00bb\u00a0\u00bb]<\/p>\n<h3>Conseils et Tests en laboratoire<\/h3>\n<p>Accompagnement du d\u00e9veloppement \u00e0 la certification des dispositifs m\u00e9dicaux.[\/vc_column_text][vc_btn title=\u00a0\u00bbD\u00e9couvrir\u00a0\u00bb css=\u00a0\u00bb\u00a0\u00bb link=\u00a0\u00bburl:https%3A%2F%2Fwww.selenium-medical.com%2Ffr%2Fmetiers%2Fconseils-tests-en-laboratoire%2F|title:Conseils%20%26%20tests%20en%20laboratoire\u00a0\u00bb][\/vc_column][vc_column width=\u00a0\u00bb1\/3&Prime;][vc_single_image image=\u00a0\u00bb89&Prime; img_size=\u00a0\u00bblarge\u00a0\u00bb style=\u00a0\u00bbvc_box_rounded\u00a0\u00bb onclick=\u00a0\u00bbcustom_link\u00a0\u00bb css=\u00a0\u00bb\u00a0\u00bb link=\u00a0\u00bb\/fr\/metiers\/conditionnement-sterile\/\u00a0\u00bb][vc_column_text css=\u00a0\u00bb\u00a0\u00bb]<\/p>\n<h3>Conditionnement st\u00e9rile<\/h3>\n<p>Nettoyage, assemblage, emballage des dispositifs m\u00e9dicaux en environnement ISO 7.[\/vc_column_text][vc_btn title=\u00a0\u00bbD\u00e9couvrir\u00a0\u00bb css=\u00a0\u00bb\u00a0\u00bb link=\u00a0\u00bburl:https%3A%2F%2Fwww.selenium-medical.com%2Ffr%2Fmetiers%2Fconditionnement-sterile%2F|title:Conditionnement%20st%C3%A9rile\u00a0\u00bb][\/vc_column][\/vc_row][vc_row][vc_column][vc_empty_space height=\u00a0\u00bb50px\u00a0\u00bb][vc_btn title=\u00a0\u00bbD\u00e9couvrir tous nos m\u00e9tiers\u00a0\u00bb align=\u00a0\u00bbcenter\u00a0\u00bb css=\u00a0\u00bb\u00a0\u00bb link=\u00a0\u00bburl:https%3A%2F%2Fwww.selenium-medical.com%2Ffr%2Fmetiers%2F|title:Les%20m%C3%A9tiers\u00a0\u00bb][vc_empty_space height=\u00a0\u00bb50px\u00a0\u00bb][\/vc_column][\/vc_row][vc_row full_width=\u00a0\u00bbstretch_row\u00a0\u00bb css=\u00a0\u00bb.vc_custom_1738678145248{background-color: #FFFFFF !important;}\u00a0\u00bb][vc_column][vc_empty_space height=\u00a0\u00bb50px\u00a0\u00bb][vc_column_text css=\u00a0\u00bb\u00a0\u00bb]<\/p>\n<h2 style=\"text-align: center;\">Nos certifications<\/h2>\n<p style=\"text-align: center;\">Tous nos processus sont certifi\u00e9s et enregistr\u00e9s pour garantir la qualit\u00e9 de vos dispositifs m\u00e9dicaux.<\/p>\n<p>[\/vc_column_text][vc_empty_space height=\u00a0\u00bb20px\u00a0\u00bb][vc_row_inner el_class=\u00a0\u00bbrond-blanc\u00a0\u00bb][vc_column_inner width=\u00a0\u00bb1\/12&Prime; offset=\u00a0\u00bbvc_hidden-sm vc_hidden-xs\u00a0\u00bb][\/vc_column_inner][vc_column_inner width=\u00a0\u00bb3\/12&Prime;][vc_single_image image=\u00a0\u00bb5044&Prime; img_size=\u00a0\u00bb180&#215;180&Prime; alignment=\u00a0\u00bbcenter\u00a0\u00bb css=\u00a0\u00bb\u00a0\u00bb][\/vc_column_inner][vc_column_inner width=\u00a0\u00bb4\/12&Prime;][vc_single_image image=\u00a0\u00bb5029&Prime; img_size=\u00a0\u00bb180&#215;180&Prime; alignment=\u00a0\u00bbcenter\u00a0\u00bb css=\u00a0\u00bb\u00a0\u00bb][\/vc_column_inner][vc_column_inner width=\u00a0\u00bb3\/12&Prime;][vc_single_image image=\u00a0\u00bb125&Prime; img_size=\u00a0\u00bb180&#215;180&Prime; alignment=\u00a0\u00bbcenter\u00a0\u00bb css=\u00a0\u00bb\u00a0\u00bb][\/vc_column_inner][vc_column_inner width=\u00a0\u00bb1\/12&Prime; offset=\u00a0\u00bbvc_hidden-sm vc_hidden-xs\u00a0\u00bb][\/vc_column_inner][\/vc_row_inner][vc_empty_space height=\u00a0\u00bb20px\u00a0\u00bb][vc_btn title=\u00a0\u00bbVoir notre politique qualit\u00e9\u00a0\u00bb align=\u00a0\u00bbcenter\u00a0\u00bb css=\u00a0\u00bb\u00a0\u00bb link=\u00a0\u00bburl:https%3A%2F%2Fwww.selenium-medical.com%2Ffr%2Fnotre-entreprise%2Fqualite%2F|title:Qualit%C3%A9&Prime;][vc_empty_space height=\u00a0\u00bb50px\u00a0\u00bb][\/vc_column][\/vc_row][vc_row][vc_column][vc_empty_space][vc_column_text css=\u00a0\u00bb\u00a0\u00bb]<\/p>\n<h2 style=\"text-align: center;\">Notre produit pour le domaine de la robotique<\/h2>\n<p style=\"text-align: center;\">L&rsquo;innovation \u00e9tant au c\u0153ur de notre ADN, nous avons d\u00e9velopp\u00e9 des solutions uniques<br \/>\npour optimiser la protection et la performance des dispositifs m\u00e9dicaux.<\/p>\n<p>[\/vc_column_text][\/vc_column][\/vc_row][vc_row gap=\u00a0\u00bb25&Prime; equal_height=\u00a0\u00bbyes\u00a0\u00bb el_class=\u00a0\u00bbcard-blanche produits-packaging\u00a0\u00bb][vc_column width=\u00a0\u00bb1\/6&Prime; offset=\u00a0\u00bbvc_hidden-sm vc_hidden-xs\u00a0\u00bb][\/vc_column][vc_column width=\u00a0\u00bb2\/6&Prime;][vc_single_image image=\u00a0\u00bb5096&Prime; img_size=\u00a0\u00bbmedium\u00a0\u00bb css=\u00a0\u00bb\u00a0\u00bb el_class=\u00a0\u00bblogo-innovation\u00a0\u00bb][vc_empty_space height=\u00a0\u00bb40px\u00a0\u00bb][vc_column_text css=\u00a0\u00bb\u00a0\u00bb]<\/p>\n<h3><span style=\"color: #0a2b6d;\">BLISTER<\/span><br \/>\n<span style=\"color: #ffa013;\">DOUBLE BARRI\u00c8RE<\/span><\/h3>\n<p>[\/vc_column_text][vc_btn title=\u00a0\u00bbD\u00e9couvrir notre produit\u00a0\u00bb style=\u00a0\u00bbflat\u00a0\u00bb css=\u00a0\u00bb\u00a0\u00bb link=\u00a0\u00bburl:https%3A%2F%2Fwww.selenium-medical.com%2Ffr%2Fles-innovations%2Fsobliss%2F|title:SoBliss%20%C2%AE\u00a0\u00bb][vc_empty_space height=\u00a0\u00bb20px\u00a0\u00bb][\/vc_column][vc_column width=\u00a0\u00bb2\/6&Prime; el_class=\u00a0\u00bbno-shadow video-full-height\u00a0\u00bb][vc_raw_html css=\u00a0\u00bb\u00a0\u00bb]JTNDdmlkZW8lMjB3aWR0aCUzRCUyMjEwMCUyNSUyMiUyMGF1dG9wbGF5JTIwbG9vcCUyMG11dGVkJTIwcGxheXNpbmxpbmUlMjBjbGFzcyUzRCUyMnZpZGVvLWJsYW5jaGUlMjIlM0UlMEElMjAlMjAlM0Nzb3VyY2UlMjBzcmMlM0QlMjJodHRwcyUzQSUyRiUyRnd3dy5zZWxlbml1bS5zdHVkaW92aXRhbWluZS5saW5rJTJGd3AtY29udGVudCUyRnVwbG9hZHMlMkYyMDI1JTJGMDIlMkZTb0JsaXNzLm1wNCUyMiUyMHR5cGUlM0QlMjJ2aWRlbyUyRm1wNCUyMiUzRSUwQSUyMCUyMFRvbiUyMG5hdmlnYXRldXIlMjBuZSUyMHN1cHBvcnRlJTIwcGFzJTIwbGElMjB2aWQlQzMlQTlvLiUwQSUzQyUyRnZpZGVvJTNFJTBB[\/vc_raw_html][\/vc_column][vc_column width=\u00a0\u00bb1\/6&Prime; offset=\u00a0\u00bbvc_hidden-sm vc_hidden-xs\u00a0\u00bb][\/vc_column][\/vc_row][vc_row disable_element=\u00a0\u00bbyes\u00a0\u00bb][vc_column][vc_empty_space height=\u00a0\u00bb100px\u00a0\u00bb][\/vc_column][\/vc_row][vc_row content_placement=\u00a0\u00bbmiddle\u00a0\u00bb disable_element=\u00a0\u00bbyes\u00a0\u00bb el_class=\u00a0\u00bbactu-lesaviezvous\u00a0\u00bb][vc_column width=\u00a0\u00bb3\/6&Prime;][vc_column_text css=\u00a0\u00bb\u00a0\u00bb el_class=\u00a0\u00bbtitre-trait\u00a0\u00bb]<\/p>\n<h2>Nos actualit\u00e9s<\/h2>\n<p>[\/vc_column_text][vc_column_text css=\u00a0\u00bb\u00a0\u00bb][\/vc_column_text][\/vc_column][vc_column width=\u00a0\u00bb1\/6&Prime; el_class=\u00a0\u00bbquote\u00a0\u00bb][\/vc_column][vc_column width=\u00a0\u00bb2\/6&Prime; el_class=\u00a0\u00bbquote\u00a0\u00bb][vc_column_text css=\u00a0\u00bb\u00a0\u00bb]<\/p>\n<h2>Le saviez-vous ?<\/h2>\n<p>Selon l&rsquo;Organisation mondiale de la sant\u00e9, environ\u00a03,5 milliards de personnes\u00a0dans le monde souffrent de troubles bucco-dentaires, les caries dentaires et les maladies parodontales \u00e9tant les plus courantes.[\/vc_column_text][\/vc_column][\/vc_row][vc_row][vc_column][vc_empty_space height=\u00a0\u00bb100&Prime;][\/vc_column][\/vc_row][vc_row css=\u00a0\u00bb.vc_custom_1738751367647{background-image: url(https:\/\/www.selenium-medical.com\/wp-content\/uploads\/2025\/02\/background-decouvrez.png?id=633) !important;}\u00a0\u00bb el_class=\u00a0\u00bbdiscover-more\u00a0\u00bb][vc_column][vc_column_text css=\u00a0\u00bb\u00a0\u00bb]<\/p>\n<h2 style=\"text-align: center;\">D\u00e9couvrez nos march\u00e9s<\/h2>\n<p style=\"font-weight: 400; text-align: center;\">Exclusivement d\u00e9di\u00e9s au secteur de la sant\u00e9, notre expertise technique et nos comp\u00e9tences approfondies<br \/>\ndans le domaine m\u00e9dical, nous permettent de servir diff\u00e9rents march\u00e9s.<\/p>\n<p>[\/vc_column_text][vc_btn title=\u00a0\u00bbVoir nos march\u00e9s\u00a0\u00bb align=\u00a0\u00bbcenter\u00a0\u00bb css=\u00a0\u00bb\u00a0\u00bb link=\u00a0\u00bburl:https%3A%2F%2Fwww.selenium-medical.com%2Ffr%2Fles-marches%2F|title:Les%20march%C3%A9s\u00a0\u00bb][\/vc_column][\/vc_row][vc_row][vc_column][vc_empty_space height=\u00a0\u00bb30&Prime;][\/vc_column][\/vc_row][vc_row full_width=\u00a0\u00bbstretch_row\u00a0\u00bb content_placement=\u00a0\u00bbmiddle\u00a0\u00bb css=\u00a0\u00bb.vc_custom_1739349931434{background-color: #1952C2 !important;}\u00a0\u00bb el_class=\u00a0\u00bbfond-bleu collab\u00a0\u00bb][vc_column width=\u00a0\u00bb1\/2&Prime;][vc_column_text css=\u00a0\u00bb\u00a0\u00bb]<\/p>\n<h2>Ensemble, \u00e9tudions votre projet<\/h2>\n<p>Faites-nous part de vos d\u00e9fis, nous sommes l\u00e0 pour vous accompagner.[\/vc_column_text][\/vc_column][vc_column width=\u00a0\u00bb1\/2&Prime;][vc_btn title=\u00a0\u00bbNous contacter\u00a0\u00bb align=\u00a0\u00bbright\u00a0\u00bb css=\u00a0\u00bb\u00a0\u00bb link=\u00a0\u00bburl:%2Ffr%2Fcontact%2F\u00a0\u00bb][\/vc_column][\/vc_row]<\/p>\n<\/div>","protected":false},"excerpt":{"rendered":"<p>[vc_row][vc_column][vc_empty_space][vc_column_text css=\u00a0\u00bb\u00a0\u00bb] Nos m\u00e9tiers pour le domaine de la robotique Une expertise compl\u00e8te pour votre projet. [\/vc_column_text][\/vc_column][\/vc_row][vc_row gap=\u00a0\u00bb15&Prime; el_class=\u00a0\u00bbcard-blanche metiers\u00a0\u00bb][vc_column width=\u00a0\u00bb1\/2&Prime; el_class=\u00a0\u00bbsurfacetreatment\u00a0\u00bb][vc_single_image image=\u00a0\u00bb94&Prime; img_size=\u00a0\u00bblarge\u00a0\u00bb style=\u00a0\u00bbvc_box_rounded\u00a0\u00bb onclick=\u00a0\u00bbcustom_link\u00a0\u00bb css=\u00a0\u00bb\u00a0\u00bb link=\u00a0\u00bb\/fr\/metiers\/surface-traitement\/\u00a0\u00bb][vc_column_text css=\u00a0\u00bb\u00a0\u00bb] Traitement de Surface Traitement de surface et marquage laser des dispositifs m\u00e9dicaux.[\/vc_column_text][vc_btn title=\u00a0\u00bbD\u00e9couvrir\u00a0\u00bb css=\u00a0\u00bb\u00a0\u00bb link=\u00a0\u00bburl:https%3A%2F%2Fwww.selenium-medical.com%2Ffr%2Fmetiers%2Ftraitement-de-surface%2F|title:Surface%20Traitement\u00a0\u00bb][\/vc_column][vc_column width=\u00a0\u00bb1\/2&Prime; el_class=\u00a0\u00bbpackaging\u00a0\u00bb][vc_single_image image=\u00a0\u00bb89&Prime; img_size=\u00a0\u00bblarge\u00a0\u00bb style=\u00a0\u00bbvc_box_rounded\u00a0\u00bb onclick=\u00a0\u00bbcustom_link\u00a0\u00bb css=\u00a0\u00bb\u00a0\u00bb link=\u00a0\u00bb\/fr\/metiers\/conditionnement-sterile\/\u00a0\u00bb][vc_column_text css=\u00a0\u00bb\u00a0\u00bb] Conditionnement st\u00e9rile [&hellip;]<\/p>\n","protected":false},"author":1,"featured_media":389,"parent":366,"menu_order":0,"comment_status":"closed","ping_status":"closed","template":"","meta":{"_acf_changed":false,"inline_featured_image":false,"footnotes":""},"class_list":["post-789","page","type-page","status-publish","has-post-thumbnail","hentry"],"acf":[],"yoast_head":"<!-- This site is optimized with the Yoast SEO plugin v27.4 - https:\/\/yoast.com\/product\/yoast-seo-wordpress\/ -->\n<title>Sous-traitance dispositifs m\u00e9dicaux pour chirurgie robotique - Selenium Medical<\/title>\n<meta name=\"description\" content=\"Sous-traitant robotique m\u00e9dicale : expertise en sous-traitance fabrication de pi\u00e8ces pour des solutions robotiques m\u00e9dicales.\" \/>\n<meta name=\"robots\" content=\"index, follow, max-snippet:-1, max-image-preview:large, max-video-preview:-1\" \/>\n<link rel=\"canonical\" href=\"https:\/\/www.selenium-medical.com\/fr\/les-marches\/robotique\/\" \/>\n<meta property=\"og:locale\" content=\"fr_FR\" \/>\n<meta property=\"og:type\" content=\"article\" \/>\n<meta property=\"og:title\" content=\"Sous-traitance dispositifs m\u00e9dicaux pour chirurgie robotique - Selenium Medical\" \/>\n<meta property=\"og:description\" content=\"Sous-traitant robotique m\u00e9dicale : expertise en sous-traitance fabrication de pi\u00e8ces pour des solutions robotiques m\u00e9dicales.\" \/>\n<meta property=\"og:url\" content=\"https:\/\/www.selenium-medical.com\/fr\/les-marches\/robotique\/\" \/>\n<meta property=\"og:site_name\" content=\"Selenium Medical\" \/>\n<meta property=\"article:modified_time\" content=\"2025-06-19T13:36:06+00:00\" \/>\n<meta property=\"og:image\" content=\"https:\/\/www.selenium-medical.com\/wp-content\/uploads\/2025\/02\/robotique.png\" \/>\n\t<meta property=\"og:image:width\" content=\"771\" \/>\n\t<meta property=\"og:image:height\" content=\"398\" \/>\n\t<meta property=\"og:image:type\" content=\"image\/png\" \/>\n<meta name=\"twitter:card\" content=\"summary_large_image\" \/>\n<meta name=\"twitter:label1\" content=\"Dur\u00e9e de lecture estim\u00e9e\" \/>\n\t<meta name=\"twitter:data1\" content=\"3 minutes\" \/>\n<script type=\"application\/ld+json\" class=\"yoast-schema-graph\">{\"@context\":\"https:\\\/\\\/schema.org\",\"@graph\":[{\"@type\":\"WebPage\",\"@id\":\"https:\\\/\\\/www.selenium-medical.com\\\/fr\\\/les-marches\\\/robotique\\\/\",\"url\":\"https:\\\/\\\/www.selenium-medical.com\\\/fr\\\/les-marches\\\/robotique\\\/\",\"name\":\"Sous-traitance dispositifs m\u00e9dicaux pour chirurgie robotique - Selenium Medical\",\"isPartOf\":{\"@id\":\"https:\\\/\\\/www.selenium-medical.com\\\/fr\\\/#website\"},\"primaryImageOfPage\":{\"@id\":\"https:\\\/\\\/www.selenium-medical.com\\\/fr\\\/les-marches\\\/robotique\\\/#primaryimage\"},\"image\":{\"@id\":\"https:\\\/\\\/www.selenium-medical.com\\\/fr\\\/les-marches\\\/robotique\\\/#primaryimage\"},\"thumbnailUrl\":\"https:\\\/\\\/www.selenium-medical.com\\\/wp-content\\\/uploads\\\/2025\\\/02\\\/robotique.png\",\"datePublished\":\"2025-02-11T09:51:59+00:00\",\"dateModified\":\"2025-06-19T13:36:06+00:00\",\"description\":\"Sous-traitant robotique m\u00e9dicale : expertise en sous-traitance fabrication de pi\u00e8ces pour des solutions robotiques m\u00e9dicales.\",\"breadcrumb\":{\"@id\":\"https:\\\/\\\/www.selenium-medical.com\\\/fr\\\/les-marches\\\/robotique\\\/#breadcrumb\"},\"inLanguage\":\"fr-FR\",\"potentialAction\":[{\"@type\":\"ReadAction\",\"target\":[\"https:\\\/\\\/www.selenium-medical.com\\\/fr\\\/les-marches\\\/robotique\\\/\"]}]},{\"@type\":\"ImageObject\",\"inLanguage\":\"fr-FR\",\"@id\":\"https:\\\/\\\/www.selenium-medical.com\\\/fr\\\/les-marches\\\/robotique\\\/#primaryimage\",\"url\":\"https:\\\/\\\/www.selenium-medical.com\\\/wp-content\\\/uploads\\\/2025\\\/02\\\/robotique.png\",\"contentUrl\":\"https:\\\/\\\/www.selenium-medical.com\\\/wp-content\\\/uploads\\\/2025\\\/02\\\/robotique.png\",\"width\":771,\"height\":398},{\"@type\":\"BreadcrumbList\",\"@id\":\"https:\\\/\\\/www.selenium-medical.com\\\/fr\\\/les-marches\\\/robotique\\\/#breadcrumb\",\"itemListElement\":[{\"@type\":\"ListItem\",\"position\":1,\"name\":\"Accueil\",\"item\":\"https:\\\/\\\/www.selenium-medical.com\\\/fr\\\/\"},{\"@type\":\"ListItem\",\"position\":2,\"name\":\"Les march\u00e9s\",\"item\":\"https:\\\/\\\/www.selenium-medical.com\\\/fr\\\/les-marches\\\/\"},{\"@type\":\"ListItem\",\"position\":3,\"name\":\"Robotique\"}]},{\"@type\":\"WebSite\",\"@id\":\"https:\\\/\\\/www.selenium-medical.com\\\/fr\\\/#website\",\"url\":\"https:\\\/\\\/www.selenium-medical.com\\\/fr\\\/\",\"name\":\"Selenium Medical\",\"description\":\"\",\"potentialAction\":[{\"@type\":\"SearchAction\",\"target\":{\"@type\":\"EntryPoint\",\"urlTemplate\":\"https:\\\/\\\/www.selenium-medical.com\\\/fr\\\/?s={search_term_string}\"},\"query-input\":{\"@type\":\"PropertyValueSpecification\",\"valueRequired\":true,\"valueName\":\"search_term_string\"}}],\"inLanguage\":\"fr-FR\"}]}<\/script>\n<!-- \/ Yoast SEO plugin. -->","yoast_head_json":{"title":"Sous-traitance dispositifs m\u00e9dicaux pour chirurgie robotique - Selenium Medical","description":"Sous-traitant robotique m\u00e9dicale : expertise en sous-traitance fabrication de pi\u00e8ces pour des solutions robotiques m\u00e9dicales.","robots":{"index":"index","follow":"follow","max-snippet":"max-snippet:-1","max-image-preview":"max-image-preview:large","max-video-preview":"max-video-preview:-1"},"canonical":"https:\/\/www.selenium-medical.com\/fr\/les-marches\/robotique\/","og_locale":"fr_FR","og_type":"article","og_title":"Sous-traitance dispositifs m\u00e9dicaux pour chirurgie robotique - Selenium Medical","og_description":"Sous-traitant robotique m\u00e9dicale : expertise en sous-traitance fabrication de pi\u00e8ces pour des solutions robotiques m\u00e9dicales.","og_url":"https:\/\/www.selenium-medical.com\/fr\/les-marches\/robotique\/","og_site_name":"Selenium Medical","article_modified_time":"2025-06-19T13:36:06+00:00","og_image":[{"width":771,"height":398,"url":"https:\/\/www.selenium-medical.com\/wp-content\/uploads\/2025\/02\/robotique.png","type":"image\/png"}],"twitter_card":"summary_large_image","twitter_misc":{"Dur\u00e9e de lecture estim\u00e9e":"3 minutes"},"schema":{"@context":"https:\/\/schema.org","@graph":[{"@type":"WebPage","@id":"https:\/\/www.selenium-medical.com\/fr\/les-marches\/robotique\/","url":"https:\/\/www.selenium-medical.com\/fr\/les-marches\/robotique\/","name":"Sous-traitance dispositifs m\u00e9dicaux pour chirurgie robotique - Selenium Medical","isPartOf":{"@id":"https:\/\/www.selenium-medical.com\/fr\/#website"},"primaryImageOfPage":{"@id":"https:\/\/www.selenium-medical.com\/fr\/les-marches\/robotique\/#primaryimage"},"image":{"@id":"https:\/\/www.selenium-medical.com\/fr\/les-marches\/robotique\/#primaryimage"},"thumbnailUrl":"https:\/\/www.selenium-medical.com\/wp-content\/uploads\/2025\/02\/robotique.png","datePublished":"2025-02-11T09:51:59+00:00","dateModified":"2025-06-19T13:36:06+00:00","description":"Sous-traitant robotique m\u00e9dicale : expertise en sous-traitance fabrication de pi\u00e8ces pour des solutions robotiques m\u00e9dicales.","breadcrumb":{"@id":"https:\/\/www.selenium-medical.com\/fr\/les-marches\/robotique\/#breadcrumb"},"inLanguage":"fr-FR","potentialAction":[{"@type":"ReadAction","target":["https:\/\/www.selenium-medical.com\/fr\/les-marches\/robotique\/"]}]},{"@type":"ImageObject","inLanguage":"fr-FR","@id":"https:\/\/www.selenium-medical.com\/fr\/les-marches\/robotique\/#primaryimage","url":"https:\/\/www.selenium-medical.com\/wp-content\/uploads\/2025\/02\/robotique.png","contentUrl":"https:\/\/www.selenium-medical.com\/wp-content\/uploads\/2025\/02\/robotique.png","width":771,"height":398},{"@type":"BreadcrumbList","@id":"https:\/\/www.selenium-medical.com\/fr\/les-marches\/robotique\/#breadcrumb","itemListElement":[{"@type":"ListItem","position":1,"name":"Accueil","item":"https:\/\/www.selenium-medical.com\/fr\/"},{"@type":"ListItem","position":2,"name":"Les march\u00e9s","item":"https:\/\/www.selenium-medical.com\/fr\/les-marches\/"},{"@type":"ListItem","position":3,"name":"Robotique"}]},{"@type":"WebSite","@id":"https:\/\/www.selenium-medical.com\/fr\/#website","url":"https:\/\/www.selenium-medical.com\/fr\/","name":"Selenium Medical","description":"","potentialAction":[{"@type":"SearchAction","target":{"@type":"EntryPoint","urlTemplate":"https:\/\/www.selenium-medical.com\/fr\/?s={search_term_string}"},"query-input":{"@type":"PropertyValueSpecification","valueRequired":true,"valueName":"search_term_string"}}],"inLanguage":"fr-FR"}]}},"_links":{"self":[{"href":"https:\/\/www.selenium-medical.com\/fr\/wp-json\/wp\/v2\/pages\/789","targetHints":{"allow":["GET"]}}],"collection":[{"href":"https:\/\/www.selenium-medical.com\/fr\/wp-json\/wp\/v2\/pages"}],"about":[{"href":"https:\/\/www.selenium-medical.com\/fr\/wp-json\/wp\/v2\/types\/page"}],"author":[{"embeddable":true,"href":"https:\/\/www.selenium-medical.com\/fr\/wp-json\/wp\/v2\/users\/1"}],"replies":[{"embeddable":true,"href":"https:\/\/www.selenium-medical.com\/fr\/wp-json\/wp\/v2\/comments?post=789"}],"version-history":[{"count":24,"href":"https:\/\/www.selenium-medical.com\/fr\/wp-json\/wp\/v2\/pages\/789\/revisions"}],"predecessor-version":[{"id":6099,"href":"https:\/\/www.selenium-medical.com\/fr\/wp-json\/wp\/v2\/pages\/789\/revisions\/6099"}],"up":[{"embeddable":true,"href":"https:\/\/www.selenium-medical.com\/fr\/wp-json\/wp\/v2\/pages\/366"}],"wp:featuredmedia":[{"embeddable":true,"href":"https:\/\/www.selenium-medical.com\/fr\/wp-json\/wp\/v2\/media\/389"}],"wp:attachment":[{"href":"https:\/\/www.selenium-medical.com\/fr\/wp-json\/wp\/v2\/media?parent=789"}],"curies":[{"name":"wp","href":"https:\/\/api.w.org\/{rel}","templated":true}]}}